{"id":18,"date":"2020-05-18T11:03:13","date_gmt":"2020-05-18T14:03:13","guid":{"rendered":"http:\/\/izzo.com.br\/TEMPSITES\/neutrik\/?page_id=18"},"modified":"2020-07-01T11:48:18","modified_gmt":"2020-07-01T14:48:18","slug":"home","status":"publish","type":"page","link":"https:\/\/site.izzo.com.br\/neutrik\/","title":{"rendered":"Home"},"content":{"rendered":"\n\t<section class=\"section\" id=\"section_1209221079\">\n\t\t<div class=\"bg section-bg fill bg-fill  bg-loaded\" >\n\n\t\t\t\n\t\t\t\n\t\t\t\n\n\t\t<\/div>\n\n\t\t<div class=\"section-content relative\">\n\t\t\t\n\n<div class=\"slider-wrapper relative\" id=\"slider-800295711\" style=\"background-color:rgb(0, 153, 130);\">\n    <div class=\"slider slider-nav-circle slider-nav-large slider-nav-light slider-style-normal\"\n        data-flickity-options='{\n            \"cellAlign\": \"center\",\n            \"imagesLoaded\": true,\n            \"lazyLoad\": 1,\n            \"freeScroll\": false,\n            \"wrapAround\": true,\n            \"autoPlay\": 6000,\n            \"pauseAutoPlayOnHover\" : true,\n            \"prevNextButtons\": true,\n            \"contain\" : true,\n            \"adaptiveHeight\" : true,\n            \"dragThreshold\" : 10,\n            \"percentPosition\": true,\n            \"pageDots\": true,\n            \"rightToLeft\": false,\n            \"draggable\": true,\n            \"selectedAttraction\": 0.1,\n            \"parallax\" : 0,\n            \"friction\": 0.6        }'\n        >\n        \n\n\n  <div class=\"banner has-hover\" id=\"banner-1367431136\">\n          <div class=\"banner-inner fill\">\n        <div class=\"banner-bg fill\" >\n            <div class=\"bg fill bg-fill \"><\/div>\n                                    \n                    <\/div>\n        <div class=\"banner-layers container\">\n            <div class=\"fill banner-link\"><\/div>            \n\n   <div id=\"text-box-1904785728\" class=\"text-box banner-layer x50 md-x50 lg-x50 y85 md-y85 lg-y85 res-text\">\n                                <div class=\"text dark\">\n              \n\t<div class=\"is-border\"\n\t\tstyle=\"border-width:0px 0px 0px 0px;\">\n\t<\/div>\n              <div class=\"text-inner text-center\">\n                  \n\n<a href=\"https:\/\/site.izzo.com.br\/neutrik-na-izzo\/\" target=\"_self\" class=\"button primary\"  >\n    <span>SAIBA MAIS<\/span>\n  <\/a>\n\n\n\n              <\/div>\n           <\/div>\n                            \n<style scope=\"scope\">\n\n#text-box-1904785728 .text {\n  background-color: rgba(47, 47, 47, 0);\n  font-size: 100%;\n}\n#text-box-1904785728 .text-inner {\n  padding: 20px 20px 20px 20px;\n}\n#text-box-1904785728 {\n  width: 60%;\n}\n\n\n@media (min-width:550px) {\n\n  #text-box-1904785728 {\n    width: 27%;\n  }\n\n}\n<\/style>\n    <\/div>\n \n\n        <\/div>\n      <\/div>\n\n            \n<style scope=\"scope\">\n\n#banner-1367431136 {\n  padding-top: 50%;\n}\n#banner-1367431136 .bg.bg-loaded {\n  background-image: url(https:\/\/site.izzo.com.br\/neutrik\/wp-content\/uploads\/2020\/07\/Prancheta-1-80-2.jpg);\n}\n#banner-1367431136 .bg {\n  background-position: 51% 46%;\n}\n<\/style>\n  <\/div>\n\n\n\n  <div class=\"banner has-hover\" id=\"banner-417000407\">\n          <div class=\"banner-inner fill\">\n        <div class=\"banner-bg fill\" >\n            <div class=\"bg fill bg-fill \"><\/div>\n                        <div class=\"overlay\"><\/div>            \n                    <\/div>\n        <div class=\"banner-layers container\">\n            <div class=\"fill banner-link\"><\/div>            \n\n   <div id=\"text-box-890345189\" class=\"text-box banner-layer x100 md-x100 lg-x100 y20 md-y20 lg-y20 res-text\">\n                                <div class=\"text \">\n              \n\t<div class=\"is-border\"\n\t\tstyle=\"border-width:0px 0px 0px 0px;\">\n\t<\/div>\n              <div class=\"text-inner text-right\">\n                  \n\n<h2 class=\"headline-five\" data-test=\"page-title\"><span style=\"color: #ffffff; font-size: 140%;\"><strong>NC3FXX<\/strong><\/span><\/h2>\n<p><span style=\"color: #ffffff;\">A pr\u00f3xima gera\u00e7\u00e3o do padr\u00e3o mundialmente aceito de conectores de cabo XLR. O sucessor da s\u00e9rie X oferece v\u00e1rios novos recursos que o tornam mais confi\u00e1vel, f\u00e1cil de montar e aprimora a integridade do contato, al\u00e9m de aliviar a tens\u00e3o do cabo.<\/span><\/p>\n<a class=\"button primary\"  >\n    <span>CONHE\u00c7A A LINHA<\/span>\n  <\/a>\n\n\n\n              <\/div>\n           <\/div>\n                            \n<style scope=\"scope\">\n\n#text-box-890345189 .text {\n  background-color: rgba(0, 0, 0, 0.52);\n  font-size: 100%;\n}\n#text-box-890345189 .text-inner {\n  padding: 20px 20px 20px 20px;\n}\n#text-box-890345189 {\n  width: 60%;\n}\n\n\n@media (min-width:550px) {\n\n  #text-box-890345189 {\n    width: 35%;\n  }\n\n}\n<\/style>\n    <\/div>\n \n\n        <\/div>\n      <\/div>\n\n            \n<style scope=\"scope\">\n\n#banner-417000407 {\n  padding-top: 50%;\n}\n#banner-417000407 .bg.bg-loaded {\n  background-image: url(https:\/\/site.izzo.com.br\/neutrik\/wp-content\/uploads\/2020\/06\/nc3fxx.jpg);\n}\n#banner-417000407 .overlay {\n  background-color: rgba(0, 0, 0, 0);\n}\n#banner-417000407 .bg {\n  background-position: 38% 100%;\n}\n<\/style>\n  <\/div>\n\n\n\n  <div class=\"banner has-hover\" id=\"banner-45843764\">\n          <div class=\"banner-inner fill\">\n        <div class=\"banner-bg fill\" >\n            <div class=\"bg fill bg-fill \"><\/div>\n                        <div class=\"overlay\"><\/div>            \n                    <\/div>\n        <div class=\"banner-layers container\">\n            <div class=\"fill banner-link\"><\/div>            \n\n   <div id=\"text-box-1203036873\" class=\"text-box banner-layer x50 md-x50 lg-x50 y15 md-y15 lg-y15 res-text\">\n                                <div class=\"text dark\">\n              \n              <div class=\"text-inner text-center\">\n                  \n\n<h2 class=\"uppercase\">TECNOLOGIA INOVADORA<\/h2>\n<p>A Neutrik proporciona \u00e0 ind\u00fastria de \u00e1udio profissional um conceito simples, por\u00e9m impressionante, nos recursos de conectores.<\/p>\n<a class=\"button primary\"  >\n    <span>SAIBA MAIS<\/span>\n  <\/a>\n\n\n\n              <\/div>\n           <\/div>\n                            \n<style scope=\"scope\">\n\n#text-box-1203036873 {\n  width: 60%;\n}\n#text-box-1203036873 .text {\n  font-size: 100%;\n}\n\n\n@media (min-width:550px) {\n\n  #text-box-1203036873 {\n    width: 62%;\n  }\n\n}\n<\/style>\n    <\/div>\n \n\n        <\/div>\n      <\/div>\n\n            \n<style scope=\"scope\">\n\n#banner-45843764 {\n  padding-top: 50%;\n}\n#banner-45843764 .bg.bg-loaded {\n  background-image: url(https:\/\/site.izzo.com.br\/neutrik\/wp-content\/uploads\/2020\/05\/banner01.jpg);\n}\n#banner-45843764 .overlay {\n  background-color: rgba(0, 0, 0, 0);\n}\n#banner-45843764 .bg {\n  background-position: 53% 94%;\n}\n<\/style>\n  <\/div>\n\n\n\n  <div class=\"banner has-hover\" id=\"banner-190766007\">\n          <div class=\"banner-inner fill\">\n        <div class=\"banner-bg fill\" >\n            <div class=\"bg fill bg-fill \"><\/div>\n                        <div class=\"overlay\"><\/div>            \n                    <\/div>\n        <div class=\"banner-layers container\">\n            <div class=\"fill banner-link\"><\/div>            \n\n   <div id=\"text-box-1265010976\" class=\"text-box banner-layer x50 md-x50 lg-x50 y90 md-y90 lg-y90 res-text\">\n                                <div class=\"text dark\">\n              \n\t<div class=\"is-border\"\n\t\tstyle=\"border-width:0px 0px 0px 0px;\">\n\t<\/div>\n              <div class=\"text-inner text-center\">\n                  \n\n<h2 class=\"uppercase\" style=\"text-align: center;\">Estabelecendo padr\u00f5es<\/h2>\n<h3 style=\"text-align: center;\">desde 1975<\/h3>\n<p style=\"text-align: center;\">Nossas Inova\u00e7\u00f5es s\u00e3o baseadas na soma da experi\u00eancia a longo prazo.<\/p>\n<a class=\"button primary\"  >\n    <span>SAIBA MAIS<\/span>\n  <\/a>\n\n\n\n              <\/div>\n           <\/div>\n                            \n<style scope=\"scope\">\n\n#text-box-1265010976 .text {\n  background-color: rgba(47, 47, 47, 0);\n  font-size: 100%;\n}\n#text-box-1265010976 .text-inner {\n  padding: 20px 20px 20px 20px;\n}\n#text-box-1265010976 {\n  width: 60%;\n}\n\n\n@media (min-width:550px) {\n\n  #text-box-1265010976 {\n    width: 66%;\n  }\n\n}\n<\/style>\n    <\/div>\n \n\n        <\/div>\n      <\/div>\n\n            \n<style scope=\"scope\">\n\n#banner-190766007 {\n  padding-top: 50%;\n}\n#banner-190766007 .bg.bg-loaded {\n  background-image: url(https:\/\/site.izzo.com.br\/neutrik\/wp-content\/uploads\/2020\/05\/banner02.jpg);\n}\n#banner-190766007 .overlay {\n  background-color: rgba(0, 0, 0, 0.4);\n}\n#banner-190766007 .bg {\n  background-position: 49% 45%;\n}\n<\/style>\n  <\/div>\n\n\n\n     <\/div>\n\n     <div class=\"loading-spin dark large centered\"><\/div>\n\n     <style scope=\"scope\">\n             <\/style>\n<\/div>\n\n\n\n\t\t<\/div>\n\n\t\t\n<style scope=\"scope\">\n\n#section_1209221079 {\n  padding-top: 0px;\n  padding-bottom: 0px;\n}\n<\/style>\n\t<\/section>\n\t\n\t<section class=\"section\" id=\"section_2134259230\">\n\t\t<div class=\"bg section-bg fill bg-fill  bg-loaded\" >\n\n\t\t\t\n\t\t\t\n\t\t\t\n\n\t\t<\/div>\n\n\t\t<div class=\"section-content relative\">\n\t\t\t\n\n<div class=\"container section-title-container\" ><h3 class=\"section-title section-title-center\"><b><\/b><span class=\"section-title-main\" style=\"font-size:135%;\">vantagens neutrik<\/span><b><\/b><\/h3><\/div>\n\n\t<div id=\"gap-83329258\" class=\"gap-element clearfix\" style=\"display:block; height:auto;\">\n\t\t\n<style scope=\"scope\">\n\n#gap-83329258 {\n  padding-top: 40px;\n}\n<\/style>\n\t<\/div>\n\t\n\n<div class=\"row row-large align-center\"  id=\"row-1621486224\">\n\n\n\t<div class=\"col medium-6 small-12 large-6\"  >\n\t\t<div class=\"col-inner\" style=\"margin:0px 0px 20px 0px;\" >\n\t\t\t\n\t\t\t\n\n\n\t\t<div class=\"icon-box featured-box icon-box-left text-left\"  >\n\t\t\t\t\t<div class=\"icon-box-img\" style=\"width: 40px\">\n\t\t\t\t<div class=\"icon\">\n\t\t\t\t\t<div class=\"icon-inner\" style=\"color:rgb(0, 153, 130);\">\n\t\t\t\t\t\t<svg xmlns=\"http:\/\/www.w3.org\/2000\/svg\" width=\"24\" height=\"24\" viewBox=\"0 0 24 24\"><path d=\"M14 19h-4c-.276 0-.5.224-.5.5s.224.5.5.5h4c.276 0 .5-.224.5-.5s-.224-.5-.5-.5zm0 2h-4c-.276 0-.5.224-.5.5s.224.5.5.5h4c.276 0 .5-.224.5-.5s-.224-.5-.5-.5zm.25 2h-4.5l1.188.782c.154.138.38.218.615.218h.895c.234 0 .461-.08.615-.218l1.187-.782zm3.75-13.799c0 3.569-3.214 5.983-3.214 8.799h-5.572c0-2.816-3.214-5.23-3.214-8.799 0-3.723 2.998-5.772 5.997-5.772 3.001 0 6.003 2.051 6.003 5.772zm4-.691v1.372h-2.538c.02-.223.038-.448.038-.681 0-.237-.017-.464-.035-.69h2.535zm-10.648-6.553v-1.957h1.371v1.964c-.242-.022-.484-.035-.726-.035-.215 0-.43.01-.645.028zm-3.743 1.294l-1.04-1.94 1.208-.648 1.037 1.933c-.418.181-.822.401-1.205.655zm10.586 1.735l1.942-1.394.799 1.115-2.054 1.473c-.191-.43-.423-.827-.687-1.194zm-3.01-2.389l1.038-1.934 1.208.648-1.041 1.941c-.382-.254-.786-.473-1.205-.655zm-10.068 3.583l-2.054-1.472.799-1.115 1.942 1.393c-.264.366-.495.763-.687 1.194zm13.707 6.223l2.354.954-.514 1.271-2.425-.982c.21-.397.408-.812.585-1.243zm-13.108 1.155l-2.356 1.06-.562-1.251 2.34-1.052c.173.433.371.845.578 1.243zm-1.178-3.676h-2.538v-1.372h2.535c-.018.226-.035.454-.035.691 0 .233.018.458.038.681z\"\/><\/svg>\t\t\t\t\t<\/div>\n\t\t\t\t<\/div>\n\t\t\t<\/div>\n\t\t\t\t<div class=\"icon-box-text last-reset\">\n\t\t\t\t\t\t\t\t\t\n\n<h3>Inova\u00e7\u00e3o<\/h3>\n<p>O uso de tecnologias inteligentes, materiais de \u00faltima gera\u00e7\u00e3o e processos padronizados s\u00e3o uma tradi\u00e7\u00e3o na Neutrik..<\/p>\n\n\t\t<\/div>\n\t<\/div>\n\t\n\t\n\n\t\t<\/div>\n\t<\/div>\n\n\t\n\n\t<div class=\"col medium-6 small-12 large-6\"  >\n\t\t<div class=\"col-inner\" style=\"margin:0px 0px 20px 0px;\" >\n\t\t\t\n\t\t\t\n\n\n\t\t<div class=\"icon-box featured-box icon-box-left text-left\"  >\n\t\t\t\t\t<div class=\"icon-box-img\" style=\"width: 40px\">\n\t\t\t\t<div class=\"icon\">\n\t\t\t\t\t<div class=\"icon-inner\" style=\"color:rgb(0, 153, 130);\">\n\t\t\t\t\t\t<svg xmlns=\"http:\/\/www.w3.org\/2000\/svg\" width=\"24\" height=\"24\" viewBox=\"0 0 24 24\"><path d=\"M15.787 7.531c-5.107 2.785-12.72 9.177-15.787 15.469h2.939c.819-2.021 2.522-4.536 3.851-5.902 8.386 3.747 17.21-2.775 17.21-11.343 0-1.535-.302-3.136-.92-4.755-2.347 3.119-5.647 1.052-10.851 1.625-7.657.844-11.162 6.797-8.764 11.54 3.506-3.415 9.523-6.38 12.322-6.634z\"\/><\/svg>\t\t\t\t\t<\/div>\n\t\t\t\t<\/div>\n\t\t\t<\/div>\n\t\t\t\t<div class=\"icon-box-text last-reset\">\n\t\t\t\t\t\t\t\t\t\n\n<h3>Sustentabilidade<\/h3>\n<p>Em um mundo em r\u00e1pida evolu\u00e7\u00e3o, a Neutrik se concentra em conceitos sustent\u00e1veis, relacionamentos de longo prazo e confian\u00e7a.<\/p>\n\n\t\t<\/div>\n\t<\/div>\n\t\n\t\n\n\t\t<\/div>\n\t<\/div>\n\n\t\n\n\t<div class=\"col medium-6 small-12 large-6\"  >\n\t\t<div class=\"col-inner\" style=\"margin:0px 0px 20px 0px;\" >\n\t\t\t\n\t\t\t\n\n\n\t\t<div class=\"icon-box featured-box icon-box-left text-left\"  >\n\t\t\t\t\t<div class=\"icon-box-img\" style=\"width: 40px\">\n\t\t\t\t<div class=\"icon\">\n\t\t\t\t\t<div class=\"icon-inner\" style=\"color:rgb(0, 153, 130);\">\n\t\t\t\t\t\t<svg xmlns=\"http:\/\/www.w3.org\/2000\/svg\" width=\"24\" height=\"24\" viewBox=\"0 0 24 24\"><path d=\"M7 24h-6v-6h6v6zm8-9h-6v9h6v-9zm8-4h-6v13h6v-13zm0-11l-6 1.221 1.716 1.708-6.85 6.733-3.001-3.002-7.841 7.797 1.41 1.418 6.427-6.39 2.991 2.993 8.28-8.137 1.667 1.66 1.201-6.001z\"\/><\/svg>\t\t\t\t\t<\/div>\n\t\t\t\t<\/div>\n\t\t\t<\/div>\n\t\t\t\t<div class=\"icon-box-text last-reset\">\n\t\t\t\t\t\t\t\t\t\n\n<h3>Experi\u00eancia<\/h3>\n<p>A Neutrik investe tempo, know-how e toda a sua paix\u00e3o em produtos inovadores e solu\u00e7\u00f5es exclusivas.<\/p>\n\n\t\t<\/div>\n\t<\/div>\n\t\n\t\n\n\t\t<\/div>\n\t<\/div>\n\n\t\n\n\t<div class=\"col medium-6 small-12 large-6\"  >\n\t\t<div class=\"col-inner\" style=\"margin:0px 0px 20px 0px;\" >\n\t\t\t\n\t\t\t\n\n\n\t\t<div class=\"icon-box featured-box icon-box-left text-left\"  >\n\t\t\t\t\t<div class=\"icon-box-img\" style=\"width: 40px\">\n\t\t\t\t<div class=\"icon\">\n\t\t\t\t\t<div class=\"icon-inner\" style=\"color:rgb(0, 153, 130);\">\n\t\t\t\t\t\t<svg xmlns=\"http:\/\/www.w3.org\/2000\/svg\" width=\"24\" height=\"24\" viewBox=\"0 0 24 24\"><path d=\"M11.383 15.941l-3.758 8.059-.967-2.658-2.658.968 3.517-7.541c.678.216 1.137.162 1.849.162.744.513 1.072.844 2.017 1.01zm3.252-1.009c-.738.506-1.049.831-1.994 1.004l3.759 8.064.967-2.658 2.633.968-3.495-7.549c-.686.222-1.146.171-1.87.171zm-2.635-11.932c-2.205 0-4 1.795-4 4s1.795 4 4 4c2.206 0 4-1.794 4-4s-1.794-4-4-4zm6.926 5.278c.051.146.074.296.074.445 0 .449-.222.883-.615 1.156-1.256.87-1.09.651-1.562 2.067-.198.591-.77.99-1.414.99h-.004c-1.549-.005-1.279-.088-2.528.789-.262.183-.569.275-.877.275s-.615-.092-.876-.275c-1.249-.878-.98-.794-2.528-.789h-.004c-.645 0-1.216-.399-1.413-.99-.473-1.417-.311-1.198-1.562-2.067-.395-.274-.617-.708-.617-1.157 0-.148.024-.298.074-.444.483-1.411.484-1.139 0-2.555-.05-.147-.074-.297-.074-.445 0-.45.222-.883.616-1.157 1.251-.868 1.089-.648 1.562-2.067.197-.591.769-.99 1.413-.99h.004c1.545.005 1.271.095 2.528-.79.262-.182.569-.274.877-.274s.615.091.876.274c1.249.878.98.795 2.528.79h.004c.645 0 1.216.399 1.414.99.473 1.416.307 1.197 1.562 2.067.394.274.616.707.616 1.156 0 .148-.023.299-.074.445-.483 1.411-.485 1.139 0 2.556zm-1.926-1.278c0-2.761-2.238-5-5-5-2.761 0-5 2.239-5 5s2.239 5 5 5c2.762 0 5-2.238 5-5z\"\/><\/svg>\t\t\t\t\t<\/div>\n\t\t\t\t<\/div>\n\t\t\t<\/div>\n\t\t\t\t<div class=\"icon-box-text last-reset\">\n\t\t\t\t\t\t\t\t\t\n\n<h3>Qualidade<\/h3>\n<p>Funcion\u00e1rios altamente capacitados, estrutura operacional de \u00faltima gera\u00e7\u00e3o e fluxo de trabalho padronizado garantem qualidade superior.<\/p>\n\n\t\t<\/div>\n\t<\/div>\n\t\n\t\n\n\t\t<\/div>\n\t<\/div>\n\n\t\n\n\n<style scope=\"scope\">\n\n<\/style>\n<\/div>\n\n\t\t<\/div>\n\n\t\t\n<style scope=\"scope\">\n\n#section_2134259230 {\n  padding-top: 100px;\n  padding-bottom: 100px;\n}\n<\/style>\n\t<\/section>\n\t\n\n","protected":false},"excerpt":{"rendered":"","protected":false},"author":1,"featured_media":0,"parent":0,"menu_order":0,"comment_status":"closed","ping_status":"closed","template":"page-blank.php","meta":[],"_links":{"self":[{"href":"https:\/\/site.izzo.com.br\/neutrik\/wp-json\/wp\/v2\/pages\/18"}],"collection":[{"href":"https:\/\/site.izzo.com.br\/neutrik\/wp-json\/wp\/v2\/pages"}],"about":[{"href":"https:\/\/site.izzo.com.br\/neutrik\/wp-json\/wp\/v2\/types\/page"}],"author":[{"embeddable":true,"href":"https:\/\/site.izzo.com.br\/neutrik\/wp-json\/wp\/v2\/users\/1"}],"replies":[{"embeddable":true,"href":"https:\/\/site.izzo.com.br\/neutrik\/wp-json\/wp\/v2\/comments?post=18"}],"version-history":[{"count":21,"href":"https:\/\/site.izzo.com.br\/neutrik\/wp-json\/wp\/v2\/pages\/18\/revisions"}],"predecessor-version":[{"id":1284,"href":"https:\/\/site.izzo.com.br\/neutrik\/wp-json\/wp\/v2\/pages\/18\/revisions\/1284"}],"wp:attachment":[{"href":"https:\/\/site.izzo.com.br\/neutrik\/wp-json\/wp\/v2\/media?parent=18"}],"curies":[{"name":"wp","href":"https:\/\/api.w.org\/{rel}","templated":true}]}}