{"id":616,"date":"2020-05-28T08:51:20","date_gmt":"2020-05-28T11:51:20","guid":{"rendered":"http:\/\/izzo.com.br\/TEMPSITES\/neutrik\/?page_id=616"},"modified":"2020-06-16T16:29:25","modified_gmt":"2020-06-16T19:29:25","slug":"empresa","status":"publish","type":"page","link":"https:\/\/site.izzo.com.br\/neutrik\/empresa\/","title":{"rendered":"A Empresa"},"content":{"rendered":"\n\t<section class=\"section\" id=\"section_1293715415\">\n\t\t<div class=\"bg section-bg fill bg-fill  bg-loaded\" >\n\n\t\t\t\n\t\t\t\n\t\t\t\n\n\t\t<\/div>\n\n\t\t<div class=\"section-content relative\">\n\t\t\t\n\n\n  <div class=\"banner has-hover\" id=\"banner-433426565\">\n          <div class=\"banner-inner fill\">\n        <div class=\"banner-bg fill\" >\n            <div class=\"bg fill bg-fill \"><\/div>\n                                    \n                    <\/div>\n        <div class=\"banner-layers container\">\n            <div class=\"fill banner-link\"><\/div>            \n\n   <div id=\"text-box-2059327434\" class=\"text-box banner-layer x5 md-x5 lg-x5 y50 md-y50 lg-y50 res-text\">\n                                <div class=\"text dark\">\n              \n              <div class=\"text-inner text-left\">\n                  \n\n<h2 class=\"uppercase\"><strong>A NEUTRIK<\/strong><\/h2>\n\n              <\/div>\n           <\/div>\n                            \n<style scope=\"scope\">\n\n#text-box-2059327434 {\n  width: 60%;\n}\n#text-box-2059327434 .text {\n  font-size: 100%;\n}\n\n\n@media (min-width:550px) {\n\n  #text-box-2059327434 {\n    width: 40%;\n  }\n\n}\n<\/style>\n    <\/div>\n \n\n        <\/div>\n      <\/div>\n\n            \n<style scope=\"scope\">\n\n#banner-433426565 {\n  padding-top: 250px;\n}\n<\/style>\n  <\/div>\n\n\n\n\t\t<\/div>\n\n\t\t\n<style scope=\"scope\">\n\n#section_1293715415 {\n  padding-top: 0px;\n  padding-bottom: 0px;\n}\n<\/style>\n\t<\/section>\n\t\n\t<section class=\"section\" id=\"section_35480454\">\n\t\t<div class=\"bg section-bg fill bg-fill  bg-loaded\" >\n\n\t\t\t\n\t\t\t\n\t\t\t\n\n\t\t<\/div>\n\n\t\t<div class=\"section-content relative\">\n\t\t\t\n\n<div class=\"row\"  id=\"row-1545724056\">\n\n\n\t<div class=\"col small-12 large-12\"  >\n\t\t<div class=\"col-inner\" style=\"margin:0px 0px -50px 0px;\" >\n\t\t\t\n\t\t\t\n\n<div class=\"container section-title-container\" ><h3 class=\"section-title section-title-normal\"><b><\/b><span class=\"section-title-main\" >A EMPRESA<\/span><b><\/b><\/h3><\/div>\n\n\n\t\t<\/div>\n\t<\/div>\n\n\t\n\n\t<div class=\"col medium-6 small-12 large-6\"  >\n\t\t<div class=\"col-inner\"  >\n\t\t\t\n\t\t\t\n\n\n  <div class=\"banner has-hover\" id=\"banner-1413644663\">\n          <div class=\"banner-inner fill\">\n        <div class=\"banner-bg fill\" >\n            <div class=\"bg fill bg-fill \"><\/div>\n                                    \n                    <\/div>\n        <div class=\"banner-layers container\">\n            <div class=\"fill banner-link\"><\/div>            \n\n\n        <\/div>\n      <\/div>\n\n            \n<style scope=\"scope\">\n\n#banner-1413644663 {\n  padding-top: 429px;\n  background-color: rgb(255, 255, 255);\n}\n#banner-1413644663 .bg.bg-loaded {\n  background-image: url(https:\/\/site.izzo.com.br\/neutrik\/wp-content\/uploads\/2020\/05\/banner02.jpg);\n}\n#banner-1413644663 .bg {\n  background-position: 57% 78%;\n}\n<\/style>\n  <\/div>\n\n\n\n\t\t<\/div>\n\t<\/div>\n\n\t\n\n\t<div class=\"col medium-6 small-12 large-6\"  >\n\t\t<div class=\"col-inner\"  >\n\t\t\t\n\t\t\t\n\n<p style=\"text-align: left;\">A Neutrik \u00e9 uma empresa internacional com tr\u00eas d\u00e9cadas de know-how e experi\u00eancia na fabrica\u00e7\u00e3o de produtos para sistemas de interconex\u00e3o el\u00e9trica e eletr\u00f4nica. A companhia foi fundada em 1975 por Bernhard Weingartner com a id\u00e9ia de criar produtos inovadores na interface mec\u00e2nica-eletr\u00f4nica. Hoje, somos l\u00edderes mundiais em projeto, fabrica\u00e7\u00e3o e marketing de conectores de \u00e1udio, coaxial, pot\u00eancia e circular. Nossa prioridade \u00e9 estar sempre um passo \u00e0 frente, ou seja, entender as necessidades futuras do mercado antes que elas se tornem \u00f3bvias e tamb\u00e9m atender a essas necessidades antes que elas ocorram.<\/p>\n<p style=\"text-align: left;\">O Grupo Neutrik consiste de subsidi\u00e1rias estrategicamente alocadas em pa\u00edses como Estados Unidos, Gr\u00e3-Bretanha, Sui\u00e7a, Fran\u00e7a, Jap\u00e3o, China e Alemanha. Uma rede de distribuidores exclusivos em mais de 80 pa\u00edses nos permitem vender, distribuir e dar suporte t\u00e9cnico para o mundo todo. Nosso escrit\u00f3rio central est\u00e1 localizado em Schaan, no Principado de Liechtenstein, onde todas as opera\u00e7\u00f5es, como Gerenciamento, Pesquisa &amp; Desenvolvimento, Log\u00edstica, Fabrica\u00e7\u00e3o e Finan\u00e7as est\u00e3o centralizadas.<\/p>\n\n\t\t<\/div>\n\t<\/div>\n\n\t\n\n<\/div>\n\t<div id=\"gap-1309023677\" class=\"gap-element clearfix\" style=\"display:block; height:auto;\">\n\t\t\n<style scope=\"scope\">\n\n#gap-1309023677 {\n  padding-top: 50px;\n}\n<\/style>\n\t<\/div>\n\t\n\n<div class=\"row\"  id=\"row-117716365\">\n\n\n\t<div class=\"col small-12 large-12\"  >\n\t\t<div class=\"col-inner\" style=\"margin:0px 0px -50px 0px;\" >\n\t\t\t\n\t\t\t\n\n<div class=\"container section-title-container\" ><h3 class=\"section-title section-title-normal\"><b><\/b><span class=\"section-title-main\" >QUALIDADE<\/span><b><\/b><\/h3><\/div>\n\n\n\t\t<\/div>\n\t<\/div>\n\n\t\n\n\t<div class=\"col medium-6 small-12 large-6\"  >\n\t\t<div class=\"col-inner\"  >\n\t\t\t\n\t\t\t\n\n\n  <div class=\"banner has-hover\" id=\"banner-594895248\">\n          <div class=\"banner-inner fill\">\n        <div class=\"banner-bg fill\" >\n            <div class=\"bg fill bg-fill \"><\/div>\n                                    \n                    <\/div>\n        <div class=\"banner-layers container\">\n            <div class=\"fill banner-link\"><\/div>            \n\n\n        <\/div>\n      <\/div>\n\n            \n<style scope=\"scope\">\n\n#banner-594895248 {\n  padding-top: 429px;\n  background-color: rgb(255, 255, 255);\n}\n#banner-594895248 .bg.bg-loaded {\n  background-image: url(https:\/\/site.izzo.com.br\/neutrik\/wp-content\/uploads\/2020\/05\/banner_quad01.jpg);\n}\n#banner-594895248 .bg {\n  background-position: 43% 29%;\n}\n<\/style>\n  <\/div>\n\n\n\n\t\t<\/div>\n\t<\/div>\n\n\t\n\n\t<div class=\"col medium-6 small-12 large-6\"  >\n\t\t<div class=\"col-inner\"  >\n\t\t\t\n\t\t\t\n\n<p>Para a Neutrik, qualidade \u00e9 primordial. A escolha de projetos, materiais e empresas terceirizadas e t\u00e9cnicas de fabrica\u00e7\u00e3o \u00e9 feita sob as mais rigorosas exig\u00eancias para manter o mais alto n\u00edvel de qualidade. A Neutrik obteve diversas certifica\u00e7\u00f5es de aprova\u00e7\u00e3o das organiza\u00e7\u00f5es de padroniza\u00e7\u00e3o de fabrica\u00e7\u00e3o, tais como: UL, cUL, VDE, SEV, CSA. Um sistema de controle de qualidade sofisticado, baseado no ISO 9001-2000, com produ\u00e7\u00e3o e log\u00edstica totalmente controlada \u00e9 o que usamos para garantir a total qualidade de nossos produtos. Al\u00e9m disso, a Neutrik AG \u00e9 certificada de acordo com a Best Broad Practice Label (BBPL) para Governan\u00e7a Corporativa desde 2005.<\/p>\n\n\t\t<\/div>\n\t<\/div>\n\n\t\n\n<\/div>\n\t<div id=\"gap-37260922\" class=\"gap-element clearfix\" style=\"display:block; height:auto;\">\n\t\t\n<style scope=\"scope\">\n\n#gap-37260922 {\n  padding-top: 50px;\n}\n<\/style>\n\t<\/div>\n\t\n\n<div class=\"row\"  id=\"row-1201734146\">\n\n\n\t<div class=\"col small-12 large-12\"  >\n\t\t<div class=\"col-inner\" style=\"margin:0px 0px -50px 0px;\" >\n\t\t\t\n\t\t\t\n\n<div class=\"container section-title-container\" ><h3 class=\"section-title section-title-normal\"><b><\/b><span class=\"section-title-main\" >Meio Ambiente \u2013 Compatibilidade<\/span><b><\/b><\/h3><\/div>\n\n\n\t\t<\/div>\n\t<\/div>\n\n\t\n\n\t<div class=\"col small-12 large-12\"  >\n\t\t<div class=\"col-inner\"  >\n\t\t\t\n\t\t\t\n\n<p>A Neutrik \u00e9 comprometida com a preserva\u00e7\u00e3o dos recursos ambientais e que nossos produtos sejam desenvolvidos e fabricados de maneira aceit\u00e1vel para o meio ambiente, para a sa\u00fade e para a seguran\u00e7a.<\/p>\n<p>Todos os m\u00e9todos de produ\u00e7\u00e3o s\u00e3o baseados em a\u00e7\u00f5es que n\u00e3o agridam o meio ambiente, desde o uso de recursos at\u00e9 o abandono de materiais perigosos. Algum tempo antes da reforma da emenda EU Directive RoHS (Reduction of Hazardous Substances &#8211; em portugu\u00eas; Redu\u00e7\u00e3o de Subst\u00e2ncias Perigosas) acontecer em 01 de Julho de 2006, a Neutrik j\u00e1 estava de acordo com essas regras, abandonando o uso do Chumbo no processo de soldagem no fim de 2004. Al\u00e9m disso, a Neutrik est\u00e1 de acordo com as seguintes Regras e Regulamentos EU:<\/p>\n\n\t\t<\/div>\n\t<\/div>\n\n\t\n\n\t<div class=\"col small-12 large-12\"  >\n\t\t<div class=\"col-inner\"  >\n\t\t\t\n\t\t\t\n\n\t<div class=\"img has-hover x md-x lg-x y md-y lg-y\" id=\"image_795872052\">\n\t\t\t\t\t\t\t\t<div class=\"img-inner dark\" >\n\t\t\t<img width=\"864\" height=\"173\" src=\"https:\/\/site.izzo.com.br\/neutrik\/wp-content\/uploads\/2020\/05\/certificacoes.png\" class=\"attachment-large size-large\" alt=\"\" loading=\"lazy\" srcset=\"https:\/\/site.izzo.com.br\/neutrik\/wp-content\/uploads\/2020\/05\/certificacoes.png 864w, https:\/\/site.izzo.com.br\/neutrik\/wp-content\/uploads\/2020\/05\/certificacoes-300x60.png 300w, https:\/\/site.izzo.com.br\/neutrik\/wp-content\/uploads\/2020\/05\/certificacoes-768x154.png 768w, https:\/\/site.izzo.com.br\/neutrik\/wp-content\/uploads\/2020\/05\/certificacoes-600x120.png 600w\" sizes=\"(max-width: 864px) 100vw, 864px\" \/>\t\t\t\t\t\t\n\t\t\t\t\t<\/div>\n\t\t\t\t\t\t\t\t\n<style scope=\"scope\">\n\n#image_795872052 {\n  width: 100%;\n}\n<\/style>\n\t<\/div>\n\t\n\n\n\t\t<\/div>\n\t<\/div>\n\n\t\n\n<\/div>\n\n\t\t<\/div>\n\n\t\t\n<style scope=\"scope\">\n\n#section_35480454 {\n  padding-top: 100px;\n  padding-bottom: 100px;\n}\n<\/style>\n\t<\/section>\n\t\n\n","protected":false},"excerpt":{"rendered":"","protected":false},"author":1,"featured_media":0,"parent":0,"menu_order":0,"comment_status":"closed","ping_status":"closed","template":"page-blank.php","meta":[],"_links":{"self":[{"href":"https:\/\/site.izzo.com.br\/neutrik\/wp-json\/wp\/v2\/pages\/616"}],"collection":[{"href":"https:\/\/site.izzo.com.br\/neutrik\/wp-json\/wp\/v2\/pages"}],"about":[{"href":"https:\/\/site.izzo.com.br\/neutrik\/wp-json\/wp\/v2\/types\/page"}],"author":[{"embeddable":true,"href":"https:\/\/site.izzo.com.br\/neutrik\/wp-json\/wp\/v2\/users\/1"}],"replies":[{"embeddable":true,"href":"https:\/\/site.izzo.com.br\/neutrik\/wp-json\/wp\/v2\/comments?post=616"}],"version-history":[{"count":4,"href":"https:\/\/site.izzo.com.br\/neutrik\/wp-json\/wp\/v2\/pages\/616\/revisions"}],"predecessor-version":[{"id":1166,"href":"https:\/\/site.izzo.com.br\/neutrik\/wp-json\/wp\/v2\/pages\/616\/revisions\/1166"}],"wp:attachment":[{"href":"https:\/\/site.izzo.com.br\/neutrik\/wp-json\/wp\/v2\/media?parent=616"}],"curies":[{"name":"wp","href":"https:\/\/api.w.org\/{rel}","templated":true}]}}