{"id":1001,"date":"2020-06-16T15:28:05","date_gmt":"2020-06-16T18:28:05","guid":{"rendered":"http:\/\/izzo.com.br\/TEMPSITES\/neutrik\/index.php\/product\/conector-neutrik-np3tt-p-b-pacote-com-10-pecas\/"},"modified":"2020-06-30T17:43:09","modified_gmt":"2020-06-30T20:43:09","slug":"conector-neutrik-np3tt-p-b","status":"publish","type":"product","link":"https:\/\/site.izzo.com.br\/neutrik\/produto\/conector-neutrik-np3tt-p-b\/","title":{"rendered":"CONECTOR NEUTRIK NP3TT-P-B"},"content":{"rendered":"<p>C\u00f3d: 14883<\/p>\n<p>Conector de cabo est\u00e9reo &#8220;Bantam 4.4mm&#8221; macho, corpo em pl\u00e1stico preto e contatos para soldar.<\/p>\n<h2><strong>Caracter\u00edsticas<\/strong><\/h2>\n<ul>\n<li>Projetado para aplicativos profissionais de \u00e1udio<\/li>\n<li>Bra\u00e7adeira de cabo de crimp HEX padr\u00e3o para termina\u00e7\u00e3o de blindagem e reten\u00e7\u00e3o de cabos<\/li>\n<li>Design ergon\u00f4mico robusto e dur\u00e1vel<\/li>\n<li id=\"tw-target-text\" class=\"tw-data-text tw-text-large XcVN5d tw-ta\" dir=\"ltr\" data-placeholder=\"Tradu\u00e7\u00e3o\"><span lang=\"pt\">Corpos coloridos dispon\u00edveis para codifica\u00e7\u00e3o e marca\u00e7\u00e3o<\/span><\/li>\n<\/ul>\n<h2 class=\"headline-three\"><strong>Informa\u00e7\u00f5es T\u00e9cnicas<\/strong><\/h2>\n<p>&nbsp;<\/p>\n<table>\n<tbody>\n<tr>\n<td width=\"539\"><span style=\"color: #00a859; font-size: 120%;\"><strong>Produto<\/strong><\/span><\/td>\n<td width=\"539\"><\/td>\n<\/tr>\n<tr>\n<td width=\"539\"><strong>T\u00edtulo<\/strong><\/td>\n<td width=\"539\">NP3TT-P-B<\/td>\n<\/tr>\n<tr>\n<td width=\"539\"><strong>Tipo de conex\u00e3o<\/strong><\/td>\n<td width=\"539\">Plug<\/td>\n<\/tr>\n<tr>\n<td width=\"539\"><strong>G\u00eanero<\/strong><\/td>\n<td width=\"539\">Macho<\/td>\n<\/tr>\n<\/tbody>\n<\/table>\n<p>&nbsp;<\/p>\n<table>\n<tbody>\n<tr>\n<td width=\"539\"><span style=\"color: #00a859; font-size: 120%;\"><strong>El\u00e9trica<\/strong><\/span><\/td>\n<td width=\"539\"><\/td>\n<\/tr>\n<tr>\n<td width=\"539\"><strong>Resist\u00eancia de contato<\/strong><\/td>\n<td width=\"539\">depende do conector correspondente m\u03a9<\/td>\n<\/tr>\n<tr>\n<td width=\"539\"><strong>Rigidez diel\u00e9trica<\/strong><\/td>\n<td width=\"539\">1 kVdc<\/td>\n<\/tr>\n<tr>\n<td width=\"539\"><strong>Resist\u00eancia de isolamento<\/strong><\/td>\n<td width=\"539\">&gt; 2 G\u03a9 (initial)<\/td>\n<\/tr>\n<tr>\n<td width=\"539\"><strong>Corrente nominal por contato<\/strong><\/td>\n<td width=\"539\">depende do conector correspondente A<\/td>\n<\/tr>\n<tr>\n<td width=\"539\"><strong>Tens\u00e3o nominal<\/strong><\/td>\n<td width=\"539\">&lt; 50 V<\/td>\n<\/tr>\n<\/tbody>\n<\/table>\n<p>&nbsp;<\/p>\n<table>\n<tbody>\n<tr>\n<td width=\"539\"><span style=\"color: #00a859; font-size: 120%;\"><strong>Mec\u00e2nica<\/strong><\/span><\/td>\n<td width=\"539\"><\/td>\n<\/tr>\n<tr>\n<td width=\"539\"><strong>Cabo O.D.<\/strong><\/td>\n<td width=\"539\">4 &#8211; 4.8 mm<\/td>\n<\/tr>\n<tr>\n<td width=\"539\"><strong>Crimp size<\/strong><\/td>\n<td width=\"539\">5,41 Hex crimp (shield) acc. IEC 60803 (die designation D)<\/td>\n<\/tr>\n<tr>\n<td width=\"539\"><strong>Vida \u00fatil<\/strong><\/td>\n<td width=\"539\">&gt; 1000 ciclos<\/td>\n<\/tr>\n<tr>\n<td width=\"539\"><strong>Tamanho do cabo<\/strong><\/td>\n<td width=\"539\">0,25 mm\u00b2<\/td>\n<\/tr>\n<tr>\n<td width=\"539\"><strong>Tamanho do cabo<\/strong><\/td>\n<td width=\"539\">24 AWG<\/td>\n<\/tr>\n<tr>\n<td width=\"539\"><strong>Cabeamento<\/strong><\/td>\n<td width=\"539\">Contatos de solda<\/td>\n<\/tr>\n<\/tbody>\n<\/table>\n<p>&nbsp;<\/p>\n<table>\n<tbody>\n<tr>\n<td width=\"539\"><span style=\"font-size: 120%; color: #00a859;\"><strong>Material<\/strong><\/span><\/td>\n<td width=\"539\"><\/td>\n<\/tr>\n<tr>\n<td width=\"539\"><strong>Galvaniza\u00e7\u00e3o por contato<\/strong><\/td>\n<td width=\"539\">2 \u00b5m Ni (Su)<\/td>\n<\/tr>\n<tr>\n<td width=\"539\"><strong>Contatos<\/strong><\/td>\n<td width=\"539\">Bronze (CuSn6) (Tip)<\/td>\n<\/tr>\n<tr>\n<td width=\"539\"><strong>Carca\u00e7a<\/strong><\/td>\n<td width=\"539\">Poliamida (6 30% GR) (black)<\/td>\n<\/tr>\n<tr>\n<td width=\"539\"><strong>Isolamento <\/strong><\/td>\n<td width=\"539\">Poliamida (PA 6.6 30 % GR)<\/td>\n<\/tr>\n<\/tbody>\n<\/table>\n<p>&nbsp;<\/p>\n<table>\n<tbody>\n<tr>\n<td width=\"539\"><span style=\"color: #00a859; font-size: 120%;\"><strong>Ambiental<\/strong><\/span><\/td>\n<td width=\"539\"><\/td>\n<\/tr>\n<tr>\n<td width=\"539\"><strong>Padr\u00e3o de conformidade<\/strong><\/td>\n<td width=\"539\">MIL-P-642\/13<\/td>\n<\/tr>\n<tr>\n<td width=\"539\"><strong>Soldabilidade<\/strong><\/td>\n<td width=\"539\">Cumpre com IEC 68-2-20<\/td>\n<\/tr>\n<tr>\n<td width=\"539\"><strong>Varia\u00e7\u00e3o de temperatura<\/strong><\/td>\n<td width=\"539\">-20 \u00b0C at\u00e9 \u00a0+65 \u00b0C<\/td>\n<\/tr>\n<\/tbody>\n<\/table>\n","protected":false},"excerpt":{"rendered":"<p>C\u00f3d: 14883 Conector de cabo est\u00e9reo &#8220;Bantam 4.4mm&#8221; macho, corpo em pl\u00e1stico preto e contatos para soldar. Caracter\u00edsticas Projetado para aplicativos profissionais de \u00e1udio Bra\u00e7adeira de cabo de crimp HEX padr\u00e3o para termina\u00e7\u00e3o de blindagem e reten\u00e7\u00e3o de cabos Design ergon\u00f4mico robusto e dur\u00e1vel Corpos coloridos dispon\u00edveis para codifica\u00e7\u00e3o e marca\u00e7\u00e3o Informa\u00e7\u00f5es T\u00e9cnicas &nbsp; Produto [&#8230;]\n","protected":false},"featured_media":1116,"comment_status":"open","ping_status":"closed","template":"","meta":[],"_links":{"self":[{"href":"https:\/\/site.izzo.com.br\/neutrik\/wp-json\/wp\/v2\/product\/1001"}],"collection":[{"href":"https:\/\/site.izzo.com.br\/neutrik\/wp-json\/wp\/v2\/product"}],"about":[{"href":"https:\/\/site.izzo.com.br\/neutrik\/wp-json\/wp\/v2\/types\/product"}],"replies":[{"embeddable":true,"href":"https:\/\/site.izzo.com.br\/neutrik\/wp-json\/wp\/v2\/comments?post=1001"}],"wp:featuredmedia":[{"embeddable":true,"href":"https:\/\/site.izzo.com.br\/neutrik\/wp-json\/wp\/v2\/media\/1116"}],"wp:attachment":[{"href":"https:\/\/site.izzo.com.br\/neutrik\/wp-json\/wp\/v2\/media?parent=1001"}],"curies":[{"name":"wp","href":"https:\/\/api.w.org\/{rel}","templated":true}]}}