{"id":1009,"date":"2020-06-16T15:28:10","date_gmt":"2020-06-16T18:28:10","guid":{"rendered":"http:\/\/izzo.com.br\/TEMPSITES\/neutrik\/index.php\/product\/conector-neutrik-ntp3rc-b-pacote-com-10-pecas\/"},"modified":"2020-06-30T17:45:42","modified_gmt":"2020-06-30T20:45:42","slug":"conector-neutrik-ntp3rc-b","status":"publish","type":"product","link":"https:\/\/site.izzo.com.br\/neutrik\/produto\/conector-neutrik-ntp3rc-b\/","title":{"rendered":"CONECTOR NEUTRIK NTP3RC-B"},"content":{"rendered":"<p>C\u00f3d: 14860<\/p>\n<p>Conector P2 est\u00e9reo macho de cabo\/linha (3.5mm) com formato em &#8220;L&#8221; (90\u00b0), com corpo em metal cromo preto e contato banhado a ouro, design inovador com prensa cabo externo para melhor isolamento e anel de metal com rosca externa para melhor fixa\u00e7\u00e3o da bucha de acabamento do cabo.<\/p>\n<h2><strong>Caracter\u00edsticas<\/strong><\/h2>\n<ul>\n<li id=\"tw-target-text\" class=\"tw-data-text tw-text-large XcVN5d tw-ta\" dir=\"ltr\" data-placeholder=\"Tradu\u00e7\u00e3o\"><span lang=\"pt\">Carca\u00e7a toda met\u00e1lica &#8211; robusta e confi\u00e1vel<\/span><\/li>\n<li id=\"tw-target-text\" class=\"tw-data-text tw-text-large XcVN5d tw-ta\" dir=\"ltr\" data-placeholder=\"Tradu\u00e7\u00e3o\"><span lang=\"pt\">Design fino &#8211; economia de espa\u00e7o<\/span><\/li>\n<li dir=\"ltr\" data-placeholder=\"Tradu\u00e7\u00e3o\">Bra\u00e7adeira de cabo do tipo bucha e bucim de borracha &#8211; excelente prote\u00e7\u00e3o do cabo<\/li>\n<\/ul>\n<h2 class=\"headline-three\"><strong>Informa\u00e7\u00f5es T\u00e9cnicas<\/strong><\/h2>\n<p>&nbsp;<\/p>\n<table>\n<tbody>\n<tr>\n<td width=\"539\"><span style=\"color: #00a859; font-size: 120%;\"><strong>Produto<\/strong><\/span><\/td>\n<td width=\"539\"><\/td>\n<\/tr>\n<tr>\n<td width=\"539\"><strong>T\u00edtulo<\/strong><\/td>\n<td width=\"539\">NTP3RC-B<\/td>\n<\/tr>\n<tr>\n<td width=\"539\"><strong>Tipo de conex\u00e3o<\/strong><\/td>\n<td width=\"539\">Plug<\/td>\n<\/tr>\n<tr>\n<td width=\"539\"><strong>G\u00eanero<\/strong><\/td>\n<td width=\"539\">Macho<\/td>\n<\/tr>\n<\/tbody>\n<\/table>\n<p>&nbsp;<\/p>\n<table>\n<tbody>\n<tr>\n<td width=\"539\"><span style=\"color: #00a859; font-size: 120%;\"><strong>El\u00e9trica<\/strong><\/span><\/td>\n<td width=\"539\"><\/td>\n<\/tr>\n<tr>\n<td width=\"539\"><strong>Resist\u00eancia de contato<\/strong><\/td>\n<td width=\"539\">depende do conector correspondente m\u03a9<\/td>\n<\/tr>\n<tr>\n<td width=\"539\"><strong>Rigidez diel\u00e9trica<\/strong><\/td>\n<td width=\"539\">1 kVdc<\/td>\n<\/tr>\n<tr>\n<td width=\"539\"><strong>Resist\u00eancia de isolamento<\/strong><\/td>\n<td width=\"539\">&gt; 2 G\u03a9 (inicial)<\/td>\n<\/tr>\n<tr>\n<td width=\"539\"><strong>Voltagem nominal<\/strong><\/td>\n<td width=\"539\">&lt;50 V<\/td>\n<\/tr>\n<\/tbody>\n<\/table>\n<p>&nbsp;<\/p>\n<table>\n<tbody>\n<tr>\n<td width=\"274\"><span style=\"color: #00a859; font-size: 120%;\"><strong>Mec\u00e2nica<\/strong><\/span><\/td>\n<td width=\"293\"><\/td>\n<\/tr>\n<tr>\n<td width=\"274\"><strong>Cabo O.D.<\/strong><\/td>\n<td width=\"293\">2 &#8211; 4.5 mm<\/td>\n<\/tr>\n<tr>\n<td width=\"274\"><strong>Tamanho do cabo<\/strong><\/td>\n<td width=\"293\">0,22 mm\u00b2<\/td>\n<\/tr>\n<tr>\n<td width=\"274\"><strong>Tamanho do cabo<\/strong><\/td>\n<td width=\"293\">24 AWG<\/td>\n<\/tr>\n<tr>\n<td width=\"274\"><strong>Cabeamento<\/strong><\/td>\n<td width=\"293\">Contados de solda<\/td>\n<\/tr>\n<\/tbody>\n<\/table>\n<p>&nbsp;<\/p>\n<table>\n<tbody>\n<tr>\n<td width=\"539\"><span style=\"font-size: 120%; color: #00a859;\"><strong>Material<\/strong><\/span><\/td>\n<td width=\"539\"><\/td>\n<\/tr>\n<tr>\n<td width=\"539\"><strong>Casquilho<\/strong><\/td>\n<td width=\"539\">Lat\u00e3o (CuZn39Pb3) + PU, Cr Preto<\/td>\n<\/tr>\n<tr>\n<td width=\"539\"><strong>\u00a0<\/strong><\/p>\n<p><strong>Galvaniza\u00e7\u00e3o por contato<\/strong><\/td>\n<td width=\"539\">0.2 \u00b5m Au<\/td>\n<\/tr>\n<tr>\n<td width=\"539\"><strong>Contatos<\/strong><\/td>\n<td width=\"539\">Lat\u00e3o (CuZn39Pb3)<\/td>\n<\/tr>\n<tr>\n<td width=\"539\"><strong>Entrada <\/strong><\/td>\n<td width=\"539\">Poliamida (PA 6.6 15 % GR)<\/td>\n<\/tr>\n<tr>\n<td width=\"539\"><strong>Carca\u00e7a<\/strong><\/td>\n<td width=\"539\">Zinco diecast (ZnAl4Cu1)<\/td>\n<\/tr>\n<tr>\n<td width=\"539\"><strong>Chapeamento<\/strong><\/td>\n<td width=\"539\">Cromo preto<\/td>\n<\/tr>\n<tr>\n<td width=\"539\"><strong>Al\u00edvio de tens\u00e3o<\/strong><\/td>\n<td width=\"539\">Polyacetal (POM)<\/td>\n<\/tr>\n<\/tbody>\n<\/table>\n<p>&nbsp;<\/p>\n<table>\n<tbody>\n<tr>\n<td width=\"539\"><span style=\"font-size: 120%; color: #00a859;\"><strong>Ambiental<\/strong><\/span><\/td>\n<td width=\"539\"><\/td>\n<\/tr>\n<tr>\n<td width=\"539\"><strong>Soldabilidade<\/strong><\/td>\n<td width=\"539\">Cumpre com IEC 68-2-20<\/td>\n<\/tr>\n<tr>\n<td width=\"539\"><strong>Varia\u00e7\u00e3o de temperatura<\/strong><\/td>\n<td width=\"539\">-20 \u00b0C at\u00e9 \u00a0+65 \u00b0C<\/td>\n<\/tr>\n<\/tbody>\n<\/table>\n","protected":false},"excerpt":{"rendered":"<p>C\u00f3d: 14860 Conector P2 est\u00e9reo macho de cabo\/linha (3.5mm) com formato em &#8220;L&#8221; (90\u00b0), com corpo em metal cromo preto e contato banhado a ouro, design inovador com prensa cabo externo para melhor isolamento e anel de metal com rosca externa para melhor fixa\u00e7\u00e3o da bucha de acabamento do cabo. Caracter\u00edsticas Carca\u00e7a toda met\u00e1lica &#8211; [&#8230;]\n","protected":false},"featured_media":1034,"comment_status":"open","ping_status":"closed","template":"","meta":[],"_links":{"self":[{"href":"https:\/\/site.izzo.com.br\/neutrik\/wp-json\/wp\/v2\/product\/1009"}],"collection":[{"href":"https:\/\/site.izzo.com.br\/neutrik\/wp-json\/wp\/v2\/product"}],"about":[{"href":"https:\/\/site.izzo.com.br\/neutrik\/wp-json\/wp\/v2\/types\/product"}],"replies":[{"embeddable":true,"href":"https:\/\/site.izzo.com.br\/neutrik\/wp-json\/wp\/v2\/comments?post=1009"}],"wp:featuredmedia":[{"embeddable":true,"href":"https:\/\/site.izzo.com.br\/neutrik\/wp-json\/wp\/v2\/media\/1034"}],"wp:attachment":[{"href":"https:\/\/site.izzo.com.br\/neutrik\/wp-json\/wp\/v2\/media?parent=1009"}],"curies":[{"name":"wp","href":"https:\/\/api.w.org\/{rel}","templated":true}]}}