{"id":1013,"date":"2020-06-16T15:28:12","date_gmt":"2020-06-16T18:28:12","guid":{"rendered":"http:\/\/izzo.com.br\/TEMPSITES\/neutrik\/index.php\/product\/conector-neutrik-nac3fcb-pacote-com-20-pecas\/"},"modified":"2020-06-30T18:51:02","modified_gmt":"2020-06-30T21:51:02","slug":"conector-neutrik-nac3fcb-pacote-com-20-pecas","status":"publish","type":"product","link":"https:\/\/site.izzo.com.br\/neutrik\/produto\/conector-neutrik-nac3fcb-pacote-com-20-pecas\/","title":{"rendered":"CONECTOR NEUTRIK NAC3FCB"},"content":{"rendered":"<p>C\u00f3d: 14816<\/p>\n<p>Conector de cabo com trava Quick Lock, sa\u00edda de energia, terminais com parafuso<\/p>\n<p>O powerCON \u00e9 um conector AC com 3 terminais sendo: contato de linha, neutro e terra. Ele substitui tomadas eletrodom\u00e9sticas sempre que for necess\u00e1ria uma solu\u00e7\u00e3o mais robusta em combina\u00e7\u00e3o com um dispositivo que possui trava, para garantir uma conex\u00e3o de energia segura.<\/p>\n<p><strong>Aten\u00e7\u00e3o: O powerCON \u00e9 um conector sem capacidade de interrup\u00e7\u00e3o, ou seja, ele n\u00e3o deve ser conectado ou desconectado enquanto estiver passando energia.<\/strong><\/p>\n<h2><strong>Caracter\u00edsticas<\/strong><\/h2>\n<ul>\n<li>Vers\u00f5es de entrada de energia (azul) e sa\u00edda de energia (cinza) com trava diferente para evitar a possibilidade de erro<\/li>\n<li>Neutrik, exclusiva capa de acabamento e prensa cabo<\/li>\n<li>Sistema de travamento r\u00e1pido e f\u00e1cil<\/li>\n<li>Design ergon\u00f4mico<\/li>\n<li>Prote\u00e7\u00e3o aprimorada por dois prensa cabos<\/li>\n<li>Certificados UL, cUL e VDE nos componentes do conector<\/li>\n<li>Marcado com holograma exclusivo &#8211; garante produto Neutrik genu\u00edno e aut\u00eantico<\/li>\n<\/ul>\n<h2 class=\"headline-three\"><strong>Informa\u00e7\u00f5es T\u00e9cnicas<\/strong><\/h2>\n<table>\n<tbody>\n<tr>\n<td width=\"539\"><span style=\"color: #00a859; font-size: 120%;\"><strong>Produto<\/strong><\/span><\/td>\n<td width=\"539\"><\/td>\n<\/tr>\n<tr>\n<td width=\"539\"><strong>T\u00edtulo<\/strong><\/td>\n<td width=\"539\">NAC3FCB<\/td>\n<\/tr>\n<tr>\n<td width=\"539\"><strong>G\u00eanero<\/strong><\/td>\n<td width=\"539\">f\u00eamea<\/td>\n<\/tr>\n<\/tbody>\n<\/table>\n<p>&nbsp;<\/p>\n<table>\n<tbody>\n<tr>\n<td width=\"539\"><span style=\"color: #00a859; font-size: 120%;\"><strong>El\u00e9trica<\/strong><\/span><\/td>\n<td width=\"539\"><\/td>\n<\/tr>\n<tr>\n<td width=\"539\"><strong>Resist\u00eancia de contato<\/strong><\/td>\n<td width=\"539\">\u2264 3 m\u03a9<\/td>\n<\/tr>\n<tr>\n<td width=\"539\"><strong>Rigidez diel\u00e9trica<\/strong><\/td>\n<td width=\"539\">4 kVdc \/ 2.8 kVac<\/td>\n<\/tr>\n<tr>\n<td width=\"539\"><strong>Resist\u00eancia de isolamento<\/strong><\/td>\n<td width=\"539\">&gt; 0.1 G\u03a9 (after damp heat test IEC 68-2-30)<\/td>\n<\/tr>\n<tr>\n<td width=\"539\"><strong>N\u00famero de contatos eletr\u00f4nicos<\/strong><\/td>\n<td width=\"539\">2 + PE<\/td>\n<\/tr>\n<tr>\n<td width=\"539\"><strong>Corrente nominal por contato<\/strong><\/td>\n<td width=\"539\">20 A rms<\/td>\n<\/tr>\n<tr>\n<td width=\"539\"><strong>Tens\u00e3o nominal<\/strong><\/td>\n<td width=\"539\">250 V ac<\/td>\n<\/tr>\n<\/tbody>\n<\/table>\n<p>&nbsp;<\/p>\n<table>\n<tbody>\n<tr>\n<td width=\"539\"><span style=\"color: #00a859; font-size: 120%;\"><strong>Mec\u00e2nica<\/strong><\/span><\/td>\n<td width=\"539\"><\/td>\n<\/tr>\n<tr>\n<td width=\"539\"><strong>Cabo O.D.<\/strong><\/td>\n<td width=\"539\">6 &#8211; 15 mm (*)<\/td>\n<\/tr>\n<tr>\n<td width=\"539\"><strong>Vida \u00fatil<\/strong><\/td>\n<td width=\"539\">&gt; 1000 ciclos<\/td>\n<\/tr>\n<tr>\n<td width=\"539\"><strong>Tamanho do cabo<\/strong><\/td>\n<td width=\"539\">2,5 mm\u00b2<\/td>\n<\/tr>\n<tr>\n<td width=\"539\"><strong>Tamanho do cabo<\/strong><\/td>\n<td width=\"539\">12 AWG<\/td>\n<\/tr>\n<tr>\n<td width=\"539\"><strong>Dispositivo de trava<\/strong><\/td>\n<td width=\"539\">Quick Lock<\/td>\n<\/tr>\n<tr>\n<td width=\"539\"><strong>(*)<\/strong><\/td>\n<td width=\"539\">Cabo O.D. alcance limitado de 6 mm &#8211; 14 mm acc. VDE<\/td>\n<\/tr>\n<\/tbody>\n<\/table>\n<p>&nbsp;<\/p>\n<table>\n<tbody>\n<tr>\n<td width=\"539\"><span style=\"color: #00a859; font-size: 120%;\"><strong>Material<\/strong><\/span><\/td>\n<td width=\"539\"><\/td>\n<\/tr>\n<tr>\n<td width=\"539\"><strong>Galvaniza\u00e7\u00e3o por contato<\/strong><\/td>\n<td width=\"539\">4 \u00b5m Ag<\/td>\n<\/tr>\n<tr>\n<td width=\"539\"><strong>Contato<\/strong><\/td>\n<td width=\"539\">Bronze (CuSn6)<\/td>\n<\/tr>\n<tr>\n<td width=\"539\"><strong>Entrada<\/strong><\/td>\n<td width=\"539\">Poliamida (PA 6 30 % GR)<\/td>\n<\/tr>\n<tr>\n<td width=\"539\"><strong>Elemento de trava<\/strong><\/td>\n<td width=\"539\">Zinco diecast (ZnAl4Cu1)<\/td>\n<\/tr>\n<tr>\n<td width=\"539\"><strong>Carca\u00e7a<\/strong><\/td>\n<td width=\"539\">Poliamida (PA 6 30 % GR)<\/td>\n<\/tr>\n<tr>\n<td width=\"539\"><strong>Alivio de tens\u00e3o<\/strong><\/td>\n<td width=\"539\">Polyacetal (POM)<\/td>\n<\/tr>\n<\/tbody>\n<\/table>\n<p>&nbsp;<\/p>\n<table>\n<tbody>\n<tr>\n<td width=\"539\"><span style=\"color: #00a859; font-size: 120%;\"><strong>Ambiental<\/strong><\/span><\/td>\n<td width=\"539\"><\/td>\n<\/tr>\n<tr>\n<td width=\"539\"><strong>Varia\u00e7\u00e3o de temperatura<\/strong><\/td>\n<td width=\"539\">-30 \u00b0C at\u00e9 +80 \u00b0C<\/td>\n<\/tr>\n<\/tbody>\n<\/table>\n<p>&nbsp;<\/p>\n","protected":false},"excerpt":{"rendered":"<p>C\u00f3d: 14816 Conector de cabo com trava Quick Lock, sa\u00edda de energia, terminais com parafuso O powerCON \u00e9 um conector AC com 3 terminais sendo: contato de linha, neutro e terra. Ele substitui tomadas eletrodom\u00e9sticas sempre que for necess\u00e1ria uma solu\u00e7\u00e3o mais robusta em combina\u00e7\u00e3o com um dispositivo que possui trava, para garantir uma conex\u00e3o [&#8230;]\n","protected":false},"featured_media":974,"comment_status":"open","ping_status":"closed","template":"","meta":[],"_links":{"self":[{"href":"https:\/\/site.izzo.com.br\/neutrik\/wp-json\/wp\/v2\/product\/1013"}],"collection":[{"href":"https:\/\/site.izzo.com.br\/neutrik\/wp-json\/wp\/v2\/product"}],"about":[{"href":"https:\/\/site.izzo.com.br\/neutrik\/wp-json\/wp\/v2\/types\/product"}],"replies":[{"embeddable":true,"href":"https:\/\/site.izzo.com.br\/neutrik\/wp-json\/wp\/v2\/comments?post=1013"}],"wp:featuredmedia":[{"embeddable":true,"href":"https:\/\/site.izzo.com.br\/neutrik\/wp-json\/wp\/v2\/media\/974"}],"wp:attachment":[{"href":"https:\/\/site.izzo.com.br\/neutrik\/wp-json\/wp\/v2\/media?parent=1013"}],"curies":[{"name":"wp","href":"https:\/\/api.w.org\/{rel}","templated":true}]}}