{"id":1015,"date":"2020-06-16T15:28:15","date_gmt":"2020-06-16T18:28:15","guid":{"rendered":"http:\/\/izzo.com.br\/TEMPSITES\/neutrik\/index.php\/product\/conector-neutrik-nac3fx-w-top-pacote-com-20-pecas\/"},"modified":"2020-06-30T18:50:53","modified_gmt":"2020-06-30T21:50:53","slug":"conector-neutrik-nac3fx-w-top","status":"publish","type":"product","link":"https:\/\/site.izzo.com.br\/neutrik\/produto\/conector-neutrik-nac3fx-w-top\/","title":{"rendered":"CONECTOR NEUTRIK NAC3FX-W-TOP"},"content":{"rendered":"<p>C\u00f3d: 14848<\/p>\n<p>Conector PowerCON True f\u00eamea de cabo\/linha para alimenta\u00e7\u00e3o de AC, com corrente de 16A. (20A-USA) com capacidade de interrup\u00e7\u00e3o (CBC), resistente a poeira e \u00e1gua conforme norma IP65 e UL50E revestimento tipo 4 (somente acoplado), com exclusivo sistema de reten\u00e7\u00e3o de cabo Neutrik.<\/p>\n<p>&nbsp;<\/p>\n<h2><strong>Caracter\u00edsticas<\/strong><\/h2>\n<ul>\n<li><span lang=\"pt\">Conector de for\u00e7a selado para servi\u00e7os pesados \u200b\u200bpara ambientes exigentes e exigentes<\/span><\/li>\n<li><span lang=\"pt\">Utiliza materiais resistentes aos raios UV de alto impacto<\/span><\/li>\n<li><span lang=\"pt\">Conector monof\u00e1sico com bloqueio de 16 A (EUA: 20 A)<\/span><\/li>\n<li><span lang=\"pt\">Extremamente robusto e confi\u00e1vel<\/span><\/li>\n<li><span lang=\"pt\">Certificado ENEC de acordo com a IEC 60320<br \/>\n<\/span><\/li>\n<li><span lang=\"pt\">Classifica\u00e7\u00e3o IP65 e prote\u00e7\u00e3o externa certificada para o gabinete UL 50E tipo 4 (na condi\u00e7\u00e3o de emparelhado)<\/span><\/li>\n<li><span lang=\"pt\">Sistema de bloqueio de tor\u00e7\u00e3o f\u00e1cil e confi\u00e1vel<br \/>\n<\/span><\/li>\n<li id=\"tw-target-text\" class=\"tw-data-text tw-text-large XcVN5d tw-ta\" dir=\"ltr\" data-placeholder=\"Tradu\u00e7\u00e3o\"><span lang=\"pt\">Reten\u00e7\u00e3o exclusiva de cabos Neutrik<\/span><\/li>\n<li>Certificado UL498\n<div class=\"list-wrapper two-columns\"><\/div>\n<\/li>\n<\/ul>\n<h2 class=\"headline-three\"><strong>Informa\u00e7\u00f5es T\u00e9cnicas<\/strong><\/h2>\n<table>\n<tbody>\n<tr>\n<td width=\"539\"><span style=\"color: #00a859; font-size: 120%;\"><strong>Produto<\/strong><\/span><\/td>\n<td width=\"539\"><\/td>\n<\/tr>\n<tr>\n<td width=\"539\"><strong>T\u00edtulo<\/strong><\/td>\n<td width=\"539\">NAC3FX-W-TOP<\/td>\n<\/tr>\n<\/tbody>\n<\/table>\n<p>&nbsp;<\/p>\n<table>\n<tbody>\n<tr>\n<td width=\"539\"><span style=\"color: #00a859; font-size: 120%;\"><strong>El\u00e9trica<\/strong><\/span><\/td>\n<td width=\"539\"><\/td>\n<\/tr>\n<tr>\n<td width=\"539\"><strong>Contato de resist\u00eancia<\/strong><\/td>\n<td width=\"539\">\u2264 2 m\u03a9<\/td>\n<\/tr>\n<tr>\n<td width=\"539\"><strong>Rigidez diel\u00e9trica<\/strong><\/td>\n<td width=\"539\">4 kVdc \/ 2.8 kVac<\/td>\n<\/tr>\n<tr>\n<td width=\"539\"><strong>Resist\u00eancia de isolamento<\/strong><\/td>\n<td width=\"539\">&gt; 0,1 G\u03a9 (ap\u00f3s teste de calor IEC 68-2-30)<\/td>\n<\/tr>\n<tr>\n<td width=\"539\"><strong>N\u00famero de contatos eletr\u00f4nicos<\/strong><\/td>\n<td width=\"539\">2 + PE<\/td>\n<\/tr>\n<tr>\n<td width=\"539\"><strong>Corrente nominal por contato<\/strong><\/td>\n<td width=\"539\">16 A rms (USA: 20 A)<\/td>\n<\/tr>\n<tr>\n<td width=\"539\"><strong>Tens\u00e3o nominal<\/strong><\/td>\n<td width=\"539\">250 V ac<\/td>\n<\/tr>\n<\/tbody>\n<\/table>\n<p>&nbsp;<\/p>\n<table>\n<tbody>\n<tr>\n<td width=\"539\"><span style=\"color: #00a859; font-size: 120%;\"><strong>Mec\u00e2nica<\/strong><\/span><\/td>\n<td width=\"539\"><\/td>\n<\/tr>\n<tr>\n<td width=\"539\"><strong>Cabo O.D.<\/strong><\/td>\n<td width=\"539\">6 &#8211; 12 mm<\/td>\n<\/tr>\n<tr>\n<td width=\"539\"><strong>Vida \u00fatil<\/strong><\/td>\n<td width=\"539\">&gt; 5000 ciclos<\/td>\n<\/tr>\n<tr>\n<td width=\"539\"><strong>Tamanho de cabo<\/strong><\/td>\n<td width=\"539\">1.0 &#8211; 2.5 mm\u00b2<\/td>\n<\/tr>\n<tr>\n<td width=\"539\"><strong>Tamanho de cabo<\/strong><\/td>\n<td width=\"539\">12 AWG<\/td>\n<\/tr>\n<\/tbody>\n<\/table>\n<p>&nbsp;<\/p>\n<table>\n<tbody>\n<tr>\n<td width=\"539\"><span style=\"color: #00a859; font-size: 120%;\"><strong>Material<\/strong><\/span><\/td>\n<td width=\"539\"><\/td>\n<\/tr>\n<tr>\n<td width=\"539\"><strong>Galvaniza\u00e7\u00e3o por contato<\/strong><\/td>\n<td width=\"539\">2 \u00b5m Ag<\/td>\n<\/tr>\n<tr>\n<td width=\"539\"><strong>Contatos<\/strong><\/td>\n<td width=\"539\">Bronze (CuSn0.2)<\/td>\n<\/tr>\n<tr>\n<td width=\"539\"><strong>Entradas<\/strong><\/td>\n<td width=\"539\">Polyamide (PA 6.6 30 % GR)<\/td>\n<\/tr>\n<tr>\n<td width=\"539\"><strong>Elemento de trava<\/strong><\/td>\n<td width=\"539\">ZuAl4Cu1<\/td>\n<\/tr>\n<tr>\n<td width=\"539\"><strong>Carca\u00e7a<\/strong><\/td>\n<td width=\"539\">Poliamida (PA 6.6 30 % GR)<\/td>\n<\/tr>\n<tr>\n<td width=\"539\"><strong>Al\u00edvio de tens\u00e3o<\/strong><\/td>\n<td width=\"539\">Polyacetal (POM)<\/td>\n<\/tr>\n<\/tbody>\n<\/table>\n<p>&nbsp;<\/p>\n<table>\n<tbody>\n<tr>\n<td width=\"539\"><span style=\"color: #00a859; font-size: 120%;\"><strong>Ambiental<\/strong><\/span><\/td>\n<td width=\"539\"><\/td>\n<\/tr>\n<tr>\n<td width=\"539\"><strong>Inflamabilidade<\/strong><\/td>\n<td width=\"539\">UL 94 V-0<\/td>\n<\/tr>\n<tr>\n<td width=\"539\"><strong>Classe de prote\u00e7\u00e3o<\/strong><\/td>\n<td width=\"539\">IP65, UL50E\u00a0gabinete tipo 4 (junto)<\/td>\n<\/tr>\n<tr>\n<td width=\"539\"><strong>Varia\u00e7\u00e3o de temperatura<\/strong><\/td>\n<td width=\"539\">-30 \u00b0C to +80 \u00b0C<\/td>\n<\/tr>\n<\/tbody>\n<\/table>\n","protected":false},"excerpt":{"rendered":"<p>C\u00f3d: 14848 Conector PowerCON True f\u00eamea de cabo\/linha para alimenta\u00e7\u00e3o de AC, com corrente de 16A. (20A-USA) com capacidade de interrup\u00e7\u00e3o (CBC), resistente a poeira e \u00e1gua conforme norma IP65 e UL50E revestimento tipo 4 (somente acoplado), com exclusivo sistema de reten\u00e7\u00e3o de cabo Neutrik. &nbsp; Caracter\u00edsticas Conector de for\u00e7a selado para servi\u00e7os pesados \u200b\u200bpara [&#8230;]\n","protected":false},"featured_media":1058,"comment_status":"open","ping_status":"closed","template":"","meta":[],"_links":{"self":[{"href":"https:\/\/site.izzo.com.br\/neutrik\/wp-json\/wp\/v2\/product\/1015"}],"collection":[{"href":"https:\/\/site.izzo.com.br\/neutrik\/wp-json\/wp\/v2\/product"}],"about":[{"href":"https:\/\/site.izzo.com.br\/neutrik\/wp-json\/wp\/v2\/types\/product"}],"replies":[{"embeddable":true,"href":"https:\/\/site.izzo.com.br\/neutrik\/wp-json\/wp\/v2\/comments?post=1015"}],"wp:featuredmedia":[{"embeddable":true,"href":"https:\/\/site.izzo.com.br\/neutrik\/wp-json\/wp\/v2\/media\/1058"}],"wp:attachment":[{"href":"https:\/\/site.izzo.com.br\/neutrik\/wp-json\/wp\/v2\/media?parent=1015"}],"curies":[{"name":"wp","href":"https:\/\/api.w.org\/{rel}","templated":true}]}}