{"id":1025,"date":"2020-06-16T15:28:20","date_gmt":"2020-06-16T18:28:20","guid":{"rendered":"http:\/\/izzo.com.br\/TEMPSITES\/neutrik\/index.php\/product\/conector-neutrik-nac3mpb-1-wot-pacote-com-50-pecas\/"},"modified":"2020-06-30T14:47:43","modified_gmt":"2020-06-30T17:47:43","slug":"conector-neutrik-nac3mpb-1-wot","status":"publish","type":"product","link":"https:\/\/site.izzo.com.br\/neutrik\/produto\/conector-neutrik-nac3mpb-1-wot\/","title":{"rendered":"CONECTOR NEUTRIK NAC3MPB-1-WOT"},"content":{"rendered":"<p>C\u00f3d: 14851<\/p>\n<p>Conector para painel com trava Quick Lock, entrada de energia, terminais com parafuso, cinza e sem isolamento entre os terminais.<\/p>\n<p>O powerCON \u00e9 um conector AC com 3 terminais sendo: contato de linha, neutro e terra. Ele substitui tomadas eletrodom\u00e9sticas sempre que for necess\u00e1ria uma solu\u00e7\u00e3o mais robusta em combina\u00e7\u00e3o com um dispositivo que possui trava, para garantir uma conex\u00e3o de energia segura.<\/p>\n<p><strong>Aten\u00e7\u00e3o: O powerCON \u00e9 um conector sem capacidade de interrup\u00e7\u00e3o, ou seja, ele n\u00e3o deve ser conectado ou desconectado enquanto estiver passando energia.<\/strong><\/p>\n<h2><img loading=\"lazy\" class=\"alignnone size-medium wp-image-1208\" src=\"http:\/\/izzo.com.br\/TEMPSITES\/neutrik\/wp-content\/uploads\/2020\/06\/neutrik_comparacao-300x201.jpg\" alt=\"\" width=\"300\" height=\"201\" srcset=\"https:\/\/site.izzo.com.br\/neutrik\/wp-content\/uploads\/2020\/06\/neutrik_comparacao-300x201.jpg 300w, https:\/\/site.izzo.com.br\/neutrik\/wp-content\/uploads\/2020\/06\/neutrik_comparacao.jpg 495w\" sizes=\"(max-width: 300px) 100vw, 300px\" \/><\/h2>\n<p>&nbsp;<\/p>\n<h2><strong>Caracter\u00edsticas<\/strong><\/h2>\n<ul>\n<li>Vers\u00f5es de entrada de energia (azul) e sa\u00edda de energia (cinza) com trava diferente para evitar a possibilidade de erro<\/li>\n<li>Sistema de travamento r\u00e1pido e f\u00e1cil<\/li>\n<li>Design ergon\u00f4mico<\/li>\n<li>Certificados UL, cUL e VDE nos componentes do conector<\/li>\n<li>Marcado com holograma exclusivo &#8211; garante produto genu\u00edno e aut\u00eantico<\/li>\n<\/ul>\n<p>&nbsp;<\/p>\n<h2 class=\"headline-three\"><strong>Informa\u00e7\u00f5es T\u00e9cnicas<\/strong><\/h2>\n<table>\n<tbody>\n<tr>\n<td width=\"539\"><span style=\"color: #00a859; font-size: 120%;\"><strong>Produto<\/strong><\/span><\/td>\n<td width=\"539\"><\/td>\n<\/tr>\n<tr>\n<td width=\"539\"><strong>T\u00edtulo<\/strong><\/td>\n<td width=\"539\">NAC3MPB-1-WOT<\/td>\n<\/tr>\n<tr>\n<td width=\"539\"><strong>Tipo<\/strong><\/td>\n<td width=\"539\">Chassis<\/td>\n<\/tr>\n<tr>\n<td width=\"539\"><strong>G\u00eanero<\/strong><\/td>\n<td width=\"539\">macho<\/td>\n<\/tr>\n<\/tbody>\n<\/table>\n<p>&nbsp;<\/p>\n<table>\n<tbody>\n<tr>\n<td width=\"539\"><span style=\"color: #00a859; font-size: 120%;\"><strong>El\u00e9trica<\/strong><\/span><\/td>\n<td width=\"539\"><\/td>\n<\/tr>\n<tr>\n<td width=\"539\"><strong>Resist\u00eancia de contato<\/strong><\/td>\n<td width=\"539\">\u2264 3 m\u03a9<\/td>\n<\/tr>\n<tr>\n<td width=\"539\"><strong>Rigidez diel\u00e9trica<\/strong><\/td>\n<td width=\"539\">4 kVdc \/ 2.8 kVac<\/td>\n<\/tr>\n<tr>\n<td width=\"539\"><strong>Resist\u00eancia de isolamento<\/strong><\/td>\n<td width=\"539\">&gt; 0.1 G\u03a9 (ap\u00f3s teste de calor IEC 68-2-30)<\/td>\n<\/tr>\n<tr>\n<td width=\"539\"><strong>N\u00famero de contatos eletr\u00f4nicos<\/strong><\/td>\n<td width=\"539\">2 + PE<\/td>\n<\/tr>\n<tr>\n<td width=\"539\"><strong>Corrente nominal por contato<\/strong><\/td>\n<td width=\"539\">20 A rms<\/td>\n<\/tr>\n<tr>\n<td width=\"539\"><strong>Tens\u00e3o nominal<\/strong><\/td>\n<td width=\"539\">250 V ac<\/td>\n<\/tr>\n<\/tbody>\n<\/table>\n<p>&nbsp;<\/p>\n<table>\n<tbody>\n<tr>\n<td width=\"302\"><span style=\"color: #00a859; font-size: 120%;\"><strong>Mec\u00e2nica<\/strong><\/span><\/td>\n<td width=\"265\"><\/td>\n<\/tr>\n<tr>\n<td width=\"302\"><strong>Vida \u00fatil<\/strong><\/td>\n<td width=\"265\">&gt; 1000 ciclos<\/td>\n<\/tr>\n<tr>\n<td width=\"302\"><strong>Tamanho do cabo<\/strong><\/td>\n<td width=\"265\"><\/td>\n<\/tr>\n<tr>\n<td width=\"302\"><strong>Dispositivo de trava<\/strong><\/td>\n<td width=\"265\">Quick Lock<\/td>\n<\/tr>\n<tr>\n<td width=\"302\"><strong>Dire\u00e7\u00e3o de montagem<\/strong><\/td>\n<td width=\"265\">Montagem frontal<\/td>\n<\/tr>\n<tr>\n<td width=\"302\"><strong>Formato do chassi<\/strong><\/td>\n<td width=\"265\">D<\/td>\n<\/tr>\n<\/tbody>\n<\/table>\n<p>&nbsp;<\/p>\n<table>\n<tbody>\n<tr>\n<td width=\"539\"><span style=\"color: #00a859; font-size: 120%;\"><strong>Material<\/strong><\/span><\/td>\n<td width=\"539\"><\/td>\n<\/tr>\n<tr>\n<td width=\"539\"><strong>Galvaniza\u00e7\u00e3o por contato<\/strong><\/td>\n<td width=\"539\">2 \u00b5m Ag<\/td>\n<\/tr>\n<tr>\n<td width=\"539\"><strong>Elemento de trava<\/strong><\/td>\n<td width=\"539\">A\u00e7o Ck67<\/td>\n<\/tr>\n<tr>\n<td width=\"539\"><strong>Carca\u00e7a<\/strong><\/td>\n<td width=\"539\">Poliamida (PA 6 30 % GR)<\/td>\n<\/tr>\n<tr>\n<td width=\"539\"><strong>Contatos<\/strong><\/td>\n<td width=\"539\">Bronze (CuNi1Si0.2)<\/td>\n<\/tr>\n<\/tbody>\n<\/table>\n<p>&nbsp;<\/p>\n<table>\n<tbody>\n<tr>\n<td width=\"539\"><span style=\"color: #00a859; font-size: 120%;\"><strong>Ambiental<\/strong><\/span><\/td>\n<td width=\"539\"><\/td>\n<\/tr>\n<tr>\n<td width=\"539\"><strong>Inflamabilidade<\/strong><\/td>\n<td width=\"539\">UL 94 V-0<\/td>\n<\/tr>\n<tr>\n<td width=\"539\"><strong>Varia\u00e7\u00e3o de temperatura<\/strong><\/td>\n<td width=\"539\">-30 \u00b0C at\u00e9 \u00a0+80 \u00b0C<\/td>\n<\/tr>\n<\/tbody>\n<\/table>\n","protected":false},"excerpt":{"rendered":"<p>C\u00f3d: 14851 Conector para painel com trava Quick Lock, entrada de energia, terminais com parafuso, cinza e sem isolamento entre os terminais. O powerCON \u00e9 um conector AC com 3 terminais sendo: contato de linha, neutro e terra. Ele substitui tomadas eletrodom\u00e9sticas sempre que for necess\u00e1ria uma solu\u00e7\u00e3o mais robusta em combina\u00e7\u00e3o com um dispositivo [&#8230;]\n","protected":false},"featured_media":1026,"comment_status":"open","ping_status":"closed","template":"","meta":[],"_links":{"self":[{"href":"https:\/\/site.izzo.com.br\/neutrik\/wp-json\/wp\/v2\/product\/1025"}],"collection":[{"href":"https:\/\/site.izzo.com.br\/neutrik\/wp-json\/wp\/v2\/product"}],"about":[{"href":"https:\/\/site.izzo.com.br\/neutrik\/wp-json\/wp\/v2\/types\/product"}],"replies":[{"embeddable":true,"href":"https:\/\/site.izzo.com.br\/neutrik\/wp-json\/wp\/v2\/comments?post=1025"}],"wp:featuredmedia":[{"embeddable":true,"href":"https:\/\/site.izzo.com.br\/neutrik\/wp-json\/wp\/v2\/media\/1026"}],"wp:attachment":[{"href":"https:\/\/site.izzo.com.br\/neutrik\/wp-json\/wp\/v2\/media?parent=1025"}],"curies":[{"name":"wp","href":"https:\/\/api.w.org\/{rel}","templated":true}]}}