{"id":1033,"date":"2020-06-16T15:28:25","date_gmt":"2020-06-16T18:28:25","guid":{"rendered":"http:\/\/izzo.com.br\/TEMPSITES\/neutrik\/index.php\/product\/conector-neutrik-nl2fx-pacote-com-10-pecas\/"},"modified":"2020-06-30T17:15:28","modified_gmt":"2020-06-30T20:15:28","slug":"conector-neutrik-nl2fx","status":"publish","type":"product","link":"https:\/\/site.izzo.com.br\/neutrik\/produto\/conector-neutrik-nl2fx\/","title":{"rendered":"CONECTOR NEUTRIK NL2FX"},"content":{"rendered":"<p>C\u00f3d: 14875<\/p>\n<p>Novo conector de cabo\/linha Speakon f\u00eamea de 2 polos para cabos de 6 a 10 mm, com novo sistema de trava com melhor fixa\u00e7\u00e3o e com apenas 3 partes para montar.<\/p>\n<h2><strong>Caracter\u00edsticas<\/strong><\/h2>\n<ul>\n<li>Classifica\u00e7\u00e3o atual 40 A cont\u00ednuo, sinal de \u00e1udio de 50 A com ciclo de 50%<\/li>\n<li>Materiais de alto impacto &#8211; duradouros e confi\u00e1veis<\/li>\n<li>1 pe\u00e7a de al\u00edvio de tens\u00e3o, bucha para cabo de 6 a 10 mm O.D.<\/li>\n<li class=\"tw-data-text tw-text-large XcVN5d tw-ta\" dir=\"ltr\" data-placeholder=\"Tradu\u00e7\u00e3o\"><span lang=\"pt\">Posiciona-se tamb\u00e9m com o conector do chassi de 4 polos e faz contato com + 1\/-1<\/span><\/li>\n<li class=\"tw-data-text tw-text-large XcVN5d tw-ta\" dir=\"ltr\" data-placeholder=\"Tradu\u00e7\u00e3o\"><span lang=\"pt\">Apenas 3 pe\u00e7as, f\u00e1ceis de montar<br \/>\n<\/span><\/li>\n<li id=\"tw-target-text\" class=\"tw-data-text tw-text-large XcVN5d tw-ta\" dir=\"ltr\" data-placeholder=\"Tradu\u00e7\u00e3o\"><span lang=\"pt\">Sistema de travamento f\u00e1cil e extremamente preciso &#8220;Quick Lock&#8221;Aperto aprimorado na trava<\/span><\/li>\n<li class=\"tw-data-text tw-text-large XcVN5d tw-ta\" dir=\"ltr\" data-placeholder=\"Tradu\u00e7\u00e3o\"><span lang=\"pt\">Aperto aprimorado na trava<\/span><\/li>\n<\/ul>\n<h2 class=\"headline-three\"><strong>Informa\u00e7\u00f5es T\u00e9cnicas<\/strong><\/h2>\n<table>\n<tbody>\n<tr>\n<td width=\"539\"><span style=\"color: #00a859; font-size: 120%;\"><strong>Produto<\/strong><\/span><\/td>\n<td width=\"539\"><\/td>\n<\/tr>\n<tr>\n<td width=\"539\"><strong>T\u00edtulo<\/strong><\/td>\n<td width=\"539\">NL2FX<\/td>\n<\/tr>\n<tr>\n<td width=\"539\"><strong>Tipo de conex\u00e3o<\/strong><\/td>\n<td width=\"539\">speakON<\/td>\n<\/tr>\n<tr>\n<td width=\"539\"><strong>G\u00eanero<\/strong><\/td>\n<td width=\"539\">f\u00eamea<\/td>\n<\/tr>\n<\/tbody>\n<\/table>\n<p>&nbsp;<\/p>\n<table>\n<tbody>\n<tr>\n<td width=\"539\"><span style=\"color: #00a859; font-size: 120%;\"><strong>El\u00e9trica<\/strong><\/span><\/td>\n<td width=\"539\"><\/td>\n<\/tr>\n<tr>\n<td width=\"539\"><strong>Contato de resist\u00eancia<\/strong><\/td>\n<td width=\"539\">&lt; 2 m\u03a9 (ap\u00f3s vida \u00fatil)<\/td>\n<\/tr>\n<tr>\n<td width=\"539\"><strong>Rigidez diel\u00e9trica<\/strong><\/td>\n<td width=\"539\">4 kVdc (peak)<\/td>\n<\/tr>\n<tr>\n<td width=\"539\"><strong>Resist\u00eancia de isolamento<\/strong><\/td>\n<td width=\"539\">&gt; 1 G\u03a9 (ap\u00f3s dampheat)<\/td>\n<\/tr>\n<tr>\n<td width=\"539\"><strong>Corrente nominal por contato<\/strong><\/td>\n<td width=\"539\">40 A rms cont\u00ednuo<\/td>\n<\/tr>\n<tr>\n<td width=\"539\"><strong>Corrente nominal por contato<\/strong><\/td>\n<td width=\"539\">50 A sinal sonoro, ciclo de trabalho 50 %<\/td>\n<\/tr>\n<tr>\n<td width=\"539\"><strong>Tens\u00e3o nominal<\/strong><\/td>\n<td width=\"539\">250 V ac<\/td>\n<\/tr>\n<tr>\n<td width=\"539\"><strong>Aten\u00e7\u00e3o<\/strong><\/td>\n<td width=\"539\">O speakON n\u00e3o deve ser usado como um cabo de alimenta\u00e7\u00e3o CA ou conector de fonte de alimenta\u00e7\u00e3o!<\/td>\n<\/tr>\n<\/tbody>\n<\/table>\n<p>&nbsp;<\/p>\n<table>\n<tbody>\n<tr>\n<td width=\"288\"><span style=\"color: #00a859; font-size: 120%;\"><strong>Mec\u00e2nica<\/strong><\/span><\/td>\n<td width=\"279\"><\/td>\n<\/tr>\n<tr>\n<td width=\"288\"><strong>Cabo O.D.<\/strong><\/td>\n<td width=\"279\">6 &#8211; 10 mm<\/td>\n<\/tr>\n<tr>\n<td width=\"288\"><strong>Reten\u00e7\u00e3o de cabo<\/strong><\/td>\n<td width=\"279\">\u2265 220 N (sujeito ao cabo O.D. e material)<\/td>\n<\/tr>\n<tr>\n<td width=\"288\"><strong>Vida \u00fatil<\/strong><\/td>\n<td width=\"279\">&gt; 5000 ciclos<\/td>\n<\/tr>\n<tr>\n<td width=\"288\"><strong>Tamanho do cabo<\/strong><\/td>\n<td width=\"279\">1.5 &#8211; 4 mm\u00b2<\/td>\n<\/tr>\n<tr>\n<td width=\"288\"><strong>Tamanho do cabo<\/strong><\/td>\n<td width=\"279\">16 &#8211; 12 AWG<\/td>\n<\/tr>\n<tr>\n<td width=\"288\"><strong>Cabeamento<\/strong><\/td>\n<td width=\"279\">Terminais do tipo parafuso ou solda<\/td>\n<\/tr>\n<tr>\n<td width=\"288\"><strong>Dispositivo de trava<\/strong><\/td>\n<td width=\"279\">Quick Lock (latch)<\/td>\n<\/tr>\n<\/tbody>\n<\/table>\n<p>&nbsp;<\/p>\n<table>\n<tbody>\n<tr>\n<td width=\"539\"><span style=\"font-size: 120%; color: #00a859;\"><strong>Material<\/strong><\/span><\/td>\n<td width=\"539\"><\/td>\n<\/tr>\n<tr>\n<td width=\"539\"><strong>Galvaniza\u00e7\u00e3o por contato<\/strong><\/td>\n<td width=\"539\">4 \u00b5m Ag<\/td>\n<\/tr>\n<tr>\n<td width=\"539\"><strong>Contatos<\/strong><\/td>\n<td width=\"539\">Lat\u00e3o (CuZn39Pb3)<\/td>\n<\/tr>\n<tr>\n<td width=\"539\"><strong>Entrada<\/strong><\/td>\n<td width=\"539\">PBTP 20 % GR<\/td>\n<\/tr>\n<tr>\n<td width=\"539\"><strong>Elemento de trava<\/strong><\/td>\n<td width=\"539\">Zinc diecast (ZnAl4Cu1)<\/td>\n<\/tr>\n<tr>\n<td width=\"539\"><strong>Carca\u00e7a<\/strong><\/td>\n<td width=\"539\">PBTP 20 % GR<\/td>\n<\/tr>\n<tr>\n<td width=\"539\"><strong>Al\u00edvio de tens\u00e3o<\/strong><\/td>\n<td width=\"539\">Polyacetal (POM)<\/td>\n<\/tr>\n<\/tbody>\n<\/table>\n<p>&nbsp;<\/p>\n<table>\n<tbody>\n<tr>\n<td width=\"539\"><span style=\"color: #00a859; font-size: 120%;\"><strong>Ambiental<\/strong><\/span><\/td>\n<td width=\"539\"><\/td>\n<\/tr>\n<tr>\n<td width=\"539\"><strong>Inflamabilidade<\/strong><\/td>\n<td width=\"539\">UL 94 HB<\/td>\n<\/tr>\n<tr>\n<td width=\"539\"><strong>Soldabilidade<\/strong><\/td>\n<td width=\"539\">Cumpre com IEC 68-2-20<\/td>\n<\/tr>\n<tr>\n<td width=\"539\"><strong>Varia\u00e7\u00e3o de temperatura<\/strong><\/td>\n<td width=\"539\">-30 \u00b0C at\u00e9 +80 \u00b0C<\/td>\n<\/tr>\n<\/tbody>\n<\/table>\n<p>&nbsp;<\/p>\n","protected":false},"excerpt":{"rendered":"<p>C\u00f3d: 14875 Novo conector de cabo\/linha Speakon f\u00eamea de 2 polos para cabos de 6 a 10 mm, com novo sistema de trava com melhor fixa\u00e7\u00e3o e com apenas 3 partes para montar. Caracter\u00edsticas Classifica\u00e7\u00e3o atual 40 A cont\u00ednuo, sinal de \u00e1udio de 50 A com ciclo de 50% Materiais de alto impacto &#8211; duradouros [&#8230;]\n","protected":false},"featured_media":1062,"comment_status":"open","ping_status":"closed","template":"","meta":[],"_links":{"self":[{"href":"https:\/\/site.izzo.com.br\/neutrik\/wp-json\/wp\/v2\/product\/1033"}],"collection":[{"href":"https:\/\/site.izzo.com.br\/neutrik\/wp-json\/wp\/v2\/product"}],"about":[{"href":"https:\/\/site.izzo.com.br\/neutrik\/wp-json\/wp\/v2\/types\/product"}],"replies":[{"embeddable":true,"href":"https:\/\/site.izzo.com.br\/neutrik\/wp-json\/wp\/v2\/comments?post=1033"}],"wp:featuredmedia":[{"embeddable":true,"href":"https:\/\/site.izzo.com.br\/neutrik\/wp-json\/wp\/v2\/media\/1062"}],"wp:attachment":[{"href":"https:\/\/site.izzo.com.br\/neutrik\/wp-json\/wp\/v2\/media?parent=1033"}],"curies":[{"name":"wp","href":"https:\/\/api.w.org\/{rel}","templated":true}]}}