{"id":1041,"date":"2020-06-16T15:28:31","date_gmt":"2020-06-16T18:28:31","guid":{"rendered":"http:\/\/izzo.com.br\/TEMPSITES\/neutrik\/index.php\/product\/conector-neutrik-nl4mpr-pacote-com-20-pecas\/"},"modified":"2020-06-30T17:29:20","modified_gmt":"2020-06-30T20:29:20","slug":"conector-neutrik-nl4mpr","status":"publish","type":"product","link":"https:\/\/site.izzo.com.br\/neutrik\/produto\/conector-neutrik-nl4mpr\/","title":{"rendered":"CONECTOR NEUTRIK NL4MPR"},"content":{"rendered":"<p>C\u00f3d: 14813<\/p>\n<p>Conector de painel Speakon macho de 4 polos, borda redonda, compat\u00edvel com cannon da &#8220;Serie EP&#8221;.<\/p>\n<h2><strong>Caracter\u00edsticas<\/strong><\/h2>\n<ul>\n<li><span lang=\"pt\">Classifica\u00e7\u00e3o atual 30 A rms<\/span><\/li>\n<li>Chaveta precisa para acasalamento seguro<\/li>\n<li class=\"tw-data-text tw-text-large XcVN5d tw-ta\" dir=\"ltr\" data-placeholder=\"Tradu\u00e7\u00e3o\"><span lang=\"pt\">Inser\u00e7\u00e3o de metal na \u00e1rea de travamento<br \/>\n<\/span><\/li>\n<li id=\"tw-target-text\" class=\"tw-data-text tw-text-large XcVN5d tw-ta\" dir=\"ltr\" data-placeholder=\"Tradu\u00e7\u00e3o\"><span lang=\"pt\">Os materiais refor\u00e7ados com vidro o tornam extremamente robusto e confi\u00e1vel<\/span><\/li>\n<li class=\"tw-data-text tw-text-large XcVN5d tw-ta\" dir=\"ltr\" data-placeholder=\"Tradu\u00e7\u00e3o\"><span lang=\"pt\">Sistema preciso de travamento de trava de tor\u00e7\u00e3o<\/span><\/li>\n<li class=\"tw-data-text tw-text-large XcVN5d tw-ta\" dir=\"ltr\" data-placeholder=\"Tradu\u00e7\u00e3o\"><span lang=\"pt\">Design herm\u00e9tico &#8211; otimizado para aplica\u00e7\u00f5es de alto-falante<br \/>\n<\/span><\/li>\n<\/ul>\n<h2 class=\"headline-three\"><strong>Informa\u00e7\u00f5es T\u00e9cnicas<\/strong><\/h2>\n<table>\n<tbody>\n<tr>\n<td width=\"539\"><span style=\"color: #00a859; font-size: 120%;\"><strong>Produto<\/strong><\/span><\/td>\n<td width=\"539\"><\/td>\n<\/tr>\n<tr>\n<td width=\"539\"><strong>T\u00edtulo<\/strong><\/td>\n<td width=\"539\">NL4MPR<\/td>\n<\/tr>\n<tr>\n<td width=\"539\"><strong>Tipo de conex\u00e3o<\/strong><\/td>\n<td width=\"539\">speakON<\/td>\n<\/tr>\n<tr>\n<td width=\"539\"><strong>G\u00eanero <\/strong><\/td>\n<td width=\"539\">macho<\/td>\n<\/tr>\n<\/tbody>\n<\/table>\n<p>&nbsp;<\/p>\n<table>\n<tbody>\n<tr>\n<td width=\"539\"><span style=\"color: #00a859; font-size: 120%;\"><strong>El\u00e9trica<\/strong><\/span><\/td>\n<td width=\"539\"><\/td>\n<\/tr>\n<tr>\n<td width=\"539\"><strong>Resist\u00eancia de contato<\/strong><\/td>\n<td width=\"539\">\u2264 3 m\u03a9 (ap\u00f3s vida \u00fatil)<\/td>\n<\/tr>\n<tr>\n<td width=\"539\"><strong>Rigidez diel\u00e9trica<\/strong><\/td>\n<td width=\"539\">4 kVdc (pico)<\/td>\n<\/tr>\n<tr>\n<td width=\"539\"><strong>Resist\u00eancia de isolamento<\/strong><\/td>\n<td width=\"539\">&gt; 1 G\u03a9 (ap\u00f3s dampheat)<\/td>\n<\/tr>\n<tr>\n<td width=\"539\"><strong>Corrente nominal por contato<\/strong><\/td>\n<td width=\"539\">30 A rms cont\u00ednuo<\/td>\n<\/tr>\n<tr>\n<td width=\"539\"><strong>Corrente nominal por contato<\/strong><\/td>\n<td width=\"539\">40 A audiosignal, duty cycle 50 %<\/td>\n<\/tr>\n<tr>\n<td width=\"539\"><strong>Tens\u00e3o nominal<\/strong><\/td>\n<td width=\"539\">250 V ac<\/td>\n<\/tr>\n<tr>\n<td width=\"539\"><strong>Aten\u00e7\u00e3o<\/strong><\/td>\n<td width=\"539\">O speakON N\u00c3O deve ser usado como um cabo de alimenta\u00e7\u00e3o CA ou conector de fonte de alimenta\u00e7\u00e3o!<\/td>\n<\/tr>\n<\/tbody>\n<\/table>\n<p>&nbsp;<\/p>\n<table>\n<tbody>\n<tr>\n<td width=\"539\"><span style=\"color: #00a859; font-size: 120%;\"><strong>Mec\u00e2nica<\/strong><\/span><\/td>\n<td width=\"539\"><\/td>\n<\/tr>\n<tr>\n<td width=\"539\"><strong>Vida \u00fatil<\/strong><\/td>\n<td width=\"539\">&gt; 5000 ciclos<\/td>\n<\/tr>\n<tr>\n<td width=\"539\"><strong>Tamanho de cabo<\/strong><\/td>\n<td width=\"539\"><\/td>\n<\/tr>\n<tr>\n<td width=\"539\"><strong>Dispositivo de trava<\/strong><\/td>\n<td width=\"539\">Quick Lock<\/td>\n<\/tr>\n<tr>\n<td width=\"539\"><strong>Formato de chassi<\/strong><\/td>\n<td width=\"539\">round G-size flange<\/td>\n<\/tr>\n<tr>\n<td width=\"539\"><strong>Layout<\/strong><\/td>\n<td width=\"539\">Quatro furos<\/td>\n<\/tr>\n<\/tbody>\n<\/table>\n<p>&nbsp;<\/p>\n<table>\n<tbody>\n<tr>\n<td width=\"539\"><span style=\"color: #00a859; font-size: 120%;\"><strong>Material<\/strong><\/span><\/td>\n<td width=\"539\"><\/td>\n<\/tr>\n<tr>\n<td width=\"539\"><strong>Galvaniza\u00e7\u00e3o por contato<\/strong><\/td>\n<td width=\"539\">4 \u00b5m Ag<\/td>\n<\/tr>\n<tr>\n<td width=\"539\"><strong>Contatos<\/strong><\/td>\n<td width=\"539\">Bronze (CuSn6)<\/td>\n<\/tr>\n<tr>\n<td width=\"539\"><strong>Carca\u00e7a<\/strong><\/td>\n<td width=\"539\">Poliamida (PA 6 30 % GR) preto<\/td>\n<\/tr>\n<\/tbody>\n<\/table>\n<p>&nbsp;<\/p>\n<table>\n<tbody>\n<tr>\n<td width=\"302\"><span style=\"color: #00a859; font-size: 120%;\"><strong>Ambiental<\/strong><\/span><\/td>\n<td width=\"265\"><\/td>\n<\/tr>\n<tr>\n<td width=\"302\"><strong>Inflamabilidade<\/strong><\/td>\n<td width=\"265\">UL 94 HB<\/td>\n<\/tr>\n<tr>\n<td width=\"302\"><strong>Soldabilidade<\/strong><\/td>\n<td width=\"265\">Cumpre com IEC 68-2-20<\/td>\n<\/tr>\n<tr>\n<td width=\"302\"><strong>Varia\u00e7\u00e3o de temperatura<\/strong><\/td>\n<td width=\"265\">-30 \u00b0C at\u00e9 +80 \u00b0C<\/td>\n<\/tr>\n<\/tbody>\n<\/table>\n<p>&nbsp;<\/p>\n","protected":false},"excerpt":{"rendered":"<p>C\u00f3d: 14813 Conector de painel Speakon macho de 4 polos, borda redonda, compat\u00edvel com cannon da &#8220;Serie EP&#8221;. Caracter\u00edsticas Classifica\u00e7\u00e3o atual 30 A rms Chaveta precisa para acasalamento seguro Inser\u00e7\u00e3o de metal na \u00e1rea de travamento Os materiais refor\u00e7ados com vidro o tornam extremamente robusto e confi\u00e1vel Sistema preciso de travamento de trava de tor\u00e7\u00e3o [&#8230;]\n","protected":false},"featured_media":964,"comment_status":"open","ping_status":"closed","template":"","meta":[],"_links":{"self":[{"href":"https:\/\/site.izzo.com.br\/neutrik\/wp-json\/wp\/v2\/product\/1041"}],"collection":[{"href":"https:\/\/site.izzo.com.br\/neutrik\/wp-json\/wp\/v2\/product"}],"about":[{"href":"https:\/\/site.izzo.com.br\/neutrik\/wp-json\/wp\/v2\/types\/product"}],"replies":[{"embeddable":true,"href":"https:\/\/site.izzo.com.br\/neutrik\/wp-json\/wp\/v2\/comments?post=1041"}],"wp:featuredmedia":[{"embeddable":true,"href":"https:\/\/site.izzo.com.br\/neutrik\/wp-json\/wp\/v2\/media\/964"}],"wp:attachment":[{"href":"https:\/\/site.izzo.com.br\/neutrik\/wp-json\/wp\/v2\/media?parent=1041"}],"curies":[{"name":"wp","href":"https:\/\/api.w.org\/{rel}","templated":true}]}}