{"id":1047,"date":"2020-06-16T15:28:35","date_gmt":"2020-06-16T18:28:35","guid":{"rendered":"http:\/\/izzo.com.br\/TEMPSITES\/neutrik\/index.php\/product\/conector-neutrik-nlt4fx-pacote-com-10-pecas\/"},"modified":"2020-06-30T17:31:58","modified_gmt":"2020-06-30T20:31:58","slug":"conector-neutrik-nlt4fx","status":"publish","type":"product","link":"https:\/\/site.izzo.com.br\/neutrik\/produto\/conector-neutrik-nlt4fx\/","title":{"rendered":"CONECTOR NEUTRIK NLT4FX"},"content":{"rendered":"<p>C\u00f3d: 14830<\/p>\n<p>Conector de painel HDMI (1.3) compat\u00edvel com todos os formatos de transmiss\u00e3o de TV digital e PC (inclusive high-definition HDTV), no formato do chassi &#8220;D&#8221;, sistema back to back (caso tenha outra entrada HDMI atr\u00e1s do conector).<\/p>\n<h2><strong>Caracter\u00edsticas<\/strong><\/h2>\n<ul>\n<li><span lang=\"pt\">Classifica\u00e7\u00e3o atual 40 A cont\u00ednuo, sinal de \u00e1udio de 50 A com ciclo de trabalho de 50%<\/span><\/li>\n<li><span lang=\"pt\">O anel de veda\u00e7\u00e3o fornece classifica\u00e7\u00e3o IP54 \u00e0 prova de intemp\u00e9ries em condi\u00e7\u00f5es de conjunto<\/span><\/li>\n<li>Contatos de solda extra grandes para cabos de at\u00e9 6 mm\u00b2 (AWG 10)<\/li>\n<li>Carca\u00e7a met\u00e1lica robusta e dur\u00e1vel<\/li>\n<li>Sistema de trava r\u00e1pida de metal refor\u00e7ado para facilitar e travar com precis\u00e3o<\/li>\n<li>Combine com todos os produtos speakON dispon\u00edveis<\/li>\n<\/ul>\n<h2 class=\"headline-three\"><strong>Informa\u00e7\u00f5es T\u00e9cnicas<\/strong><\/h2>\n<table>\n<tbody>\n<tr>\n<td width=\"539\"><span style=\"color: #00a859; font-size: 120%;\"><strong>Produto <\/strong><\/span><\/td>\n<td width=\"539\"><\/td>\n<\/tr>\n<tr>\n<td width=\"539\"><strong>T\u00edtulo<\/strong><\/td>\n<td width=\"539\">NLT4FX<\/td>\n<\/tr>\n<tr>\n<td width=\"539\"><strong>Tipo de conex\u00e3o<\/strong><\/td>\n<td width=\"539\">speakON<\/td>\n<\/tr>\n<tr>\n<td width=\"539\"><strong>G\u00eanero<\/strong><\/td>\n<td width=\"539\">f\u00eamea<\/td>\n<\/tr>\n<\/tbody>\n<\/table>\n<p>&nbsp;<\/p>\n<table>\n<tbody>\n<tr>\n<td width=\"539\"><span style=\"font-size: 120%; color: #00a859;\"><strong>El\u00e9trica<\/strong><\/span><\/td>\n<td width=\"539\"><\/td>\n<\/tr>\n<tr>\n<td width=\"539\"><strong>Resist\u00eancia de contato<\/strong><\/td>\n<td width=\"539\">&lt; 2 m\u03a9 (ap\u00f3s vida \u00fatil)<\/td>\n<\/tr>\n<tr>\n<td width=\"539\"><strong>Rigidez diel\u00e9trica<\/strong><\/td>\n<td width=\"539\">4 kVdc (pico)<\/td>\n<\/tr>\n<tr>\n<td width=\"539\"><strong>Resist\u00eancia de isolamento\u00a0<\/strong><\/td>\n<td width=\"539\">&gt; 10 G\u03a9<\/td>\n<\/tr>\n<tr>\n<td width=\"539\"><strong>Corrente nominal por contato<\/strong><\/td>\n<td width=\"539\">40 A rms cont\u00ednuo<\/td>\n<\/tr>\n<tr>\n<td width=\"539\"><strong>Corrente nominal por contato<\/strong><\/td>\n<td width=\"539\">50 A sinal sonoro, ciclo de trabalho 50%<\/td>\n<\/tr>\n<tr>\n<td width=\"539\"><strong>Tens\u00e3o nominal<\/strong><\/td>\n<td width=\"539\">250 V ac<\/td>\n<\/tr>\n<tr>\n<td width=\"539\"><strong>Aten\u00e7\u00e3o<\/strong><\/td>\n<td width=\"539\">O speakON N\u00c3O deve ser usado como um cabo de alimenta\u00e7\u00e3o CA ou conector de fonte de alimenta\u00e7\u00e3o!<\/td>\n<\/tr>\n<\/tbody>\n<\/table>\n<p>&nbsp;<\/p>\n<table>\n<tbody>\n<tr>\n<td width=\"539\"><span style=\"color: #00a859; font-size: 120%;\"><strong>Mec\u00e2nica<\/strong><\/span><\/td>\n<td width=\"539\"><\/td>\n<\/tr>\n<tr>\n<td width=\"539\"><strong>Cabo O.D.<\/strong><\/td>\n<td width=\"539\">9 &#8211; 16 mm<\/td>\n<\/tr>\n<tr>\n<td width=\"539\"><strong>Reten\u00e7\u00e3o de cabo<\/strong><\/td>\n<td width=\"539\">\u2265 220 N (sujeito ao cabo O.D. e material)<\/td>\n<\/tr>\n<tr>\n<td width=\"539\"><strong>Vida \u00fatil<\/strong><\/td>\n<td width=\"539\">&gt; 5000 ciclos<\/td>\n<\/tr>\n<tr>\n<td width=\"539\"><strong>Tamanho do cabo<\/strong><\/td>\n<td width=\"539\">6 mm\u00b2<\/td>\n<\/tr>\n<tr>\n<td width=\"539\"><strong>Tamanho do cabo<\/strong><\/td>\n<td width=\"539\">10 AWG<\/td>\n<\/tr>\n<tr>\n<td width=\"539\"><strong>Cabeamento<\/strong><\/td>\n<td width=\"539\">Contatos de solda<\/td>\n<\/tr>\n<tr>\n<td width=\"539\"><strong>Dispositivo de trava<\/strong><\/td>\n<td width=\"539\">Quick Lock (latch)<\/td>\n<\/tr>\n<\/tbody>\n<\/table>\n<p>&nbsp;<\/p>\n<table>\n<tbody>\n<tr>\n<td width=\"539\"><span style=\"color: #00a859; font-size: 120%;\"><strong>Material<\/strong><\/span><\/td>\n<td width=\"539\"><\/td>\n<\/tr>\n<tr>\n<td width=\"539\"><strong>\u00a0<\/strong><\/p>\n<p><strong>Galvaniza\u00e7\u00e3o por contato<\/strong><\/td>\n<td width=\"539\">4 \u00b5m Ag<\/td>\n<\/tr>\n<tr>\n<td width=\"539\"><strong>Contatos<\/strong><\/td>\n<td width=\"539\">Lat\u00e3o \u00a0(CuZn39Pb3)<\/td>\n<\/tr>\n<tr>\n<td width=\"539\"><strong>Entradas<\/strong><\/td>\n<td width=\"539\">Poliamida (PA 6 30 % GR)<\/td>\n<\/tr>\n<tr>\n<td width=\"539\"><strong>Elemento de trava<\/strong><\/td>\n<td width=\"539\">Zinco diecast (ZnAl4Cu1)<\/td>\n<\/tr>\n<tr>\n<td width=\"539\"><strong>Carca\u00e7a<\/strong><\/td>\n<td width=\"539\">Zinco diecast (ZnAl4Cu1)<\/td>\n<\/tr>\n<tr>\n<td width=\"539\"><strong>Al\u00edvio de tens\u00e3o<\/strong><\/td>\n<td width=\"539\">Polyacetal (POM)<\/td>\n<\/tr>\n<\/tbody>\n<\/table>\n<p>&nbsp;<\/p>\n<table>\n<tbody>\n<tr>\n<td width=\"539\"><strong>Ambiental<\/strong><\/td>\n<td width=\"539\"><\/td>\n<\/tr>\n<tr>\n<td width=\"539\"><strong>Inflamabilidade<\/strong><\/td>\n<td width=\"539\">UL 94 HB<\/td>\n<\/tr>\n<tr>\n<td width=\"539\"><strong>Classe de prote\u00e7\u00e3o<\/strong><\/td>\n<td width=\"539\">IP 54 (em conjunto)<\/td>\n<\/tr>\n<tr>\n<td width=\"539\"><strong>Soldabilidade<\/strong><\/td>\n<td width=\"539\">Cumpre com IEC 68-2-20<\/td>\n<\/tr>\n<tr>\n<td width=\"539\"><strong>Varia\u00e7\u00e3o de temperatura<\/strong><\/td>\n<td width=\"539\">-30 \u00b0C at\u00e9 +80 \u00b0C<\/td>\n<\/tr>\n<\/tbody>\n<\/table>\n<p>&nbsp;<\/p>\n","protected":false},"excerpt":{"rendered":"<p>C\u00f3d: 14830 Conector de painel HDMI (1.3) compat\u00edvel com todos os formatos de transmiss\u00e3o de TV digital e PC (inclusive high-definition HDTV), no formato do chassi &#8220;D&#8221;, sistema back to back (caso tenha outra entrada HDMI atr\u00e1s do conector). Caracter\u00edsticas Classifica\u00e7\u00e3o atual 40 A cont\u00ednuo, sinal de \u00e1udio de 50 A com ciclo de trabalho [&#8230;]\n","protected":false},"featured_media":1048,"comment_status":"open","ping_status":"closed","template":"","meta":[],"_links":{"self":[{"href":"https:\/\/site.izzo.com.br\/neutrik\/wp-json\/wp\/v2\/product\/1047"}],"collection":[{"href":"https:\/\/site.izzo.com.br\/neutrik\/wp-json\/wp\/v2\/product"}],"about":[{"href":"https:\/\/site.izzo.com.br\/neutrik\/wp-json\/wp\/v2\/types\/product"}],"replies":[{"embeddable":true,"href":"https:\/\/site.izzo.com.br\/neutrik\/wp-json\/wp\/v2\/comments?post=1047"}],"wp:featuredmedia":[{"embeddable":true,"href":"https:\/\/site.izzo.com.br\/neutrik\/wp-json\/wp\/v2\/media\/1048"}],"wp:attachment":[{"href":"https:\/\/site.izzo.com.br\/neutrik\/wp-json\/wp\/v2\/media?parent=1047"}],"curies":[{"name":"wp","href":"https:\/\/api.w.org\/{rel}","templated":true}]}}