{"id":1049,"date":"2020-06-16T15:28:37","date_gmt":"2020-06-16T18:28:37","guid":{"rendered":"http:\/\/izzo.com.br\/TEMPSITES\/neutrik\/index.php\/product\/conector-neutrik-nlt4mp-pacote-com-10-pecas\/"},"modified":"2020-06-30T17:32:54","modified_gmt":"2020-06-30T20:32:54","slug":"conector-neutrik-nlt4mp","status":"publish","type":"product","link":"https:\/\/site.izzo.com.br\/neutrik\/produto\/conector-neutrik-nlt4mp\/","title":{"rendered":"CONECTOR NEUTRIK NLT4MP"},"content":{"rendered":"<p>C\u00f3d: 14821<\/p>\n<p>Conector de painel Speakon macho de 4 polos, corpo em metal.<\/p>\n<h2><strong>Caracter\u00edsticas<\/strong><\/h2>\n<ul>\n<li class=\"tw-data-text tw-text-large XcVN5d tw-ta\" dir=\"ltr\" data-placeholder=\"Tradu\u00e7\u00e3o\"><span lang=\"pt\">Carca\u00e7a de metal extremamente robusta projetada para ambientes agressivos e exigentes<\/span><\/li>\n<li class=\"tw-data-text tw-text-large XcVN5d tw-ta\" dir=\"ltr\" data-placeholder=\"Tradu\u00e7\u00e3o\"><span lang=\"pt\">Classifica\u00e7\u00e3o atual de 40 A cont\u00ednua, \u00e1udio de 50 A com ciclo de trabalho de 50%<br \/>\n<\/span><\/li>\n<li id=\"tw-target-text\" class=\"tw-data-text tw-text-large XcVN5d tw-ta\" dir=\"ltr\" data-placeholder=\"Tradu\u00e7\u00e3o\"><span lang=\"pt\">Posicionamentos com todos os produtos speakON dispon\u00edveis atualmente<\/span><\/li>\n<li class=\"tw-data-text tw-text-large XcVN5d tw-ta\" dir=\"ltr\" data-placeholder=\"Tradu\u00e7\u00e3o\"><span lang=\"pt\">A vers\u00e3o de 4 polos possui componentes reconhecidos pela UL, listados na CSA<\/span><\/li>\n<li class=\"tw-data-text tw-text-large XcVN5d tw-ta\" dir=\"ltr\" data-placeholder=\"Tradu\u00e7\u00e3o\"><span lang=\"pt\">Produto ideal para aplica\u00e7\u00f5es de turismo e ambientes agressivos<\/span><\/li>\n<li class=\"tw-data-text tw-text-large XcVN5d tw-ta\" dir=\"ltr\" data-placeholder=\"Tradu\u00e7\u00e3o\"><span lang=\"pt\">Utiliza o sistema &#8220;Quick Lock&#8221; preciso<\/span><\/li>\n<li class=\"tw-data-text tw-text-large XcVN5d tw-ta\" dir=\"ltr\" data-placeholder=\"Tradu\u00e7\u00e3o\"><span lang=\"pt\">A gaxeta embutida \u00e0 prova de intemp\u00e9ries atende \u00e0 classe de prote\u00e7\u00e3o IP 54 em condi\u00e7\u00f5es de acoplamento<\/span><\/li>\n<li class=\"tw-data-text tw-text-large XcVN5d tw-ta\" dir=\"ltr\" data-placeholder=\"Tradu\u00e7\u00e3o\"><span lang=\"pt\">Gama de 4 tipos &#8211; tamb\u00e9m conector de cabo macho e recept\u00e1culo f\u00eamea na vers\u00e3o de 4 polos<\/span><span lang=\"pt\"><br \/>\n<\/span><\/li>\n<\/ul>\n<h2 class=\"headline-three\"><strong>Informa\u00e7\u00f5es T\u00e9cnicas<\/strong><\/h2>\n<table>\n<tbody>\n<tr>\n<td width=\"539\"><span style=\"color: #00a859; font-size: 120%;\"><strong>Produto<\/strong><\/span><\/td>\n<td width=\"539\"><\/td>\n<\/tr>\n<tr>\n<td width=\"539\"><strong>T\u00edtulo<\/strong><\/td>\n<td width=\"539\">NLT4MP<\/td>\n<\/tr>\n<tr>\n<td width=\"539\"><strong>Tipo de conex\u00e3o<\/strong><\/td>\n<td width=\"539\">speakON<\/td>\n<\/tr>\n<tr>\n<td width=\"539\"><strong>G\u00eanero<\/strong><\/td>\n<td width=\"539\">macho<\/td>\n<\/tr>\n<\/tbody>\n<\/table>\n<p>&nbsp;<\/p>\n<table>\n<tbody>\n<tr>\n<td width=\"539\"><span style=\"color: #00a859; font-size: 120%;\"><strong>El\u00e9trica<\/strong><\/span><\/td>\n<td width=\"539\"><\/td>\n<\/tr>\n<tr>\n<td width=\"539\"><strong>Resist\u00eancia de Contato<\/strong><\/td>\n<td width=\"539\">&lt; 2 m\u03a9 (ap\u00f3s vida \u00fatil)<\/td>\n<\/tr>\n<tr>\n<td width=\"539\"><strong>Rigidez diel\u00e9trica<\/strong><\/td>\n<td width=\"539\">4 kVdc (pico)<\/td>\n<\/tr>\n<tr>\n<td width=\"539\"><strong>Resist\u00eancia de isolamento<\/strong><\/td>\n<td width=\"539\">&gt; 10 G\u03a9<\/td>\n<\/tr>\n<tr>\n<td width=\"539\"><strong>Corrente nominal por contato<\/strong><\/td>\n<td width=\"539\">40 A rms cont\u00ednuo<\/td>\n<\/tr>\n<tr>\n<td width=\"539\"><strong>Corrente nominal por contato<\/strong><\/td>\n<td width=\"539\">50 A sinal sonoro, ciclo de trabalho 50 %<\/td>\n<\/tr>\n<tr>\n<td width=\"539\"><strong>Tens\u00e3o nominal<\/strong><\/td>\n<td width=\"539\">250 V ac<\/td>\n<\/tr>\n<tr>\n<td width=\"539\"><strong>Aten\u00e7\u00e3o<\/strong><\/td>\n<td width=\"539\">O speakON N\u00c3O deve ser usado como um cabo de alimenta\u00e7\u00e3o CA ou conector de fonte de alimenta\u00e7\u00e3o!<\/td>\n<\/tr>\n<\/tbody>\n<\/table>\n<p>&nbsp;<\/p>\n<table>\n<tbody>\n<tr>\n<td width=\"539\"><span style=\"color: #00a859; font-size: 120%;\"><strong>Mec\u00e2nica<\/strong><\/span><\/td>\n<td width=\"539\"><\/td>\n<\/tr>\n<tr>\n<td width=\"539\"><strong>Vida \u00fatil<\/strong><\/td>\n<td width=\"539\">&gt; 5000 ciclos<\/td>\n<\/tr>\n<tr>\n<td width=\"539\"><strong>Tamanho de cabo<\/strong><\/td>\n<td width=\"539\"><\/td>\n<\/tr>\n<tr>\n<td width=\"539\"><strong>Dispositivo de trava<\/strong><\/td>\n<td width=\"539\">Quick Lock<\/td>\n<\/tr>\n<tr>\n<td width=\"539\"><strong>Formato de chassi<\/strong><\/td>\n<td width=\"539\">flange quadrada de tamanho G<\/td>\n<\/tr>\n<tr>\n<td width=\"539\"><strong>Layout<\/strong><\/td>\n<td width=\"539\">Quatro furos<\/td>\n<\/tr>\n<\/tbody>\n<\/table>\n<p>&nbsp;<\/p>\n<table>\n<tbody>\n<tr>\n<td width=\"539\"><span style=\"color: #00a859; font-size: 120%;\"><strong>Material<\/strong><\/span><\/td>\n<td width=\"539\"><\/td>\n<\/tr>\n<tr>\n<td width=\"539\"><strong>Galvaniza\u00e7\u00e3o por contato<\/strong><\/td>\n<td width=\"539\">4 \u00b5m Ag<\/td>\n<\/tr>\n<tr>\n<td width=\"539\"><strong>Entrada<\/strong><\/td>\n<td width=\"539\">Poliamida (PA 6 30 % GR)<\/td>\n<\/tr>\n<tr>\n<td width=\"539\"><strong>Carca\u00e7a<\/strong><\/td>\n<td width=\"539\">Zinc diecast (ZnAl4Cu1) Ni<\/td>\n<\/tr>\n<tr>\n<td width=\"539\"><strong>Contatos<\/strong><\/td>\n<td width=\"539\">Spring Copper (CuSn0.2)<\/td>\n<\/tr>\n<\/tbody>\n<\/table>\n<p>&nbsp;<\/p>\n<table>\n<tbody>\n<tr>\n<td width=\"539\"><span style=\"color: #00a859; font-size: 120%;\"><strong>Ambiental<\/strong><\/span><\/td>\n<td width=\"539\"><\/td>\n<\/tr>\n<tr>\n<td width=\"539\"><strong>Inflamabilidade<\/strong><\/td>\n<td width=\"539\">UL 94 HB<\/td>\n<\/tr>\n<tr>\n<td width=\"539\"><strong>Classe de prote\u00e7\u00e3o<\/strong><\/td>\n<td width=\"539\">IP 54 (condi\u00e7\u00e3o em conjunto)<\/td>\n<\/tr>\n<tr>\n<td width=\"539\"><strong>Soldabilidade<\/strong><\/td>\n<td width=\"539\">Cumpre com IEC 68-2-20<\/td>\n<\/tr>\n<tr>\n<td width=\"539\"><strong>Varia\u00e7\u00e3o de temperatura<\/strong><\/td>\n<td width=\"539\">-30 \u00b0C at\u00e9 \u00a0+80 \u00b0C<\/td>\n<\/tr>\n<\/tbody>\n<\/table>\n","protected":false},"excerpt":{"rendered":"<p>C\u00f3d: 14821 Conector de painel Speakon macho de 4 polos, corpo em metal. Caracter\u00edsticas Carca\u00e7a de metal extremamente robusta projetada para ambientes agressivos e exigentes Classifica\u00e7\u00e3o atual de 40 A cont\u00ednua, \u00e1udio de 50 A com ciclo de trabalho de 50% Posicionamentos com todos os produtos speakON dispon\u00edveis atualmente A vers\u00e3o de 4 polos possui [&#8230;]\n","protected":false},"featured_media":1010,"comment_status":"open","ping_status":"closed","template":"","meta":[],"_links":{"self":[{"href":"https:\/\/site.izzo.com.br\/neutrik\/wp-json\/wp\/v2\/product\/1049"}],"collection":[{"href":"https:\/\/site.izzo.com.br\/neutrik\/wp-json\/wp\/v2\/product"}],"about":[{"href":"https:\/\/site.izzo.com.br\/neutrik\/wp-json\/wp\/v2\/types\/product"}],"replies":[{"embeddable":true,"href":"https:\/\/site.izzo.com.br\/neutrik\/wp-json\/wp\/v2\/comments?post=1049"}],"wp:featuredmedia":[{"embeddable":true,"href":"https:\/\/site.izzo.com.br\/neutrik\/wp-json\/wp\/v2\/media\/1010"}],"wp:attachment":[{"href":"https:\/\/site.izzo.com.br\/neutrik\/wp-json\/wp\/v2\/media?parent=1049"}],"curies":[{"name":"wp","href":"https:\/\/api.w.org\/{rel}","templated":true}]}}