{"id":1053,"date":"2020-06-16T15:28:39","date_gmt":"2020-06-16T18:28:39","guid":{"rendered":"http:\/\/izzo.com.br\/TEMPSITES\/neutrik\/index.php\/product\/conector-neutrik-nlt8fx\/"},"modified":"2020-06-30T17:34:46","modified_gmt":"2020-06-30T20:34:46","slug":"conector-neutrik-nlt8fx","status":"publish","type":"product","link":"https:\/\/site.izzo.com.br\/neutrik\/produto\/conector-neutrik-nlt8fx\/","title":{"rendered":"CONECTOR NEUTRIK NLT8FX"},"content":{"rendered":"<p>C\u00f3d: 14839<\/p>\n<p>Conector f\u00eamea de 3 polos, carca\u00e7a de n\u00edquel, al\u00edvio de tens\u00e3o do tipo bucha. A nova s\u00e9rie STX \u00e9 a pr\u00f3xima gera\u00e7\u00e3o de conectores de 8 polos speakON especialmente projetados para aplica\u00e7\u00f5es de alto-falante e amplificador para servi\u00e7os pesados, como um som de turn\u00ea profissional. A s\u00e9rie STX extremamente robusta e dur\u00e1vel possui um sistema totalmente met\u00e1lico de trava e trava de trava refor\u00e7ada com metal.<\/p>\n<h2><strong>Caracter\u00edsticas<\/strong><\/h2>\n<ul>\n<li>Classifica\u00e7\u00e3o atual 40 A cont\u00ednuo, sinal de \u00e1udio de 50 A com ciclo de trabalho de 50%<\/li>\n<li class=\"tw-data-text tw-text-large XcVN5d tw-ta\" dir=\"ltr\" data-placeholder=\"Tradu\u00e7\u00e3o\"><span lang=\"pt\">Sistema de trava r\u00e1pida de metal refor\u00e7ado para facilitar e travar com precis\u00e3o<br \/>\n<\/span><\/li>\n<li>Combine com todos os produtos speakON dispon\u00edveis<\/li>\n<li>Carca\u00e7a met\u00e1lica robusta e dur\u00e1vel<\/li>\n<li>Contatos de solda extra grandes para fios de at\u00e9 6 mm\u00b2 (AWG10)<\/li>\n<\/ul>\n<h2 class=\"headline-three\"><strong>Informa\u00e7\u00f5es T\u00e9cnicas<\/strong><\/h2>\n<table>\n<tbody>\n<tr>\n<td width=\"539\"><span style=\"color: #00a859; font-size: 120%;\"><strong>Produto<\/strong><\/span><\/td>\n<td width=\"539\"><\/td>\n<\/tr>\n<tr>\n<td width=\"539\"><strong>T\u00edtulo<\/strong><\/td>\n<td width=\"539\">NLT8FX<\/td>\n<\/tr>\n<tr>\n<td width=\"539\"><strong>Tipo de conex\u00e3o<\/strong><\/td>\n<td width=\"539\">speakON<\/td>\n<\/tr>\n<tr>\n<td width=\"539\"><strong>G\u00eanero<\/strong><\/td>\n<td width=\"539\">f\u00eamea<\/td>\n<\/tr>\n<\/tbody>\n<\/table>\n<p>&nbsp;<\/p>\n<table>\n<tbody>\n<tr>\n<td width=\"285\"><span style=\"color: #00a859; font-size: 120%;\"><strong>El\u00e9trica<\/strong><\/span><\/td>\n<td width=\"282\"><\/td>\n<\/tr>\n<tr>\n<td width=\"285\"><strong>Resist\u00eancia de contato<\/strong><\/td>\n<td width=\"282\">&lt; 2 m\u03a9 (ap\u00f3s vida \u00fatil)<\/td>\n<\/tr>\n<tr>\n<td width=\"285\"><strong>Rigidez diel\u00e9trica<\/strong><\/td>\n<td width=\"282\">4 kVdc (pico)<\/td>\n<\/tr>\n<tr>\n<td width=\"285\"><strong>Resist\u00eancia de isolamento<\/strong><\/td>\n<td width=\"282\">&gt; 10 G\u03a9<\/td>\n<\/tr>\n<tr>\n<td width=\"285\"><strong>Corrente nominal por contato<\/strong><\/td>\n<td width=\"282\">40 A rms cont\u00ednuo<\/td>\n<\/tr>\n<tr>\n<td width=\"285\"><strong>Corrente nominal por contato<\/strong><\/td>\n<td width=\"282\">50 A sinal sonoro, ciclo de trabalho 50 %<\/td>\n<\/tr>\n<tr>\n<td width=\"285\"><strong>Tens\u00e3o nominal<\/strong><\/td>\n<td width=\"282\">250 V ac<\/td>\n<\/tr>\n<tr>\n<td width=\"285\"><strong>Aten\u00e7\u00e3o<\/strong><\/td>\n<td width=\"282\">O speakON N\u00c3O deve ser usado como um cabo de alimenta\u00e7\u00e3o CA ou conector de fonte de alimenta\u00e7\u00e3o!<\/td>\n<\/tr>\n<\/tbody>\n<\/table>\n<p>&nbsp;<\/p>\n<table>\n<tbody>\n<tr>\n<td width=\"289\"><span style=\"color: #00a859; font-size: 120%;\"><strong>Mec\u00e2nica<\/strong><\/span><\/td>\n<td width=\"278\"><\/td>\n<\/tr>\n<tr>\n<td width=\"289\"><strong>Cabo O.D.<\/strong><\/td>\n<td width=\"278\">8 &#8211; 20 mm<\/td>\n<\/tr>\n<tr>\n<td width=\"289\"><strong>Reten\u00e7\u00e3o de cabo<\/strong><\/td>\n<td width=\"278\">\u2265 220 N (sujeito ao cabo O.D. e material)<\/td>\n<\/tr>\n<tr>\n<td width=\"289\"><strong>Vida \u00fatil<\/strong><\/td>\n<td width=\"278\">&gt; 5000 ciclos<\/td>\n<\/tr>\n<tr>\n<td width=\"289\"><strong>Tamanho do cabo<\/strong><\/td>\n<td width=\"278\">6 mm\u00b2<\/td>\n<\/tr>\n<tr>\n<td width=\"289\"><strong>Tamanho do cabo<\/strong><\/td>\n<td width=\"278\">10 AWG<\/td>\n<\/tr>\n<tr>\n<td width=\"289\"><strong>Cabeamento<\/strong><\/td>\n<td width=\"278\">Contatos de solda<\/td>\n<\/tr>\n<tr>\n<td width=\"289\"><strong>Dispositivo de trava<\/strong><\/td>\n<td width=\"278\">Quick Lock (latch)<\/td>\n<\/tr>\n<\/tbody>\n<\/table>\n<p>&nbsp;<\/p>\n<table>\n<tbody>\n<tr>\n<td width=\"539\"><span style=\"color: #00a859; font-size: 120%;\"><strong>Material<\/strong><\/span><\/td>\n<td width=\"539\"><\/td>\n<\/tr>\n<tr>\n<td width=\"539\"><strong>Galvaniza\u00e7\u00e3o por contato<\/strong><\/td>\n<td width=\"539\">4 \u00b5m Ag<\/td>\n<\/tr>\n<tr>\n<td width=\"539\"><strong>Contatos<\/strong><\/td>\n<td width=\"539\">Spring copper<\/td>\n<\/tr>\n<tr>\n<td width=\"539\"><strong>Entradas<\/strong><\/td>\n<td width=\"539\">Poliamida (PA 6 30 % GR)<\/td>\n<\/tr>\n<tr>\n<td width=\"539\"><strong>Elemento de trava<\/strong><\/td>\n<td width=\"539\">Zinc diecast (ZnAl4Cu1)<\/td>\n<\/tr>\n<tr>\n<td width=\"539\"><strong>Carca\u00e7a<\/strong><\/td>\n<td width=\"539\">Zinc diecast (ZnAl4Cu1)<\/td>\n<\/tr>\n<tr>\n<td width=\"539\"><strong>Al\u00edvio de tens\u00e3o<\/strong><\/td>\n<td width=\"539\">Polyacetal (POM)<\/td>\n<\/tr>\n<\/tbody>\n<\/table>\n<p>&nbsp;<\/p>\n<table>\n<tbody>\n<tr>\n<td width=\"539\"><span style=\"font-size: 120%; color: #00a859;\"><strong>Ambiental<\/strong><\/span><\/td>\n<td width=\"539\"><\/td>\n<\/tr>\n<tr>\n<td width=\"539\"><strong>Inflamabilidade<\/strong><\/td>\n<td width=\"539\">UL 94 HB<\/td>\n<\/tr>\n<tr>\n<td width=\"539\"><strong>Classe de prote\u00e7\u00e3o<\/strong><\/td>\n<td width=\"539\">IP 50 (em conjunto)<\/td>\n<\/tr>\n<tr>\n<td width=\"539\"><strong>Soldabilidade<\/strong><\/td>\n<td width=\"539\">Cumpre com IEC 68-2-20<\/td>\n<\/tr>\n<tr>\n<td width=\"539\"><strong>Varia\u00e7\u00e3o de temperatura<\/strong><\/td>\n<td width=\"539\">-30 \u00b0C at\u00e9 +80 \u00b0C<\/td>\n<\/tr>\n<\/tbody>\n<\/table>\n<pre id=\"tw-target-text\" class=\"tw-data-text tw-text-large XcVN5d tw-ta\" dir=\"ltr\" data-placeholder=\"Tradu\u00e7\u00e3o\"><\/pre>\n","protected":false},"excerpt":{"rendered":"<p>C\u00f3d: 14839 Conector f\u00eamea de 3 polos, carca\u00e7a de n\u00edquel, al\u00edvio de tens\u00e3o do tipo bucha. A nova s\u00e9rie STX \u00e9 a pr\u00f3xima gera\u00e7\u00e3o de conectores de 8 polos speakON especialmente projetados para aplica\u00e7\u00f5es de alto-falante e amplificador para servi\u00e7os pesados, como um som de turn\u00ea profissional. A s\u00e9rie STX extremamente robusta e dur\u00e1vel possui [&#8230;]\n","protected":false},"featured_media":1056,"comment_status":"open","ping_status":"closed","template":"","meta":[],"_links":{"self":[{"href":"https:\/\/site.izzo.com.br\/neutrik\/wp-json\/wp\/v2\/product\/1053"}],"collection":[{"href":"https:\/\/site.izzo.com.br\/neutrik\/wp-json\/wp\/v2\/product"}],"about":[{"href":"https:\/\/site.izzo.com.br\/neutrik\/wp-json\/wp\/v2\/types\/product"}],"replies":[{"embeddable":true,"href":"https:\/\/site.izzo.com.br\/neutrik\/wp-json\/wp\/v2\/comments?post=1053"}],"wp:featuredmedia":[{"embeddable":true,"href":"https:\/\/site.izzo.com.br\/neutrik\/wp-json\/wp\/v2\/media\/1056"}],"wp:attachment":[{"href":"https:\/\/site.izzo.com.br\/neutrik\/wp-json\/wp\/v2\/media?parent=1053"}],"curies":[{"name":"wp","href":"https:\/\/api.w.org\/{rel}","templated":true}]}}