{"id":1057,"date":"2020-06-16T15:28:43","date_gmt":"2020-06-16T18:28:43","guid":{"rendered":"http:\/\/izzo.com.br\/TEMPSITES\/neutrik\/index.php\/product\/conector-neutrik-nc3faah-2-pacote-com-100-pecas\/"},"modified":"2020-06-30T15:11:25","modified_gmt":"2020-06-30T18:11:25","slug":"conector-neutrik-nc3faah-2","status":"publish","type":"product","link":"https:\/\/site.izzo.com.br\/neutrik\/produto\/conector-neutrik-nc3faah-2\/","title":{"rendered":"CONECTOR NEUTRIK NC3FAAH2"},"content":{"rendered":"<p>C\u00f3d: 14835<\/p>\n<p>Conector de painel XLR f\u00eamea de 3 polos, pino de aterramento no chassis, corpo em pl\u00e1stico, trava, terminais PCB na horizontal.<\/p>\n<h2><strong>Caracter\u00edsticas<\/strong><\/h2>\n<ul>\n<li>S\u00e9rie mais econ\u00f4mica<\/li>\n<li>Contato banhado a ouro seletivo e \u00e1rea de termina\u00e7\u00e3o de PCB para melhor condutividade e soldabilidade<\/li>\n<li>Design de contato tipo &#8220;tulipa&#8221; com alta press\u00e3o de contato para maior durabilidade<\/li>\n<\/ul>\n<h2 class=\"headline-three\"><strong>Informa\u00e7\u00f5es T\u00e9cnicas<\/strong><\/h2>\n<table>\n<tbody>\n<tr>\n<td width=\"539\"><span style=\"font-size: 120%; color: #00a859;\"><strong>Produto<\/strong><\/span><\/td>\n<td width=\"539\"><\/td>\n<\/tr>\n<tr>\n<td width=\"539\"><strong>T\u00edtulo<\/strong><\/td>\n<td width=\"539\">NC3FAAH2<\/td>\n<\/tr>\n<tr>\n<td width=\"539\"><strong>Tipo de conex\u00e3o<\/strong><\/td>\n<td width=\"539\">XLR<\/td>\n<\/tr>\n<tr>\n<td width=\"539\"><strong>G\u00eanero <\/strong><\/td>\n<td width=\"539\">F\u00eamea<\/td>\n<\/tr>\n<\/tbody>\n<\/table>\n<p>&nbsp;<\/p>\n<table>\n<tbody>\n<tr>\n<td width=\"539\"><span style=\"color: #00a859; font-size: 120%;\"><strong>El\u00e9trica<\/strong><\/span><\/td>\n<td width=\"539\"><\/td>\n<\/tr>\n<tr>\n<td width=\"539\"><strong>Capacit\u00e2ncia entre contatos<\/strong><\/td>\n<td width=\"539\">\u2264 4 pF<\/td>\n<\/tr>\n<tr>\n<td width=\"539\"><strong>Contato de resist\u00eancia<\/strong><\/td>\n<td width=\"539\">\u2264 6 m\u03a9<\/td>\n<\/tr>\n<tr>\n<td width=\"539\"><strong>Rigidez diel\u00e9trica<\/strong><\/td>\n<td width=\"539\">1,5 kVdc<\/td>\n<\/tr>\n<tr>\n<td width=\"539\"><strong>Resist\u00eancia de isolamento<\/strong><\/td>\n<td width=\"539\">&gt; 10 G\u03a9 (inicial)<\/td>\n<\/tr>\n<tr>\n<td width=\"539\"><strong>Corrente nominal por contato<\/strong><\/td>\n<td width=\"539\">6 A<\/td>\n<\/tr>\n<tr>\n<td width=\"539\"><strong>Tens\u00e3o nominal<\/strong><\/td>\n<td width=\"539\">&lt; 50 V<\/td>\n<\/tr>\n<tr>\n<td width=\"539\"><strong>Op\u00e7\u00f5es de Aterramento<\/strong><\/td>\n<td width=\"539\">Contato com o terra separado conectado \u00e0 carca\u00e7a do conector correspondente e ao painel frontal, sem conex\u00e3o ao pino 1<\/td>\n<\/tr>\n<\/tbody>\n<\/table>\n<p>&nbsp;<\/p>\n<table>\n<tbody>\n<tr>\n<td width=\"539\"><span style=\"color: #00a859; font-size: 120%;\"><strong>Mec\u00e2nica<\/strong><\/span><\/td>\n<td width=\"539\"><\/td>\n<\/tr>\n<tr>\n<td width=\"539\"><strong>For\u00e7a de inser\u00e7\u00e3o<\/strong><\/td>\n<td width=\"539\">\u2264 20 N<\/td>\n<\/tr>\n<tr>\n<td width=\"539\"><strong>For\u00e7a de retirada<\/strong><\/td>\n<td width=\"539\">\u2264 20 N<\/td>\n<\/tr>\n<tr>\n<td width=\"539\"><strong>Vida \u00fatil<\/strong><\/td>\n<td width=\"539\">&gt; 1000 ciclos<\/td>\n<\/tr>\n<tr>\n<td width=\"539\"><strong>Tamanho de cabo<\/strong><\/td>\n<td width=\"539\"><\/td>\n<\/tr>\n<tr>\n<td width=\"539\"><strong>Cabeamento<\/strong><\/td>\n<td width=\"539\">PCB montagem horizontal<\/td>\n<\/tr>\n<tr>\n<td width=\"539\"><strong>Dispositivo de trava<\/strong><\/td>\n<td width=\"539\">Latch lock<\/td>\n<\/tr>\n<tr>\n<td width=\"539\"><strong>Dire\u00e7\u00e3o de montagem<\/strong><\/td>\n<td width=\"539\">Montagem traseira<\/td>\n<\/tr>\n<tr>\n<td width=\"539\"><strong>Formato do Chassi<\/strong><\/td>\n<td width=\"539\">A<\/td>\n<\/tr>\n<tr>\n<td width=\"539\"><strong>Montagem<\/strong><\/td>\n<td width=\"539\">A-Screw<\/td>\n<\/tr>\n<\/tbody>\n<\/table>\n<p>&nbsp;<\/p>\n<table>\n<tbody>\n<tr>\n<td width=\"539\"><span style=\"color: #00a859; font-size: 120%;\"><strong>Material<\/strong><\/span><\/td>\n<td width=\"539\"><\/td>\n<\/tr>\n<tr>\n<td width=\"539\"><strong>Contatos<\/strong><\/td>\n<td width=\"539\">Bronze (CuSn6)<\/td>\n<\/tr>\n<tr>\n<td width=\"539\"><strong>Elemento de trava<\/strong><\/td>\n<td width=\"539\">A\u00e7o Ck67<\/td>\n<\/tr>\n<tr>\n<td width=\"539\"><strong>Carca\u00e7a<\/strong><\/td>\n<td width=\"539\">Poliamida (PA 6.6 30 % GR)<\/td>\n<\/tr>\n<\/tbody>\n<\/table>\n<p>&nbsp;<\/p>\n<table>\n<tbody>\n<tr>\n<td width=\"539\"><span style=\"color: #00a859; font-size: 120%;\"><strong>Ambiental<\/strong><\/span><\/td>\n<td width=\"539\"><\/td>\n<\/tr>\n<tr>\n<td width=\"539\"><strong>Aprova\u00e7\u00f5es<\/strong><\/td>\n<td width=\"539\">UL<\/td>\n<\/tr>\n<tr>\n<td width=\"539\"><strong>Inflamabilidade<\/strong><\/td>\n<td width=\"539\">UL 94 HB<\/td>\n<\/tr>\n<tr>\n<td width=\"539\"><strong>Padr\u00e3o de conformidade<\/strong><\/td>\n<td width=\"539\">IEC 61076-2-103<\/td>\n<\/tr>\n<tr>\n<td width=\"539\"><strong>Classe de prote\u00e7\u00e3o<\/strong><\/td>\n<td width=\"539\">IP 40<\/td>\n<\/tr>\n<tr>\n<td width=\"539\"><strong>Soldabilidade<\/strong><\/td>\n<td width=\"539\">Cumpre com IEC 68-2-20<\/td>\n<\/tr>\n<tr>\n<td width=\"539\"><strong>Varia\u00e7\u00e3o de temperatura<\/strong><\/td>\n<td width=\"539\">-30 \u00b0C at\u00e9 \u00a0+80 \u00b0C<\/td>\n<\/tr>\n<\/tbody>\n<\/table>\n<p>&nbsp;<\/p>\n","protected":false},"excerpt":{"rendered":"<p>C\u00f3d: 14835 Conector de painel XLR f\u00eamea de 3 polos, pino de aterramento no chassis, corpo em pl\u00e1stico, trava, terminais PCB na horizontal. Caracter\u00edsticas S\u00e9rie mais econ\u00f4mica Contato banhado a ouro seletivo e \u00e1rea de termina\u00e7\u00e3o de PCB para melhor condutividade e soldabilidade Design de contato tipo &#8220;tulipa&#8221; com alta press\u00e3o de contato para maior [&#8230;]\n","protected":false},"featured_media":976,"comment_status":"open","ping_status":"closed","template":"","meta":[],"_links":{"self":[{"href":"https:\/\/site.izzo.com.br\/neutrik\/wp-json\/wp\/v2\/product\/1057"}],"collection":[{"href":"https:\/\/site.izzo.com.br\/neutrik\/wp-json\/wp\/v2\/product"}],"about":[{"href":"https:\/\/site.izzo.com.br\/neutrik\/wp-json\/wp\/v2\/types\/product"}],"replies":[{"embeddable":true,"href":"https:\/\/site.izzo.com.br\/neutrik\/wp-json\/wp\/v2\/comments?post=1057"}],"wp:featuredmedia":[{"embeddable":true,"href":"https:\/\/site.izzo.com.br\/neutrik\/wp-json\/wp\/v2\/media\/976"}],"wp:attachment":[{"href":"https:\/\/site.izzo.com.br\/neutrik\/wp-json\/wp\/v2\/media?parent=1057"}],"curies":[{"name":"wp","href":"https:\/\/api.w.org\/{rel}","templated":true}]}}