{"id":1071,"date":"2020-06-16T15:28:52","date_gmt":"2020-06-16T18:28:52","guid":{"rendered":"http:\/\/izzo.com.br\/TEMPSITES\/neutrik\/index.php\/product\/conector-neutrik-nc3fxx-pacote-com-50-pecas\/"},"modified":"2020-11-12T09:44:59","modified_gmt":"2020-11-12T12:44:59","slug":"conector-neutrik-nc3fxx","status":"publish","type":"product","link":"https:\/\/site.izzo.com.br\/neutrik\/produto\/conector-neutrik-nc3fxx\/","title":{"rendered":"CONECTOR NEUTRIK NC3FXX"},"content":{"rendered":"<p>C\u00f3d: 14811<\/p>\n<p>Conector de cabo\/linha XLR f\u00eamea de 3 polos, corpo em metal niquelado, contatos em prata, m\u00faltiplos pontos de contato, novo sistema &#8220;solder stop&#8221; que n\u00e3o deixa a solda fluir para dentro do contato.<\/p>\n<h2><strong>Caracter\u00edsticas<\/strong><\/h2>\n<ul>\n<li>Design exclusivo da gaiola do contato f\u00eamea para baixa resist\u00eancia ao contato e alta integridade<\/li>\n<li>Conector f\u00eamea com trava de metal s\u00f3lido aprimorada, maior e mais f\u00e1cil de manusear<\/li>\n<li>Al\u00edvio de tens\u00e3o aprimorado do tipo mandril fornece maior for\u00e7a de tra\u00e7\u00e3o e facilita a montagem e mais rapidamente<\/li>\n<li>An\u00e9is e botas coloridos dispon\u00edveis para codifica\u00e7\u00e3o ou identifica\u00e7\u00e3o<\/li>\n<li>Casco fundido de zinco robusto, duradouro e confi\u00e1vel<\/li>\n<li>Marcado com holograma exclusivo &#8211; garante produto Neutrik genu\u00edno e aut\u00eantico<\/li>\n<li>O contato feminino incorpora uma barreira de solda para impedir que a solda entre na \u00e1rea de contato<\/li>\n<li>Contatos adicionais de mola de aterramento para melhor continuidade do aterramento da casca<\/li>\n<li>A boot de poliuretano oferece alta prote\u00e7\u00e3o contra as tens\u00f5es de flex\u00e3o de cabos<\/li>\n<li>Design elegante e ergon\u00f4mico &#8211; valioso e pr\u00e1tico<\/li>\n<li>Rosca interna na casca est\u00e1 bem protegida contra qualquer dano<\/li>\n<\/ul>\n<h2 class=\"headline-three\"><strong>Informa\u00e7\u00f5es T\u00e9cnicas<\/strong><\/h2>\n<table>\n<tbody>\n<tr>\n<td width=\"539\"><span style=\"color: #00a859; font-size: 120%;\"><strong>Produto<\/strong><\/span><\/td>\n<td width=\"539\"><\/td>\n<\/tr>\n<tr>\n<td width=\"539\"><strong>T\u00edtulo<\/strong><\/td>\n<td width=\"539\">NC3FXX<\/td>\n<\/tr>\n<tr>\n<td width=\"539\"><strong>Tipo de conex\u00e3o<\/strong><\/td>\n<td width=\"539\">XLR<\/td>\n<\/tr>\n<tr>\n<td width=\"539\"><strong>G\u00eanero <\/strong><\/td>\n<td width=\"539\">F\u00eamea<\/td>\n<\/tr>\n<\/tbody>\n<\/table>\n<p>&nbsp;<\/p>\n<table>\n<tbody>\n<tr>\n<td width=\"539\"><span style=\"color: #00a859; font-size: 120%;\"><strong>El\u00e9trica<\/strong><\/span><\/td>\n<td width=\"539\"><\/td>\n<\/tr>\n<tr>\n<td width=\"539\"><strong>Capacit\u00e2ncia entre contatos<\/strong><\/td>\n<td width=\"539\">\u2264 4 pF<\/td>\n<\/tr>\n<tr>\n<td width=\"539\"><strong>Contato de resist\u00eancia<\/strong><\/td>\n<td width=\"539\">\u2264 3 m\u03a9<\/td>\n<\/tr>\n<tr>\n<td width=\"539\"><strong>Rigidez diel\u00e9trica<\/strong><\/td>\n<td width=\"539\">1,5 kVdc<\/td>\n<\/tr>\n<tr>\n<td width=\"539\"><strong>Resist\u00eancia de isolamento<\/strong><\/td>\n<td width=\"539\">&gt; 10 G\u03a9 (inicial)<\/td>\n<\/tr>\n<tr>\n<td width=\"539\"><strong>Corrente nominal por contato<\/strong><\/td>\n<td width=\"539\">16 A<\/td>\n<\/tr>\n<tr>\n<td width=\"539\"><strong>Tens\u00e3o nominal<\/strong><\/td>\n<td width=\"539\">&lt; 50 V<\/td>\n<\/tr>\n<\/tbody>\n<\/table>\n<p>&nbsp;<\/p>\n<table>\n<tbody>\n<tr>\n<td width=\"295\"><span style=\"color: #00a859; font-size: 120%;\"><strong>Mec\u00e2nica<\/strong><\/span><\/td>\n<td width=\"272\"><\/td>\n<\/tr>\n<tr>\n<td width=\"295\"><strong>Cabo O.D.<\/strong><\/td>\n<td width=\"272\">3.5 &#8211; 8.0 mm<\/td>\n<\/tr>\n<tr>\n<td width=\"295\"><strong>For\u00e7a de inser\u00e7\u00e3o<\/strong><\/td>\n<td width=\"272\">\u2264 20 N<\/td>\n<\/tr>\n<tr>\n<td width=\"295\"><strong>For\u00e7a de retirada<\/strong><\/td>\n<td width=\"272\">\u2264 20 N<\/td>\n<\/tr>\n<tr>\n<td width=\"295\"><strong>Vida \u00fatil<\/strong><\/td>\n<td width=\"272\">&gt; 1000 ciclos<\/td>\n<\/tr>\n<tr>\n<td width=\"295\"><strong>Tamanho do cabo<\/strong><\/td>\n<td width=\"272\">max. 2.5 mm\u00b2<\/td>\n<\/tr>\n<tr>\n<td width=\"295\"><strong>Tamanho do cabo<\/strong><\/td>\n<td width=\"272\">max. 14 AWG<\/td>\n<\/tr>\n<tr>\n<td width=\"295\"><strong>Dispositivo de trava<\/strong><\/td>\n<td width=\"272\">Latch lock<\/td>\n<\/tr>\n<\/tbody>\n<\/table>\n<p>&nbsp;<\/p>\n<table>\n<tbody>\n<tr>\n<td width=\"539\"><span style=\"color: #00a859; font-size: 120%;\"><strong>Material<\/strong><\/span><\/td>\n<td width=\"539\"><\/td>\n<\/tr>\n<tr>\n<td width=\"539\"><strong>Boot<\/strong><\/td>\n<td width=\"539\">Poliuretano<\/td>\n<\/tr>\n<tr>\n<td width=\"539\"><strong>Galvaniza\u00e7\u00e3o por contato<\/strong><\/td>\n<td width=\"539\">2 \u00b5m Ag<\/td>\n<\/tr>\n<tr>\n<td width=\"539\"><strong>Contatos<\/strong><\/td>\n<td width=\"539\">Bronze (CuSn8)<\/td>\n<\/tr>\n<tr>\n<td width=\"539\"><strong>Entradas<\/strong><\/td>\n<td width=\"539\">Poliamida (PA 6.6 30 % GR)<\/td>\n<\/tr>\n<tr>\n<td width=\"539\"><strong>Elemento de trava<\/strong><\/td>\n<td width=\"539\">Zinco diecast (ZnAl4Cu1) \/ Ck 67 (mola)<\/td>\n<\/tr>\n<tr>\n<td width=\"539\"><strong>Carca\u00e7a<\/strong><\/td>\n<td width=\"539\">Zinco diecast (ZnAl4Cu1)<\/td>\n<\/tr>\n<tr>\n<td width=\"539\"><strong>Chapeamento<\/strong><\/td>\n<td width=\"539\">N\u00edquel<\/td>\n<\/tr>\n<tr>\n<td width=\"539\"><strong>Al\u00edvio de tens\u00e3o<\/strong><\/td>\n<td width=\"539\">Polyacetal (POM)<\/td>\n<\/tr>\n<\/tbody>\n<\/table>\n<p>&nbsp;<\/p>\n<table>\n<tbody>\n<tr>\n<td width=\"539\"><span style=\"color: #00a859; font-size: 120%;\"><strong>Ambiental<\/strong><\/span><\/td>\n<td width=\"539\"><\/td>\n<\/tr>\n<tr>\n<td width=\"539\"><strong>Inflamabilidade<\/strong><\/td>\n<td width=\"539\">UL 94 HB<\/td>\n<\/tr>\n<tr>\n<td width=\"539\"><strong>Conformidade padr\u00e3o<\/strong><\/td>\n<td width=\"539\">IEC 61076-2-103<\/td>\n<\/tr>\n<tr>\n<td width=\"539\"><strong>Classe de prote\u00e7\u00e3o<\/strong><\/td>\n<td width=\"539\">IP 40<\/td>\n<\/tr>\n<tr>\n<td width=\"539\"><strong>Soldabilidade<\/strong><\/td>\n<td width=\"539\">Cumpre com IEC 68-2-20<\/td>\n<\/tr>\n<tr>\n<td width=\"539\"><strong>Varia\u00e7\u00e3o de temperatura<\/strong><\/td>\n<td width=\"539\">-30 \u00b0C at\u00e9 +80 \u00b0C<\/td>\n<\/tr>\n<\/tbody>\n<\/table>\n<p>&nbsp;<\/p>\n<p>&nbsp;<\/p>\n<p>&nbsp;<\/p>\n<p>&nbsp;<\/p>\n<p>&nbsp;<\/p>\n","protected":false},"excerpt":{"rendered":"<p>C\u00f3d: 14811 Conector de cabo\/linha XLR f\u00eamea de 3 polos, corpo em metal niquelado, contatos em prata, m\u00faltiplos pontos de contato, novo sistema &#8220;solder stop&#8221; que n\u00e3o deixa a solda fluir para dentro do contato. Caracter\u00edsticas Design exclusivo da gaiola do contato f\u00eamea para baixa resist\u00eancia ao contato e alta integridade Conector f\u00eamea com trava [&#8230;]\n","protected":false},"featured_media":1407,"comment_status":"open","ping_status":"closed","template":"","meta":[],"_links":{"self":[{"href":"https:\/\/site.izzo.com.br\/neutrik\/wp-json\/wp\/v2\/product\/1071"}],"collection":[{"href":"https:\/\/site.izzo.com.br\/neutrik\/wp-json\/wp\/v2\/product"}],"about":[{"href":"https:\/\/site.izzo.com.br\/neutrik\/wp-json\/wp\/v2\/types\/product"}],"replies":[{"embeddable":true,"href":"https:\/\/site.izzo.com.br\/neutrik\/wp-json\/wp\/v2\/comments?post=1071"}],"wp:featuredmedia":[{"embeddable":true,"href":"https:\/\/site.izzo.com.br\/neutrik\/wp-json\/wp\/v2\/media\/1407"}],"wp:attachment":[{"href":"https:\/\/site.izzo.com.br\/neutrik\/wp-json\/wp\/v2\/media?parent=1071"}],"curies":[{"name":"wp","href":"https:\/\/api.w.org\/{rel}","templated":true}]}}