{"id":1079,"date":"2020-06-16T15:28:58","date_gmt":"2020-06-16T18:28:58","guid":{"rendered":"http:\/\/izzo.com.br\/TEMPSITES\/neutrik\/index.php\/product\/conector-neutrik-nc3fxx-emc-pacote-com-10-pecas\/"},"modified":"2020-06-30T16:21:06","modified_gmt":"2020-06-30T19:21:06","slug":"conector-neutrik-nc3fxx-emc","status":"publish","type":"product","link":"https:\/\/site.izzo.com.br\/neutrik\/produto\/conector-neutrik-nc3fxx-emc\/","title":{"rendered":"CONECTOR NEUTRIK NC3FXX-EMC"},"content":{"rendered":"<p>C\u00f3d: 14872<\/p>\n<p>Conector de cabo\/linha XLR f\u00eamea de 3 polos, corpo em metal niquelado, contatos em bronze, m\u00faltiplos pontos de contato em cada um dos polos, novo sistema &#8220;solder stop&#8221; que n\u00e3o deixa a solda fluir para dentro do contato, duas abas internas de guia para assegurar f\u00e1cil alinhamento para montagem f\u00e1cil e r\u00e1pida, com mola circunferencial fornecendo uma conex\u00e3o exata. Especialmente projetado para uso contra interfer\u00eancias de RF, para aplica\u00e7\u00f5es cr\u00edticas em performance ao vivo e grava\u00e7\u00f5es em que existem problemas espec\u00edficos com a transmiss\u00e3o de r\u00e1dio ou telefones celulares. O projeto garante uma liga\u00e7\u00e3o cont\u00ednua de blindagem de RF do cabo ao chassis do conector, atrav\u00e9s de um capacitor circular em torno da malha do cabo. O capacitor circular age como um filtro &#8220;high-pass&#8221; com uma frequ\u00eancia de corte em torno de 10 MHz. Um supressor de ferrite &#8220;EMI&#8221; com 24 ohms a 1 MHz entre o pino 1 e a malha do cabo fornece um filtro &#8220;low-pass&#8221; para uma aprimorada rejei\u00e7\u00e3o de RF<\/p>\n<h2><strong>Caracter\u00edsticas<\/strong><\/h2>\n<ul>\n<li>Conector de cabo XLR macho e f\u00eamea de 3 polos com conex\u00e3o capacitiva integrada \u00e0 blindagem<\/li>\n<li>Conector f\u00eamea com mola de aterramento circunferencial que fornece uma conex\u00e3o precisa ao casquilho<\/li>\n<li>Evite loops de aterramento, pois n\u00e3o h\u00e1 conex\u00e3o de blindagem LF ao terra<\/li>\n<li>Sistema de al\u00edvio de tens\u00e3o do tipo mandril para fixa\u00e7\u00e3o segura de cabos<\/li>\n<li>Marcado com holograma exclusivo &#8211; garante produto Neutrik genu\u00edno e aut\u00eantico<\/li>\n<li>O capacitor circular ao redor da blindagem do cabo permite a conex\u00e3o de blindagem indutiva baixa ao alojamento do conector<\/li>\n<li>Blindagem do cabo &#8211; a conex\u00e3o do pino 1 inclui cord\u00e3o de supress\u00e3o EMI para bloquear altas frequ\u00eancias<\/li>\n<li>Carca\u00e7a fundida de zinco resistente, duradouro e dur\u00e1vel<\/li>\n<li>Boot de borracha oferece alta prote\u00e7\u00e3o contra esfor\u00e7os de flex\u00e3o<\/li>\n<\/ul>\n<p>&nbsp;<\/p>\n<h2><img loading=\"lazy\" class=\"alignnone wp-image-1253\" src=\"http:\/\/izzo.com.br\/TEMPSITES\/neutrik\/wp-content\/uploads\/2020\/06\/emc-explanation-300x236.jpg\" alt=\"\" width=\"630\" height=\"496\" srcset=\"https:\/\/site.izzo.com.br\/neutrik\/wp-content\/uploads\/2020\/06\/emc-explanation-300x236.jpg 300w, https:\/\/site.izzo.com.br\/neutrik\/wp-content\/uploads\/2020\/06\/emc-explanation-768x605.jpg 768w, https:\/\/site.izzo.com.br\/neutrik\/wp-content\/uploads\/2020\/06\/emc-explanation-600x473.jpg 600w, https:\/\/site.izzo.com.br\/neutrik\/wp-content\/uploads\/2020\/06\/emc-explanation.jpg 1000w\" sizes=\"(max-width: 630px) 100vw, 630px\" \/><\/h2>\n<h2><\/h2>\n<h2 class=\"headline-three\"><strong>Informa\u00e7\u00f5es T\u00e9cnicas<\/strong><\/h2>\n<table>\n<tbody>\n<tr>\n<td width=\"445\"><span style=\"color: #00a859; font-size: 120%;\"><strong>Produto <\/strong><\/span><\/td>\n<td width=\"445\"><\/td>\n<\/tr>\n<tr>\n<td width=\"445\"><strong>Title<\/strong><\/td>\n<td width=\"445\">NC3FXX-EMC<\/td>\n<\/tr>\n<tr>\n<td width=\"445\"><strong>Tipo de conex\u00e3o<\/strong><\/td>\n<td width=\"445\">XLR<\/td>\n<\/tr>\n<tr>\n<td width=\"445\"><strong>G\u00eanero <\/strong><\/td>\n<td width=\"445\">F\u00eamea<\/td>\n<\/tr>\n<\/tbody>\n<\/table>\n<p>&nbsp;<\/p>\n<table>\n<tbody>\n<tr>\n<td width=\"445\"><span style=\"font-size: 120%; color: #00a859;\"><strong>El\u00e9trica<\/strong><\/span><\/td>\n<td width=\"445\"><\/td>\n<\/tr>\n<tr>\n<td width=\"445\"><strong>Capacit\u00e2ncia entre contatos<\/strong><\/td>\n<td width=\"445\">\u2264 4 pF<\/td>\n<\/tr>\n<tr>\n<td width=\"445\"><strong>Resist\u00eancia de contato<\/strong><\/td>\n<td width=\"445\">\u2264 3 m\u03a9<\/td>\n<\/tr>\n<tr>\n<td width=\"445\"><strong>Rigidez diel\u00e9trica<\/strong><\/td>\n<td width=\"445\">1,5 kVdc<\/td>\n<\/tr>\n<tr>\n<td width=\"445\"><strong>Resist\u00eancia de isolamento<\/strong><\/td>\n<td width=\"445\">&gt; 10 G\u03a9 (initial)<\/td>\n<\/tr>\n<tr>\n<td width=\"445\"><strong>Corrente nominal por contato<\/strong><\/td>\n<td width=\"445\">5 A<\/td>\n<\/tr>\n<tr>\n<td width=\"445\"><strong>Tens\u00e3o nominal<\/strong><\/td>\n<td width=\"445\">&lt; 50 V<\/td>\n<\/tr>\n<\/tbody>\n<\/table>\n<p>&nbsp;<\/p>\n<table>\n<tbody>\n<tr>\n<td width=\"445\"><span style=\"color: #00a859; font-size: 120%;\"><strong>Mec\u00e2nica<\/strong><\/span><\/td>\n<td width=\"445\"><\/td>\n<\/tr>\n<tr>\n<td width=\"445\"><strong>Cabo O.D.<\/strong><\/td>\n<td width=\"445\">3.5 &#8211; 8.0 mm<\/td>\n<\/tr>\n<tr>\n<td width=\"445\"><strong>For\u00e7a de inser\u00e7\u00e3o<\/strong><\/td>\n<td width=\"445\">&lt; 50 N<\/td>\n<\/tr>\n<tr>\n<td width=\"445\"><strong>For\u00e7a de retirada<\/strong><\/td>\n<td width=\"445\">&lt; 20 N<\/td>\n<\/tr>\n<tr>\n<td width=\"445\"><strong>Vida \u00fateil<\/strong><\/td>\n<td width=\"445\">&gt; 1000 ciclos<\/td>\n<\/tr>\n<tr>\n<td width=\"445\"><strong>Tamanho do cabo<\/strong><\/td>\n<td width=\"445\">max. 0.75 mm\u00b2<\/td>\n<\/tr>\n<tr>\n<td width=\"445\"><strong>Tamanho do cabo<\/strong><\/td>\n<td width=\"445\">max. 20 AWG<\/td>\n<\/tr>\n<tr>\n<td width=\"445\"><strong>Cabeamento<\/strong><\/td>\n<td width=\"445\">Contado de solda<\/td>\n<\/tr>\n<tr>\n<td width=\"445\"><strong>Dispositivo de trava<\/strong><\/td>\n<td width=\"445\">Latch lock<\/td>\n<\/tr>\n<\/tbody>\n<\/table>\n<p>&nbsp;<\/p>\n<table>\n<tbody>\n<tr>\n<td width=\"445\"><span style=\"color: #00a859; font-size: 120%;\"><strong>Material<\/strong><\/span><\/td>\n<td width=\"445\"><\/td>\n<\/tr>\n<tr>\n<td width=\"445\"><strong>Boot<\/strong><\/td>\n<td width=\"445\">Poliuretano<\/td>\n<\/tr>\n<tr>\n<td width=\"445\"><strong>\u00a0<\/strong><strong>Galvaniza\u00e7\u00e3o por contato<\/strong><\/td>\n<td width=\"445\">0.2 \u00b5m Au liga robusta sobre 2 \u00b5m Ni<\/td>\n<\/tr>\n<tr>\n<td width=\"445\"><strong>Contatos<\/strong><\/td>\n<td width=\"445\">Bronze (CuSn8)<\/td>\n<\/tr>\n<tr>\n<td width=\"445\"><strong>Entradas<\/strong><\/td>\n<td width=\"445\">Poliamida (PA 6.6 30 % GR)<\/td>\n<\/tr>\n<tr>\n<td width=\"445\"><strong>Elemento de trava<\/strong><\/td>\n<td width=\"445\">Zinco diecast (ZnAl4Cu1) \/ Ck 67 (mola)<\/td>\n<\/tr>\n<tr>\n<td width=\"445\"><strong>Carca\u00e7a <\/strong><\/td>\n<td width=\"445\">Zinco diecast (ZnAl4Cu1)<\/td>\n<\/tr>\n<tr>\n<td width=\"445\"><strong>Chapeamento<\/strong><\/td>\n<td width=\"445\">Niquel<\/td>\n<\/tr>\n<tr>\n<td width=\"445\"><strong>Al\u00edvio de tens\u00e3o<\/strong><\/td>\n<td width=\"445\">Polyacetal (POM)<\/td>\n<\/tr>\n<tr>\n<td width=\"445\"><strong>Mola aterrada <\/strong><\/td>\n<td width=\"445\">Bronze (CuSn6), Ni plated<\/td>\n<\/tr>\n<\/tbody>\n<\/table>\n<p>&nbsp;<\/p>\n<table>\n<tbody>\n<tr>\n<td width=\"445\"><span style=\"color: #00a859; font-size: 120%;\"><strong>Ambiental<\/strong><\/span><\/td>\n<td width=\"445\"><\/td>\n<\/tr>\n<tr>\n<td width=\"445\"><strong>Inflamabilidade<\/strong><\/td>\n<td width=\"445\">UL 94 HB<\/td>\n<\/tr>\n<tr>\n<td width=\"445\"><strong>Padr\u00e3o de conformidade<\/strong><\/td>\n<td width=\"445\">IEC 61076-2-103<\/td>\n<\/tr>\n<tr>\n<td width=\"445\"><strong>Classe de prote\u00e7\u00e3o<\/strong><\/td>\n<td width=\"445\">IP 40<\/td>\n<\/tr>\n<tr>\n<td width=\"445\"><strong>Soldabilidade<\/strong><\/td>\n<td width=\"445\">Cumpre com IEC 68-2-20<\/td>\n<\/tr>\n<tr>\n<td width=\"445\"><strong>Varia\u00e7\u00e3o de temperatura<\/strong><\/td>\n<td width=\"445\">-30 \u00b0C at\u00e9 \u00a0+80 \u00b0C<\/td>\n<\/tr>\n<\/tbody>\n<\/table>\n<p>&nbsp;<\/p>\n","protected":false},"excerpt":{"rendered":"<p>C\u00f3d: 14872 Conector de cabo\/linha XLR f\u00eamea de 3 polos, corpo em metal niquelado, contatos em bronze, m\u00faltiplos pontos de contato em cada um dos polos, novo sistema &#8220;solder stop&#8221; que n\u00e3o deixa a solda fluir para dentro do contato, duas abas internas de guia para assegurar f\u00e1cil alinhamento para montagem f\u00e1cil e r\u00e1pida, com [&#8230;]\n","protected":false},"featured_media":1088,"comment_status":"open","ping_status":"closed","template":"","meta":[],"_links":{"self":[{"href":"https:\/\/site.izzo.com.br\/neutrik\/wp-json\/wp\/v2\/product\/1079"}],"collection":[{"href":"https:\/\/site.izzo.com.br\/neutrik\/wp-json\/wp\/v2\/product"}],"about":[{"href":"https:\/\/site.izzo.com.br\/neutrik\/wp-json\/wp\/v2\/types\/product"}],"replies":[{"embeddable":true,"href":"https:\/\/site.izzo.com.br\/neutrik\/wp-json\/wp\/v2\/comments?post=1079"}],"wp:featuredmedia":[{"embeddable":true,"href":"https:\/\/site.izzo.com.br\/neutrik\/wp-json\/wp\/v2\/media\/1088"}],"wp:attachment":[{"href":"https:\/\/site.izzo.com.br\/neutrik\/wp-json\/wp\/v2\/media?parent=1079"}],"curies":[{"name":"wp","href":"https:\/\/api.w.org\/{rel}","templated":true}]}}