{"id":1089,"date":"2020-06-16T15:29:04","date_gmt":"2020-06-16T18:29:04","guid":{"rendered":"http:\/\/izzo.com.br\/TEMPSITES\/neutrik\/index.php\/product\/conector-neutrik-nc3mav-pacote-com-10-pecas\/"},"modified":"2020-06-30T16:26:13","modified_gmt":"2020-06-30T19:26:13","slug":"conector-neutrik-nc3mav","status":"publish","type":"product","link":"https:\/\/site.izzo.com.br\/neutrik\/produto\/conector-neutrik-nc3mav\/","title":{"rendered":"CONECTOR NEUTRIK NC3MAV"},"content":{"rendered":"<p>C\u00f3d: 14888<\/p>\n<p>Conector de painel XLR macho de 3 polos, corpo em pl\u00e1stico, terminais PCB na vertical, pino 1 separado do aterramento.<\/p>\n<h2><strong>Caracter\u00edsticas<\/strong><\/h2>\n<ul>\n<li>Menor recept\u00e1culo XLR, maior densidade de empacotamento<\/li>\n<li>\u00c1reas de contato polidas e revestimento de ouro duro<\/li>\n<li>Caixa de pl\u00e1stico<\/li>\n<li>Inflamabilidade da carca\u00e7a UL94 V-0<\/li>\n<\/ul>\n<h2 class=\"headline-three\"><strong>Informa\u00e7\u00f5es T\u00e9cnicas<\/strong><\/h2>\n<table>\n<tbody>\n<tr>\n<td width=\"539\"><span style=\"color: #00a859; font-size: 120%;\"><strong>Produto<\/strong><\/span><\/td>\n<td width=\"539\"><\/td>\n<\/tr>\n<tr>\n<td width=\"539\"><strong>T\u00edtulo<\/strong><\/td>\n<td width=\"539\">NC3MAV<\/td>\n<\/tr>\n<tr>\n<td width=\"539\"><strong>Tipo de conex\u00e3o<\/strong><\/td>\n<td width=\"539\">XLR<\/td>\n<\/tr>\n<tr>\n<td width=\"539\"><strong>G\u00eanero<\/strong><\/td>\n<td width=\"539\">Macho<\/td>\n<\/tr>\n<\/tbody>\n<\/table>\n<p>&nbsp;<\/p>\n<table>\n<tbody>\n<tr>\n<td width=\"539\"><span style=\"color: #00a859; font-size: 120%;\"><strong>El\u00e9trica<\/strong><\/span><\/td>\n<td width=\"539\"><\/td>\n<\/tr>\n<tr>\n<td width=\"539\"><strong>Capacit\u00e2ncia entre contatos<\/strong><\/td>\n<td width=\"539\">\u2264 4 pF<\/td>\n<\/tr>\n<tr>\n<td width=\"539\"><strong>Resist\u00eancia de contato<\/strong><\/td>\n<td width=\"539\">\u2264 6 m\u03a9<\/td>\n<\/tr>\n<tr>\n<td width=\"539\"><strong>Rigidez diel\u00e9trica<\/strong><\/td>\n<td width=\"539\">1,5 kVdc<\/td>\n<\/tr>\n<tr>\n<td width=\"539\"><strong>Resist\u00eancia de isolamento<\/strong><\/td>\n<td width=\"539\">&gt; 10 G\u03a9 (initial)<\/td>\n<\/tr>\n<tr>\n<td width=\"539\"><strong>Corrente nominal por contato<\/strong><\/td>\n<td width=\"539\">6 A<\/td>\n<\/tr>\n<tr>\n<td width=\"539\"><strong>Tens\u00e3o nominal<\/strong><\/td>\n<td width=\"539\">&lt; 50 V<\/td>\n<\/tr>\n<tr>\n<td width=\"539\"><strong>Op\u00e7\u00e3o de aterramento<\/strong><\/td>\n<td width=\"539\">&nbsp;<\/p>\n<p>Contato com o terra separado conectado \u00e0 carca\u00e7a do conector correspondente e ao painel frontal, sem conex\u00e3o ao pino 1<\/td>\n<\/tr>\n<\/tbody>\n<\/table>\n<p>&nbsp;<\/p>\n<table>\n<tbody>\n<tr>\n<td width=\"539\"><span style=\"color: #00a859; font-size: 120%;\"><strong>Mec\u00e2nica<\/strong><\/span><\/td>\n<td width=\"539\"><\/td>\n<\/tr>\n<tr>\n<td width=\"539\"><strong>For\u00e7a de inser\u00e7\u00e3o<\/strong><\/td>\n<td width=\"539\">\u2264 20 N<\/td>\n<\/tr>\n<tr>\n<td width=\"539\"><strong>For\u00e7a de retirada<\/strong><\/td>\n<td width=\"539\">\u2264 20 N<\/td>\n<\/tr>\n<tr>\n<td width=\"539\"><strong>Vida \u00fatil<\/strong><\/td>\n<td width=\"539\">&gt; 1000 ciclos<\/td>\n<\/tr>\n<tr>\n<td width=\"539\"><strong>Tamanho do cabo<\/strong><\/td>\n<td width=\"539\"><\/td>\n<\/tr>\n<tr>\n<td width=\"539\"><strong>Cabeamento<\/strong><\/td>\n<td width=\"539\">PCB montagem vertical<\/td>\n<\/tr>\n<tr>\n<td width=\"539\"><strong>Dispositivo de trava<\/strong><\/td>\n<td width=\"539\">Latch lock<\/td>\n<\/tr>\n<tr>\n<td width=\"539\"><strong>Dire\u00e7\u00e3o de montage<\/strong><\/td>\n<td width=\"539\">Montagem traseira<\/td>\n<\/tr>\n<tr>\n<td width=\"539\"><strong>Formato do chassi<\/strong><\/td>\n<td width=\"539\">A<\/td>\n<\/tr>\n<tr>\n<td width=\"539\"><strong>Montagem<\/strong><\/td>\n<td width=\"539\">A-Screw<\/td>\n<\/tr>\n<\/tbody>\n<\/table>\n<p>&nbsp;<\/p>\n<table>\n<tbody>\n<tr>\n<td width=\"539\"><span style=\"color: #00a859; font-size: 120%;\"><strong>Material<\/strong><\/span><\/td>\n<td width=\"539\"><\/td>\n<\/tr>\n<tr>\n<td width=\"539\"><strong>Contatos<\/strong><\/td>\n<td width=\"539\">Lat\u00e3o (CuZn39Pb3)<\/td>\n<\/tr>\n<tr>\n<td width=\"539\"><strong>Carca\u00e7a<\/strong><\/td>\n<td width=\"539\">Polyamide (PA 6.6 30 % GR)<\/td>\n<\/tr>\n<\/tbody>\n<\/table>\n<p>&nbsp;<\/p>\n<table>\n<tbody>\n<tr>\n<td width=\"539\"><span style=\"color: #00a859; font-size: 120%;\"><strong>Ambiental<\/strong><\/span><\/td>\n<td width=\"539\"><\/td>\n<\/tr>\n<tr>\n<td width=\"539\"><strong>Aprova\u00e7\u00f5es<\/strong><\/td>\n<td width=\"539\">UL<\/td>\n<\/tr>\n<tr>\n<td width=\"539\"><strong>Inflamabilidade<\/strong><\/td>\n<td width=\"539\">UL 94 V-0<\/td>\n<\/tr>\n<tr>\n<td width=\"539\"><strong>Padr\u00e3o de conformidade<\/strong><\/td>\n<td width=\"539\">IEC 61076-2-103<\/td>\n<\/tr>\n<tr>\n<td width=\"539\"><strong>Classe de prote\u00e7\u00e3o<\/strong><\/td>\n<td width=\"539\">IP 40<\/td>\n<\/tr>\n<tr>\n<td width=\"539\"><strong>Soldabilidade<\/strong><\/td>\n<td width=\"539\">Cumpre com IEC 68-2-20<\/td>\n<\/tr>\n<tr>\n<td width=\"539\"><strong>Varia\u00e7\u00e3o de temperatura<\/strong><\/td>\n<td width=\"539\">-30 \u00b0C at\u00e9 \u00a0+80 \u00b0C<\/td>\n<\/tr>\n<\/tbody>\n<\/table>\n<p>&nbsp;<\/p>\n","protected":false},"excerpt":{"rendered":"<p>C\u00f3d: 14888 Conector de painel XLR macho de 3 polos, corpo em pl\u00e1stico, terminais PCB na vertical, pino 1 separado do aterramento. Caracter\u00edsticas Menor recept\u00e1culo XLR, maior densidade de empacotamento \u00c1reas de contato polidas e revestimento de ouro duro Caixa de pl\u00e1stico Inflamabilidade da carca\u00e7a UL94 V-0 Informa\u00e7\u00f5es T\u00e9cnicas Produto T\u00edtulo NC3MAV Tipo de conex\u00e3o [&#8230;]\n","protected":false},"featured_media":1090,"comment_status":"open","ping_status":"closed","template":"","meta":[],"_links":{"self":[{"href":"https:\/\/site.izzo.com.br\/neutrik\/wp-json\/wp\/v2\/product\/1089"}],"collection":[{"href":"https:\/\/site.izzo.com.br\/neutrik\/wp-json\/wp\/v2\/product"}],"about":[{"href":"https:\/\/site.izzo.com.br\/neutrik\/wp-json\/wp\/v2\/types\/product"}],"replies":[{"embeddable":true,"href":"https:\/\/site.izzo.com.br\/neutrik\/wp-json\/wp\/v2\/comments?post=1089"}],"wp:featuredmedia":[{"embeddable":true,"href":"https:\/\/site.izzo.com.br\/neutrik\/wp-json\/wp\/v2\/media\/1090"}],"wp:attachment":[{"href":"https:\/\/site.izzo.com.br\/neutrik\/wp-json\/wp\/v2\/media?parent=1089"}],"curies":[{"name":"wp","href":"https:\/\/api.w.org\/{rel}","templated":true}]}}