{"id":1091,"date":"2020-06-16T15:29:05","date_gmt":"2020-06-16T18:29:05","guid":{"rendered":"http:\/\/izzo.com.br\/TEMPSITES\/neutrik\/index.php\/product\/conector-neutrik-nc3md-l-1-pacote-com-10-pecas\/"},"modified":"2020-06-30T16:27:10","modified_gmt":"2020-06-30T19:27:10","slug":"conector-neutrik-nc3md-l-1","status":"publish","type":"product","link":"https:\/\/site.izzo.com.br\/neutrik\/produto\/conector-neutrik-nc3md-l-1\/","title":{"rendered":"CONECTOR NEUTRIK NC3MD-L-1"},"content":{"rendered":"<p>C\u00f3d: 14838<\/p>\n<p>Conector de painel XLR macho de 3 polos, corpo niquelado e contatos em prata, terminais para soldar, 31,0mm de altura e 26,0mm de largura.<\/p>\n<h2><strong>Caracter\u00edsticas<\/strong><\/h2>\n<ul>\n<li>Carca\u00e7a met\u00e1lica robusto em &#8220;D&#8221;<\/li>\n<li>Copos de solda na vers\u00e3o de 3 a 7 p\u00f3los<\/li>\n<li>Recorte padronizado de painel de 24 mm no formato D<\/li>\n<\/ul>\n<h2 class=\"headline-three\"><strong>Informa\u00e7\u00f5es T\u00e9cnicas<\/strong><\/h2>\n<table>\n<tbody>\n<tr>\n<td width=\"539\"><span style=\"color: #00a859; font-size: 120%;\"><strong>Produto<\/strong><\/span><\/td>\n<td width=\"539\"><\/td>\n<\/tr>\n<tr>\n<td width=\"539\"><strong>Titulo<\/strong><\/td>\n<td width=\"539\">NC3MD-L-1<\/td>\n<\/tr>\n<tr>\n<td width=\"539\"><strong>Tipo de conex\u00e3o<\/strong><\/td>\n<td width=\"539\">XLR<\/td>\n<\/tr>\n<tr>\n<td width=\"539\"><strong>G\u00eanero<\/strong><\/td>\n<td width=\"539\">Macho<\/td>\n<\/tr>\n<\/tbody>\n<\/table>\n<p>&nbsp;<\/p>\n<table>\n<tbody>\n<tr>\n<td width=\"539\"><span style=\"font-size: 120%;\"><strong><span style=\"color: #00a859;\">El\u00e9trica<\/span> <\/strong><\/span><\/td>\n<td width=\"539\"><\/td>\n<\/tr>\n<tr>\n<td width=\"539\"><strong>Capacit\u00e2ncia entre contatos<\/strong><\/td>\n<td width=\"539\">\u2264 4 pF<\/td>\n<\/tr>\n<tr>\n<td width=\"539\"><strong>Resist\u00eancia de contato<\/strong><\/td>\n<td width=\"539\">\u2264 5 m\u03a9<\/td>\n<\/tr>\n<tr>\n<td width=\"539\"><strong>Rigidez diel\u00e9trica<\/strong><\/td>\n<td width=\"539\">1,5 kVdc<\/td>\n<\/tr>\n<tr>\n<td width=\"539\"><strong>Resist\u00eancia de isolamento<\/strong><\/td>\n<td width=\"539\">&gt; 10 G\u03a9 (inicial)<\/td>\n<\/tr>\n<tr>\n<td width=\"539\"><strong>Corrente nominal por contato<\/strong><\/td>\n<td width=\"539\">16 A<\/td>\n<\/tr>\n<tr>\n<td width=\"539\"><strong>Tens\u00e3o nominal<\/strong><\/td>\n<td width=\"539\">&lt; 50 V<\/td>\n<\/tr>\n<\/tbody>\n<\/table>\n<p>&nbsp;<\/p>\n<table>\n<tbody>\n<tr>\n<td width=\"539\"><span style=\"color: #00a859; font-size: 120%;\"><strong>Mec\u00e2nica<\/strong><\/span><\/td>\n<td width=\"539\"><\/td>\n<\/tr>\n<tr>\n<td width=\"539\"><strong>For\u00e7a de inser\u00e7\u00e3o<\/strong><\/td>\n<td width=\"539\">\u2264 20 N<\/td>\n<\/tr>\n<tr>\n<td width=\"539\"><strong>For\u00e7a de retirada<\/strong><\/td>\n<td width=\"539\">\u2264 20 N<\/td>\n<\/tr>\n<tr>\n<td width=\"539\"><strong>Vida \u00fatil<\/strong><\/td>\n<td width=\"539\">&gt; 1000 ciclos<\/td>\n<\/tr>\n<tr>\n<td width=\"539\"><strong>Tamanho do cabo<\/strong><\/td>\n<td width=\"539\"><\/td>\n<\/tr>\n<tr>\n<td width=\"539\"><strong>Cabeamento<\/strong><\/td>\n<td width=\"539\">Contatos de solda<\/td>\n<\/tr>\n<tr>\n<td width=\"539\"><strong>Dispositivo de trava<\/strong><\/td>\n<td width=\"539\">Latch lock<\/td>\n<\/tr>\n<tr>\n<td width=\"539\"><strong>Dire\u00e7\u00e3o de montagem<\/strong><\/td>\n<td width=\"539\">Montagem frontal<\/td>\n<\/tr>\n<tr>\n<td width=\"539\"><strong>Forma do chassi<\/strong><\/td>\n<td width=\"539\">D<\/td>\n<\/tr>\n<\/tbody>\n<\/table>\n<p>&nbsp;<\/p>\n<table>\n<tbody>\n<tr>\n<td width=\"539\"><span style=\"color: #00a859; font-size: 120%;\"><strong>Material<\/strong><\/span><\/td>\n<td width=\"539\"><\/td>\n<\/tr>\n<tr>\n<td width=\"539\"><strong>Galvaniza\u00e7\u00e3o por contato<\/strong><\/td>\n<td width=\"539\">2 \u00b5m Ag sobre 2 \u00b5m Ni<\/td>\n<\/tr>\n<tr>\n<td width=\"539\"><strong>Contatos<\/strong><\/td>\n<td width=\"539\">Lat\u00e3o \u00a0(CuZn35Pb2)<\/td>\n<\/tr>\n<tr>\n<td width=\"539\"><strong>Entrada<\/strong><\/td>\n<td width=\"539\">Poliamida (PA 6.6 30 % GR)<\/td>\n<\/tr>\n<tr>\n<td width=\"539\"><strong>Elemento de traca<\/strong><\/td>\n<td width=\"539\">A\u00e7o Ck67<\/td>\n<\/tr>\n<tr>\n<td width=\"539\"><strong>Carca\u00e7a<\/strong><\/td>\n<td width=\"539\">Zinco diecast (ZnAl4Cu1)<\/td>\n<\/tr>\n<tr>\n<td width=\"539\"><strong>Chapeamento<\/strong><\/td>\n<td width=\"539\">N\u00edquel<\/td>\n<\/tr>\n<\/tbody>\n<\/table>\n<p>&nbsp;<\/p>\n<table>\n<tbody>\n<tr>\n<td width=\"539\"><span style=\"color: #00a859; font-size: 120%;\"><strong>Ambiental<\/strong><\/span><\/td>\n<td width=\"539\"><\/td>\n<\/tr>\n<tr>\n<td width=\"539\"><strong>Aprova\u00e7\u00e3o<\/strong><\/td>\n<td width=\"539\">UL<\/td>\n<\/tr>\n<tr>\n<td width=\"539\"><strong>Inflamabilidade<\/strong><\/td>\n<td width=\"539\">UL 94 HB<\/td>\n<\/tr>\n<tr>\n<td width=\"539\"><strong>Padr\u00e3o de conformidade<\/strong><\/td>\n<td width=\"539\">IEC 61076-2-103<\/td>\n<\/tr>\n<tr>\n<td width=\"539\"><strong>Classe de prote\u00e7\u00e3o<\/strong><\/td>\n<td width=\"539\">IP 40<\/td>\n<\/tr>\n<tr>\n<td width=\"539\"><strong>Soldabilidade<\/strong><\/td>\n<td width=\"539\">Cumpre com IEC 68-2-20<\/td>\n<\/tr>\n<tr>\n<td width=\"539\"><strong>Varia\u00e7\u00e3o de temperatura<\/strong><\/td>\n<td width=\"539\">-30 \u00b0C at\u00e9 \u00a0+80 \u00b0C<\/td>\n<\/tr>\n<\/tbody>\n<\/table>\n<p>&nbsp;<\/p>\n","protected":false},"excerpt":{"rendered":"<p>C\u00f3d: 14838 Conector de painel XLR macho de 3 polos, corpo niquelado e contatos em prata, terminais para soldar, 31,0mm de altura e 26,0mm de largura. Caracter\u00edsticas Carca\u00e7a met\u00e1lica robusto em &#8220;D&#8221; Copos de solda na vers\u00e3o de 3 a 7 p\u00f3los Recorte padronizado de painel de 24 mm no formato D Informa\u00e7\u00f5es T\u00e9cnicas Produto [&#8230;]\n","protected":false},"featured_media":998,"comment_status":"open","ping_status":"closed","template":"","meta":[],"_links":{"self":[{"href":"https:\/\/site.izzo.com.br\/neutrik\/wp-json\/wp\/v2\/product\/1091"}],"collection":[{"href":"https:\/\/site.izzo.com.br\/neutrik\/wp-json\/wp\/v2\/product"}],"about":[{"href":"https:\/\/site.izzo.com.br\/neutrik\/wp-json\/wp\/v2\/types\/product"}],"replies":[{"embeddable":true,"href":"https:\/\/site.izzo.com.br\/neutrik\/wp-json\/wp\/v2\/comments?post=1091"}],"wp:featuredmedia":[{"embeddable":true,"href":"https:\/\/site.izzo.com.br\/neutrik\/wp-json\/wp\/v2\/media\/998"}],"wp:attachment":[{"href":"https:\/\/site.izzo.com.br\/neutrik\/wp-json\/wp\/v2\/media?parent=1091"}],"curies":[{"name":"wp","href":"https:\/\/api.w.org\/{rel}","templated":true}]}}