{"id":1105,"date":"2020-06-16T15:29:15","date_gmt":"2020-06-16T18:29:15","guid":{"rendered":"http:\/\/izzo.com.br\/TEMPSITES\/neutrik\/index.php\/product\/conector-neutrik-nc3mxx-d\/"},"modified":"2020-06-30T19:06:28","modified_gmt":"2020-06-30T22:06:28","slug":"conector-neutrik-nc3mxx-d","status":"publish","type":"product","link":"https:\/\/site.izzo.com.br\/neutrik\/produto\/conector-neutrik-nc3mxx-d\/","title":{"rendered":"CONECTOR NEUTRIK  NC3MXX-D"},"content":{"rendered":"<p>C\u00f3d: 14846<\/p>\n<p>Conector XLR macho de 3 polos, corpo em metal niquelado, contatos em prata.<\/p>\n<h2><strong>Caracter\u00edsticas<\/strong><\/h2>\n<p>S\u00e9rie XX &#8211; conector de cabo macho de 3 polos com caixa de n\u00edquel e contatos prateados. A pr\u00f3xima gera\u00e7\u00e3o do padr\u00e3o mundialmente aceito de conectores de cabo XLR. O sucessor da s\u00e9rie X oferece v\u00e1rios recursos novos que o tornam mais confi\u00e1vel.<\/p>\n<h2 class=\"headline-three\"><strong>nforma\u00e7\u00f5es T\u00e9cnicas<\/strong><\/h2>\n<table>\n<tbody>\n<tr>\n<td width=\"539\"><span style=\"color: #00a859; font-size: 120%;\"><strong>Produto<\/strong><\/span><\/td>\n<td width=\"539\"><\/td>\n<\/tr>\n<tr>\n<td width=\"539\"><strong>T\u00edtulo<\/strong><\/td>\n<td width=\"539\">\u00a0NC3MXX-D<\/td>\n<\/tr>\n<tr>\n<td width=\"539\"><strong>Tipo de conex\u00e3o<\/strong><\/td>\n<td width=\"539\">XLR<\/td>\n<\/tr>\n<tr>\n<td width=\"539\"><strong>G\u00eanero<\/strong><\/td>\n<td width=\"539\">Macho<\/td>\n<\/tr>\n<\/tbody>\n<\/table>\n<p>&nbsp;<\/p>\n","protected":false},"excerpt":{"rendered":"<p>C\u00f3d: 14846 Conector XLR macho de 3 polos, corpo em metal niquelado, contatos em prata. Caracter\u00edsticas S\u00e9rie XX &#8211; conector de cabo macho de 3 polos com caixa de n\u00edquel e contatos prateados. A pr\u00f3xima gera\u00e7\u00e3o do padr\u00e3o mundialmente aceito de conectores de cabo XLR. O sucessor da s\u00e9rie X oferece v\u00e1rios recursos novos que [&#8230;]\n","protected":false},"featured_media":1272,"comment_status":"open","ping_status":"closed","template":"","meta":[],"_links":{"self":[{"href":"https:\/\/site.izzo.com.br\/neutrik\/wp-json\/wp\/v2\/product\/1105"}],"collection":[{"href":"https:\/\/site.izzo.com.br\/neutrik\/wp-json\/wp\/v2\/product"}],"about":[{"href":"https:\/\/site.izzo.com.br\/neutrik\/wp-json\/wp\/v2\/types\/product"}],"replies":[{"embeddable":true,"href":"https:\/\/site.izzo.com.br\/neutrik\/wp-json\/wp\/v2\/comments?post=1105"}],"wp:featuredmedia":[{"embeddable":true,"href":"https:\/\/site.izzo.com.br\/neutrik\/wp-json\/wp\/v2\/media\/1272"}],"wp:attachment":[{"href":"https:\/\/site.izzo.com.br\/neutrik\/wp-json\/wp\/v2\/media?parent=1105"}],"curies":[{"name":"wp","href":"https:\/\/api.w.org\/{rel}","templated":true}]}}