{"id":1107,"date":"2020-06-16T15:29:16","date_gmt":"2020-06-16T18:29:16","guid":{"rendered":"http:\/\/izzo.com.br\/TEMPSITES\/neutrik\/index.php\/product\/conector-neutrik-nc3mxx-emc-pacote-com-10-pecas\/"},"modified":"2020-06-30T16:35:56","modified_gmt":"2020-06-30T19:35:56","slug":"conector-neutrik-nc3mxx-emc","status":"publish","type":"product","link":"https:\/\/site.izzo.com.br\/neutrik\/produto\/conector-neutrik-nc3mxx-emc\/","title":{"rendered":"CONECTOR NEUTRIK NC3MXX-EMC"},"content":{"rendered":"<p>C\u00f3d: 14863<\/p>\n<p>Conector de cabo\/linha XLR macho de 3 polos, corpo em metal niquelado, contatos em bronze, novo sistema &#8220;solder stop&#8221; que n\u00e3o deixa a solda fluir para dentro do contato, duas abas internas de guia para assegurar f\u00e1cil alinhamento para montagem f\u00e1cil e r\u00e1pida. Especialmente projetado para uso contra interfer\u00eancias de RF, para aplica\u00e7\u00f5es cr\u00edticas em performance ao vivo e grava\u00e7\u00f5es em que existem problemas espec\u00edficos com a transmiss\u00e3o de r\u00e1dio ou telefones celulares. O projeto garante uma liga\u00e7\u00e3o cont\u00ednua de blindagem de RF do cabo ao chassis do conector, atrav\u00e9s de um capacitor circular em torno da malha do cabo. O capacitor circular age como um filtro &#8220;high-pass&#8221; com uma frequ\u00eancia de corte em torno de 10 MHz. Um supressor de ferrite &#8220;EMI&#8221; com 24 ohms a 1 MHz entre o pino 1 e a malha do cabo fornece um filtro &#8220;low-pass&#8221; para uma aprimorada rejei\u00e7\u00e3o de RF.<\/p>\n<h2><strong>Caracter\u00edsticas<\/strong><\/h2>\n<ul>\n<li>Conector de cabo XLR macho e f\u00eamea de 3 polos com conex\u00e3o capacitiva integrada \u00e0 blindagem<\/li>\n<li>Blindagem do cabo &#8211; a conex\u00e3o do pino 1 inclui cord\u00e3o de supress\u00e3o EMI para bloquear altas frequ\u00eancias<\/li>\n<li>Shell fundido de zinco resistente, duradouro e dur\u00e1vel<\/li>\n<li>Bota com bucim de borracha oferece alta prote\u00e7\u00e3o contra esfor\u00e7os de flex\u00e3o<\/li>\n<li>O capacitor circular ao redor da blindagem do cabo permite a conex\u00e3o de blindagem indutiva baixa ao alojamento do conector<\/li>\n<li>Evite loops de aterramento, pois n\u00e3o h\u00e1 conex\u00e3o de blindagem LF ao terra<\/li>\n<li>Sistema de al\u00edvio de tens\u00e3o do tipo mandril para fixa\u00e7\u00e3o segura de cabos<\/li>\n<li>Marcado com holograma exclusivo &#8211; garante produto Neutrik genu\u00edno e aut\u00eantico<\/li>\n<\/ul>\n<h2 class=\"headline-three\"><strong>Informa\u00e7\u00f5es T\u00e9cnicas<\/strong><\/h2>\n<h2 class=\"headline-three\"><\/h2>\n<table>\n<tbody>\n<tr>\n<td width=\"539\"><span style=\"color: #00a859; font-size: 120%;\"><strong>Produto<\/strong><\/span><\/td>\n<td width=\"539\"><\/td>\n<\/tr>\n<tr>\n<td width=\"539\"><strong>T\u00edtulo<\/strong><\/td>\n<td width=\"539\">NC3MXX-EMC<\/td>\n<\/tr>\n<tr>\n<td width=\"539\"><strong>Tipo de conex\u00e3o<\/strong><\/td>\n<td width=\"539\">XLR<\/td>\n<\/tr>\n<tr>\n<td width=\"539\"><strong>G\u00eanero<\/strong><\/td>\n<td width=\"539\">macho<\/td>\n<\/tr>\n<\/tbody>\n<\/table>\n<p>&nbsp;<\/p>\n<table>\n<tbody>\n<tr>\n<td width=\"539\"><span style=\"color: #00a859; font-size: 120%;\"><strong>El\u00e9trica<\/strong><\/span><\/td>\n<td width=\"539\"><\/td>\n<\/tr>\n<tr>\n<td width=\"539\"><strong>Capacit\u00e2ncia entre contatos<\/strong><\/td>\n<td width=\"539\">\u2264 4 pF<\/td>\n<\/tr>\n<tr>\n<td width=\"539\"><strong>Resist\u00eancia de contato<\/strong><\/td>\n<td width=\"539\">\u2264 3 m\u03a9<\/td>\n<\/tr>\n<tr>\n<td width=\"539\"><strong>Rigidez diel\u00e9trica<\/strong><\/td>\n<td width=\"539\">1,5 kVdc<\/td>\n<\/tr>\n<tr>\n<td width=\"539\"><strong>Resist\u00eancia de isolamento<\/strong><\/td>\n<td width=\"539\">&gt; 10 G\u03a9 (inicial)<\/td>\n<\/tr>\n<tr>\n<td width=\"539\"><strong>Corrente nominal por contato<\/strong><\/td>\n<td width=\"539\">\u00a05 A<\/td>\n<\/tr>\n<tr>\n<td width=\"539\"><strong>Tens\u00e3o nominal<\/strong><\/td>\n<td width=\"539\">&lt; 50 V<\/td>\n<\/tr>\n<\/tbody>\n<\/table>\n<p>&nbsp;<\/p>\n<table>\n<tbody>\n<tr>\n<td width=\"539\"><span style=\"color: #00a859; font-size: 120%;\"><strong>Mec\u00e2nica<\/strong><\/span><\/td>\n<td width=\"539\"><\/td>\n<\/tr>\n<tr>\n<td width=\"539\"><strong>Cabo O.D.<\/strong><\/td>\n<td width=\"539\">3.5 &#8211; 8.0 mm<\/td>\n<\/tr>\n<tr>\n<td width=\"539\"><strong>For\u00e7a de inser\u00e7\u00e3o<\/strong><\/td>\n<td width=\"539\">\u2264 20 N<\/td>\n<\/tr>\n<tr>\n<td width=\"539\"><strong>For\u00e7a de retirada<\/strong><\/td>\n<td width=\"539\">\u2264 20 N<\/td>\n<\/tr>\n<tr>\n<td width=\"539\"><strong>Vida \u00fatil<\/strong><\/td>\n<td width=\"539\">&gt; 1000 ciclos<\/td>\n<\/tr>\n<tr>\n<td width=\"539\"><strong>Tamanho do cabo<\/strong><\/td>\n<td width=\"539\">max. 0.75 mm\u00b2<\/td>\n<\/tr>\n<tr>\n<td width=\"539\"><strong>Tamanho do cabo<\/strong><\/td>\n<td width=\"539\">max. 20 AWG<\/td>\n<\/tr>\n<tr>\n<td width=\"539\"><strong>Cabeamento<\/strong><\/td>\n<td width=\"539\">Contatos de solda<\/td>\n<\/tr>\n<tr>\n<td width=\"539\"><strong>Dispositivo de trava<\/strong><\/td>\n<td width=\"539\">Latch lock<\/td>\n<\/tr>\n<\/tbody>\n<\/table>\n<p>&nbsp;<\/p>\n<table>\n<tbody>\n<tr>\n<td width=\"539\"><span style=\"color: #00a859; font-size: 120%;\"><strong>Material<\/strong><\/span><\/td>\n<td width=\"539\"><\/td>\n<\/tr>\n<tr>\n<td width=\"539\"><strong>Boot<\/strong><\/td>\n<td width=\"539\">Poliuretano<\/td>\n<\/tr>\n<tr>\n<td width=\"539\"><strong>Galvaniza\u00e7\u00e3o por contato<\/strong><\/td>\n<td width=\"539\">0.2 \u00b5m liga robusta sobre 2 \u00b5m Ni<\/td>\n<\/tr>\n<tr>\n<td width=\"539\"><strong>Contatos<\/strong><\/td>\n<td width=\"539\">Lat\u00e3o (CuZn39Pb3)<\/td>\n<\/tr>\n<tr>\n<td width=\"539\"><strong>Entrada<\/strong><\/td>\n<td width=\"539\">Poliamida (PA 6.6 30 % GR)<\/td>\n<\/tr>\n<tr>\n<td width=\"539\"><strong>Elemento de trava<\/strong><\/td>\n<td width=\"539\">Zinco diecast (ZnAl4Cu1)<\/td>\n<\/tr>\n<tr>\n<td width=\"539\"><strong>Carca\u00e7a<\/strong><\/td>\n<td width=\"539\">Zinco diecast (ZnAl4Cu1)<\/td>\n<\/tr>\n<tr>\n<td width=\"539\"><strong>Chapeamento<\/strong><\/td>\n<td width=\"539\">Cromo preto<\/td>\n<\/tr>\n<tr>\n<td width=\"539\"><strong>Al\u00edvio de tens\u00e3o<\/strong><\/td>\n<td width=\"539\">Polyacetal (POM)<\/td>\n<\/tr>\n<\/tbody>\n<\/table>\n<p>&nbsp;<\/p>\n<table>\n<tbody>\n<tr>\n<td width=\"539\"><span style=\"color: #00a859; font-size: 120%;\"><strong>Ambiental<\/strong><\/span><\/td>\n<td width=\"539\"><\/td>\n<\/tr>\n<tr>\n<td width=\"539\"><strong>Inflamabilidade<\/strong><\/td>\n<td width=\"539\">UL 94 HB<\/td>\n<\/tr>\n<tr>\n<td width=\"539\"><strong>Padr\u00e3o de conformidade<\/strong><\/td>\n<td width=\"539\">IEC 61076-2-103<\/td>\n<\/tr>\n<tr>\n<td width=\"539\"><strong>Classe de prote\u00e7\u00e3o<\/strong><\/td>\n<td width=\"539\">IP 40<\/td>\n<\/tr>\n<tr>\n<td width=\"539\"><strong>Soldabilidade<\/strong><\/td>\n<td width=\"539\">Cumpre com IEC 68-2-20<\/td>\n<\/tr>\n<tr>\n<td width=\"539\"><strong>Varia\u00e7\u00e3o de temperatura<\/strong><\/td>\n<td width=\"539\">-30 \u00b0C at\u00e9 \u00a0+80 \u00b0C<\/td>\n<\/tr>\n<\/tbody>\n<\/table>\n<p>&nbsp;<\/p>\n","protected":false},"excerpt":{"rendered":"<p>C\u00f3d: 14863 Conector de cabo\/linha XLR macho de 3 polos, corpo em metal niquelado, contatos em bronze, novo sistema &#8220;solder stop&#8221; que n\u00e3o deixa a solda fluir para dentro do contato, duas abas internas de guia para assegurar f\u00e1cil alinhamento para montagem f\u00e1cil e r\u00e1pida. Especialmente projetado para uso contra interfer\u00eancias de RF, para aplica\u00e7\u00f5es [&#8230;]\n","protected":false},"featured_media":1066,"comment_status":"open","ping_status":"closed","template":"","meta":[],"_links":{"self":[{"href":"https:\/\/site.izzo.com.br\/neutrik\/wp-json\/wp\/v2\/product\/1107"}],"collection":[{"href":"https:\/\/site.izzo.com.br\/neutrik\/wp-json\/wp\/v2\/product"}],"about":[{"href":"https:\/\/site.izzo.com.br\/neutrik\/wp-json\/wp\/v2\/types\/product"}],"replies":[{"embeddable":true,"href":"https:\/\/site.izzo.com.br\/neutrik\/wp-json\/wp\/v2\/comments?post=1107"}],"wp:featuredmedia":[{"embeddable":true,"href":"https:\/\/site.izzo.com.br\/neutrik\/wp-json\/wp\/v2\/media\/1066"}],"wp:attachment":[{"href":"https:\/\/site.izzo.com.br\/neutrik\/wp-json\/wp\/v2\/media?parent=1107"}],"curies":[{"name":"wp","href":"https:\/\/api.w.org\/{rel}","templated":true}]}}