{"id":1117,"date":"2020-06-16T15:29:22","date_gmt":"2020-06-16T18:29:22","guid":{"rendered":"http:\/\/izzo.com.br\/TEMPSITES\/neutrik\/index.php\/product\/conector-neutrik-nc5mxx-pacote-com-10-pecas\/"},"modified":"2020-06-30T16:46:24","modified_gmt":"2020-06-30T19:46:24","slug":"conector-neutrik-nc5mxx","status":"publish","type":"product","link":"https:\/\/site.izzo.com.br\/neutrik\/produto\/conector-neutrik-nc5mxx\/","title":{"rendered":"CONECTOR NEUTRIK NC5MXX"},"content":{"rendered":"<p>C\u00f3d: 14825<\/p>\n<p>Conector de cabo\/linha XLR macho de 5 polos, corpo em metal niquelado, contatos em prata, duas abas internas de guia para assegurar f\u00e1cil alinhamento para montagem f\u00e1cil e r\u00e1pida.<\/p>\n<h2><strong>Caracter\u00edsticas<\/strong><\/h2>\n<ul>\n<li>Conector macho com recesso de travamento aprimorado sem &#8220;janela&#8221;, carca\u00e7a mais rigorosa aumenta a durabilidade<\/li>\n<li>A boot de poliuretano oferece alta prote\u00e7\u00e3o contra as tens\u00f5es de flex\u00e3o de cabos<\/li>\n<li>Design elegante e ergon\u00f4mico &#8211; valioso e pr\u00e1tico<\/li>\n<li>Rosca interna na carca\u00e7a est\u00e1 bem protegida contra qualquer dano<\/li>\n<li>Al\u00edvio de tens\u00e3o aprimorado do tipo mandril fornece maior for\u00e7a de tra\u00e7\u00e3o e facilita a montagem e mais rapidamente<\/li>\n<li>An\u00e9is e boot coloridos dispon\u00edveis para codifica\u00e7\u00e3o ou identifica\u00e7\u00e3o<\/li>\n<li>Casco fundido de zinco robusto, duradouro e confi\u00e1vel<\/li>\n<li>Marcado com holograma exclusivo &#8211; garante produto genu\u00edno e aut\u00eantico<\/li>\n<\/ul>\n<h2 class=\"headline-three\"><strong>Informa\u00e7\u00f5es T\u00e9cnicas<\/strong><\/h2>\n<table>\n<tbody>\n<tr>\n<td width=\"539\"><span style=\"color: #00a859; font-size: 120%;\"><strong>Produto<\/strong><\/span><\/td>\n<td width=\"539\"><\/td>\n<\/tr>\n<tr>\n<td width=\"539\"><strong>T\u00edtulo<\/strong><\/td>\n<td width=\"539\">NC5MXX<\/td>\n<\/tr>\n<tr>\n<td width=\"539\"><strong>Tipo de conex\u00e3o<\/strong><\/td>\n<td width=\"539\">XLR<\/td>\n<\/tr>\n<tr>\n<td width=\"539\"><strong>G\u00eanero<\/strong><\/td>\n<td width=\"539\">macho<\/td>\n<\/tr>\n<\/tbody>\n<\/table>\n<p>&nbsp;<\/p>\n<table>\n<tbody>\n<tr>\n<td width=\"539\"><span style=\"color: #00a859; font-size: 120%;\"><strong>El\u00e9trica<\/strong><\/span><\/td>\n<td width=\"539\"><\/td>\n<\/tr>\n<tr>\n<td width=\"539\"><strong>Capacit\u00e2ncia entre contatos<\/strong><\/td>\n<td width=\"539\">\u2264 7 pF<\/td>\n<\/tr>\n<tr>\n<td width=\"539\"><strong>Resist\u00eancia de contato<\/strong><\/td>\n<td width=\"539\">\u2264 3 m\u03a9<\/td>\n<\/tr>\n<tr>\n<td width=\"539\"><strong>Rigidez diel\u00e9trica<\/strong><\/td>\n<td width=\"539\">1,5 kVdc<\/td>\n<\/tr>\n<tr>\n<td width=\"539\"><strong>Resist\u00eancia de isolamento<\/strong><\/td>\n<td width=\"539\">&gt; 10 G\u03a9 (inicial)<\/td>\n<\/tr>\n<tr>\n<td width=\"539\"><strong>Corrente nominal por contato<\/strong><\/td>\n<td width=\"539\">7,5 A<\/td>\n<\/tr>\n<tr>\n<td width=\"539\"><strong>Tens\u00e3o nominal<\/strong><\/td>\n<td width=\"539\">&lt; 50 V<\/td>\n<\/tr>\n<\/tbody>\n<\/table>\n<p>&nbsp;<\/p>\n<table>\n<tbody>\n<tr>\n<td width=\"290\"><span style=\"color: #00a859; font-size: 120%;\"><strong>Mec\u00e2nica<\/strong><\/span><\/td>\n<td width=\"277\"><\/td>\n<\/tr>\n<tr>\n<td width=\"290\"><strong>Cabo O.D.<\/strong><\/td>\n<td width=\"277\">3.5 &#8211; 8.0 mm<\/td>\n<\/tr>\n<tr>\n<td width=\"290\"><strong>For\u00e7a de inser\u00e7\u00e3o<\/strong><\/td>\n<td width=\"277\">\u2264 20 N<\/td>\n<\/tr>\n<tr>\n<td width=\"290\"><strong>For\u00e7a de retirada<\/strong><\/td>\n<td width=\"277\">\u2264 20 N<\/td>\n<\/tr>\n<tr>\n<td width=\"290\"><strong>Vida \u00fatil<\/strong><\/td>\n<td width=\"277\">&gt; 1000 ciclos<\/td>\n<\/tr>\n<tr>\n<td width=\"290\"><strong>Tamanho do cabo<\/strong><\/td>\n<td width=\"277\">max. 1.0 mm\u00b2<\/td>\n<\/tr>\n<tr>\n<td width=\"290\"><strong>Tamanho do cabo<\/strong><\/td>\n<td width=\"277\">max. 18 AWG<\/td>\n<\/tr>\n<tr>\n<td width=\"290\"><strong>Cabeamento<\/strong><\/td>\n<td width=\"277\">Contato de solda<\/td>\n<\/tr>\n<tr>\n<td width=\"290\"><strong>Dispositivo de trava<\/strong><\/td>\n<td width=\"277\">Latch lock<\/td>\n<\/tr>\n<\/tbody>\n<\/table>\n<p>&nbsp;<\/p>\n<table>\n<tbody>\n<tr>\n<td width=\"539\"><span style=\"color: #00a859; font-size: 120%;\"><strong>Material<\/strong><\/span><\/td>\n<td width=\"539\"><\/td>\n<\/tr>\n<tr>\n<td width=\"539\"><strong>Boot<\/strong><\/td>\n<td width=\"539\">Poliuretano<\/td>\n<\/tr>\n<tr>\n<td width=\"539\"><strong>Galvaniza\u00e7\u00e3o por contato<\/strong><\/td>\n<td width=\"539\">2 \u00b5m Ag over 2 \u00b5m Ni<\/td>\n<\/tr>\n<tr>\n<td width=\"539\"><strong>Contatos<\/strong><\/td>\n<td width=\"539\">Brass (CuZn39Pb3)<\/td>\n<\/tr>\n<tr>\n<td width=\"539\"><strong>Entradas<\/strong><\/td>\n<td width=\"539\">Polyamide (PA 6.6 30 % GR)<\/td>\n<\/tr>\n<tr>\n<td width=\"539\"><strong>Elemento de trava<\/strong><\/td>\n<td width=\"539\">Zinc diecast (ZnAl4Cu1)<\/td>\n<\/tr>\n<tr>\n<td width=\"539\"><strong>Carca\u00e7a<\/strong><\/td>\n<td width=\"539\">Zinc diecast (ZnAl4Cu1)<\/td>\n<\/tr>\n<tr>\n<td width=\"539\"><strong>Chapeamento<\/strong><\/td>\n<td width=\"539\">N\u00edquel<\/td>\n<\/tr>\n<tr>\n<td width=\"539\"><strong>Al\u00edvio de tens\u00e3o<\/strong><\/td>\n<td width=\"539\">Polyacetal (POM)<\/td>\n<\/tr>\n<\/tbody>\n<\/table>\n<p>&nbsp;<\/p>\n<table>\n<tbody>\n<tr>\n<td width=\"539\"><span style=\"color: #00a859; font-size: 120%;\"><strong>Ambiental<\/strong><\/span><\/td>\n<td width=\"539\"><\/td>\n<\/tr>\n<tr>\n<td width=\"539\"><strong>Inflamabilidade<\/strong><\/td>\n<td width=\"539\">UL 94 HB<\/td>\n<\/tr>\n<tr>\n<td width=\"539\"><strong>Padr\u00e3o de conformidade<\/strong><\/td>\n<td width=\"539\">IEC 61076-2-103<\/td>\n<\/tr>\n<tr>\n<td width=\"539\"><strong>Classe de prote\u00e7\u00e3o<\/strong><\/td>\n<td width=\"539\">IP 40<\/td>\n<\/tr>\n<tr>\n<td width=\"539\"><strong>Soldabilidade<\/strong><\/td>\n<td width=\"539\">Complies with IEC 68-2-20<\/td>\n<\/tr>\n<tr>\n<td width=\"539\"><strong>Varia\u00e7\u00e3o de temperatura<\/strong><\/td>\n<td width=\"539\">-30 \u00b0C to +80 \u00b0C<\/td>\n<\/tr>\n<\/tbody>\n<\/table>\n<p>&nbsp;<\/p>\n","protected":false},"excerpt":{"rendered":"<p>C\u00f3d: 14825 Conector de cabo\/linha XLR macho de 5 polos, corpo em metal niquelado, contatos em prata, duas abas internas de guia para assegurar f\u00e1cil alinhamento para montagem f\u00e1cil e r\u00e1pida. Caracter\u00edsticas Conector macho com recesso de travamento aprimorado sem &#8220;janela&#8221;, carca\u00e7a mais rigorosa aumenta a durabilidade A boot de poliuretano oferece alta prote\u00e7\u00e3o contra [&#8230;]\n","protected":false},"featured_media":994,"comment_status":"open","ping_status":"closed","template":"","meta":[],"_links":{"self":[{"href":"https:\/\/site.izzo.com.br\/neutrik\/wp-json\/wp\/v2\/product\/1117"}],"collection":[{"href":"https:\/\/site.izzo.com.br\/neutrik\/wp-json\/wp\/v2\/product"}],"about":[{"href":"https:\/\/site.izzo.com.br\/neutrik\/wp-json\/wp\/v2\/types\/product"}],"replies":[{"embeddable":true,"href":"https:\/\/site.izzo.com.br\/neutrik\/wp-json\/wp\/v2\/comments?post=1117"}],"wp:featuredmedia":[{"embeddable":true,"href":"https:\/\/site.izzo.com.br\/neutrik\/wp-json\/wp\/v2\/media\/994"}],"wp:attachment":[{"href":"https:\/\/site.izzo.com.br\/neutrik\/wp-json\/wp\/v2\/media?parent=1117"}],"curies":[{"name":"wp","href":"https:\/\/api.w.org\/{rel}","templated":true}]}}