{"id":1121,"date":"2020-06-16T15:29:25","date_gmt":"2020-06-16T18:29:25","guid":{"rendered":"http:\/\/izzo.com.br\/TEMPSITES\/neutrik\/index.php\/product\/conector-neutrik-ncj6fi-s-pacote-com-10-pecas\/"},"modified":"2020-06-30T16:48:09","modified_gmt":"2020-06-30T19:48:09","slug":"conector-neutrik-ncj6fi-s","status":"publish","type":"product","link":"https:\/\/site.izzo.com.br\/neutrik\/produto\/conector-neutrik-ncj6fi-s\/","title":{"rendered":"CONECTOR NEUTRIK NCJ6FI-S"},"content":{"rendered":"<p>C\u00f3d: 14823<\/p>\n<p>Conector combo de painel XLR f\u00eamea\/P10 (jack) est\u00e9reo de 3 polos, corpo em pl\u00e1stico com trava, terminais para soldar, aceita conex\u00f5es nos padr\u00f5es XLR macho ou plugue P10.<\/p>\n<h2><strong>Caracter\u00edsticas<\/strong><\/h2>\n<ul>\n<li>Receptor XLR combinado e jack de phone de 1\/4 &#8220;<\/li>\n<li>Economiza espa\u00e7o em rack combinando 2 conectores em uma caixa<\/li>\n<li>Entradas balanceadas ou de linha em uma carca\u00e7a XLR<\/li>\n<li>Condutor de capacit\u00e2ncia muito baixo, portanto adequado para \u00e1udio digital<\/li>\n<\/ul>\n<h2 class=\"headline-three\"><strong>Informa\u00e7\u00f5es T\u00e9cnicas<\/strong><\/h2>\n<table>\n<tbody>\n<tr>\n<td width=\"539\"><span style=\"color: #00a859; font-size: 120%;\"><strong>Produto<\/strong><\/span><\/td>\n<td width=\"539\"><\/td>\n<\/tr>\n<tr>\n<td width=\"539\"><strong>T\u00edtulo<\/strong><\/td>\n<td width=\"539\">NCJ6FI-S<\/td>\n<\/tr>\n<tr>\n<td width=\"539\"><strong>Tipo de conex\u00e3o<\/strong><\/td>\n<td width=\"539\">Combo<\/td>\n<\/tr>\n<tr>\n<td width=\"539\"><strong>G\u00eanero<\/strong><\/td>\n<td width=\"539\">F\u00eamea<\/td>\n<\/tr>\n<\/tbody>\n<\/table>\n<p>&nbsp;<\/p>\n<table>\n<tbody>\n<tr>\n<td width=\"539\"><span style=\"color: #00a859; font-size: 120%;\"><strong>El\u00e9trica<\/strong><\/span><\/td>\n<td width=\"539\"><\/td>\n<\/tr>\n<tr>\n<td width=\"539\"><strong>Resist\u00eancia de contato<\/strong><\/td>\n<td width=\"539\">&lt; 10 m\u03a9 (XLR)<\/td>\n<\/tr>\n<tr>\n<td width=\"539\"><strong>Resist\u00eancia de contato<\/strong><\/td>\n<td width=\"539\">&lt; 20 m\u03a9 (jack)<\/td>\n<\/tr>\n<tr>\n<td width=\"539\"><strong>Rigidez diel\u00e9trica<\/strong><\/td>\n<td width=\"539\">1,5 kVdc<\/td>\n<\/tr>\n<tr>\n<td width=\"539\"><strong>Resist\u00eancia de isolamento<\/strong><\/td>\n<td width=\"539\">&gt; 10 G\u03a9 (inicial)<\/td>\n<\/tr>\n<tr>\n<td width=\"539\"><strong>Corrente nominal por contato<\/strong><\/td>\n<td width=\"539\">7,5 A (XLR)<\/td>\n<\/tr>\n<tr>\n<td width=\"539\"><strong>Corrente nominal por contato<\/strong><\/td>\n<td width=\"539\">7,5 A (Jack)<\/td>\n<\/tr>\n<tr>\n<td width=\"539\"><strong>Tens\u00e3o nominal<\/strong><\/td>\n<td width=\"539\">&lt; 50 V<\/td>\n<\/tr>\n<\/tbody>\n<\/table>\n<p>&nbsp;<\/p>\n<table>\n<tbody>\n<tr>\n<td width=\"293\"><span style=\"color: #00a859; font-size: 120%;\"><strong>Mec\u00e2nica<\/strong><\/span><\/td>\n<td width=\"274\"><\/td>\n<\/tr>\n<tr>\n<td width=\"293\"><strong>For\u00e7a de inser\u00e7\u00e3o<\/strong><\/td>\n<td width=\"274\">\u2264 25 N<\/td>\n<\/tr>\n<tr>\n<td width=\"293\"><strong>For\u00e7a de retirada<\/strong><\/td>\n<td width=\"274\">\u2264 25 N<\/td>\n<\/tr>\n<tr>\n<td width=\"293\"><strong>Vida \u00fatil<\/strong><\/td>\n<td width=\"274\">&gt; 1000 ciclos<\/td>\n<\/tr>\n<tr>\n<td width=\"293\"><strong>Espessura do painel<\/strong><\/td>\n<td width=\"274\">max. 7 mm 0.27&#8243;<\/td>\n<\/tr>\n<tr>\n<td width=\"293\"><strong>Tamanho do cabo<\/strong><\/td>\n<td width=\"274\"><\/td>\n<\/tr>\n<tr>\n<td width=\"293\"><strong>Dire\u00e7\u00e3o de montagem<\/strong><\/td>\n<td width=\"274\">Montagem traseira<\/td>\n<\/tr>\n<\/tbody>\n<\/table>\n<p>&nbsp;<\/p>\n<table>\n<tbody>\n<tr>\n<td width=\"539\"><span style=\"color: #00a859; font-size: 120%;\"><strong>Material<\/strong><\/span><\/td>\n<td width=\"539\"><\/td>\n<\/tr>\n<tr>\n<td width=\"539\"><strong>Galvaniza\u00e7\u00e3o por contato<\/strong><\/td>\n<td width=\"539\">0.2 \u00b5m Au liga espessa 2 \u00b5m Ni<\/td>\n<\/tr>\n<tr>\n<td width=\"539\"><strong>Contatos<\/strong><\/td>\n<td width=\"539\">Bronze (CuSn6)<\/td>\n<\/tr>\n<tr>\n<td width=\"539\"><strong>Entrada<\/strong><\/td>\n<td width=\"539\">Poliamida (PA 6.6 30 % GR)<\/td>\n<\/tr>\n<tr>\n<td width=\"539\"><strong>Elemento de trava<\/strong><\/td>\n<td width=\"539\">A\u00e7o Ck67<\/td>\n<\/tr>\n<\/tbody>\n<\/table>\n<p>&nbsp;<\/p>\n<table>\n<tbody>\n<tr>\n<td width=\"539\"><span style=\"color: #00a859; font-size: 120%;\"><strong>Ambiental<\/strong><\/span><\/td>\n<td width=\"539\"><\/td>\n<\/tr>\n<tr>\n<td width=\"539\"><strong>Varia\u00e7\u00e3o de temperatura<\/strong><\/td>\n<td width=\"539\">-30 \u00b0C at\u00e9 \u00a0+80 \u00b0C<\/td>\n<\/tr>\n<\/tbody>\n<\/table>\n<p>&nbsp;<\/p>\n","protected":false},"excerpt":{"rendered":"<p>C\u00f3d: 14823 Conector combo de painel XLR f\u00eamea\/P10 (jack) est\u00e9reo de 3 polos, corpo em pl\u00e1stico com trava, terminais para soldar, aceita conex\u00f5es nos padr\u00f5es XLR macho ou plugue P10. Caracter\u00edsticas Receptor XLR combinado e jack de phone de 1\/4 &#8220; Economiza espa\u00e7o em rack combinando 2 conectores em uma caixa Entradas balanceadas ou de [&#8230;]\n","protected":false},"featured_media":457,"comment_status":"open","ping_status":"closed","template":"","meta":[],"_links":{"self":[{"href":"https:\/\/site.izzo.com.br\/neutrik\/wp-json\/wp\/v2\/product\/1121"}],"collection":[{"href":"https:\/\/site.izzo.com.br\/neutrik\/wp-json\/wp\/v2\/product"}],"about":[{"href":"https:\/\/site.izzo.com.br\/neutrik\/wp-json\/wp\/v2\/types\/product"}],"replies":[{"embeddable":true,"href":"https:\/\/site.izzo.com.br\/neutrik\/wp-json\/wp\/v2\/comments?post=1121"}],"wp:featuredmedia":[{"embeddable":true,"href":"https:\/\/site.izzo.com.br\/neutrik\/wp-json\/wp\/v2\/media\/457"}],"wp:attachment":[{"href":"https:\/\/site.izzo.com.br\/neutrik\/wp-json\/wp\/v2\/media?parent=1121"}],"curies":[{"name":"wp","href":"https:\/\/api.w.org\/{rel}","templated":true}]}}