{"id":1443,"date":"2021-03-22T17:20:18","date_gmt":"2021-03-22T20:20:18","guid":{"rendered":"http:\/\/izzo.com.br\/neutrik\/?post_type=product&#038;p=1443"},"modified":"2021-03-22T17:23:31","modified_gmt":"2021-03-22T20:23:31","slug":"conector-neutrik-np3x-bag","status":"publish","type":"product","link":"https:\/\/site.izzo.com.br\/neutrik\/produto\/conector-neutrik-np3x-bag\/","title":{"rendered":"CONECTOR NEUTRIK NP3X-BAG"},"content":{"rendered":"<p>C\u00f3d: 14891<\/p>\n<p>Conector P10 est\u00e9reo macho de cabo\/linha (TRS), com corpo preto e contato em metal niquelado, ponta integrada em uma s\u00f3 pe\u00e7a (sem parafuso), design inovador com prensa cabo interno para melhor isolamento e anel de metal com rosca interna para melhor fixa\u00e7\u00e3o da bucha de acabamento para o cabo.<\/p>\n<h2><strong>Caracter\u00edsticas<\/strong><\/h2>\n<ul>\n<li>Plugue extra fino de 1\/4 &#8220;para maior densidade de embalagem<\/li>\n<li>Carca\u00e7a fundida, robusto com design elegante<\/li>\n<li>Al\u00edvio de tens\u00e3o comprovado do tipo bucha para reten\u00e7\u00e3o confi\u00e1vel de cabos<\/li>\n<li>Design elegante para melhor comodidade de manuseio<\/li>\n<li id=\"tw-target-text\" class=\"tw-data-text tw-text-large XcVN5d tw-ta\" dir=\"ltr\" data-placeholder=\"Tradu\u00e7\u00e3o\"><span lang=\"pt\">Contatos de pe\u00e7a \u00fanica usinados com precis\u00e3o &#8211; evita a conex\u00e3o do contato da ponta<\/span><\/li>\n<\/ul>\n<h2 class=\"headline-three\"><strong>Informa\u00e7\u00f5es T\u00e9cnicas<\/strong><\/h2>\n<p>&nbsp;<\/p>\n<table>\n<tbody>\n<tr>\n<td width=\"539\"><span style=\"color: #00a859; font-size: 120%;\"><strong>Produto<\/strong><\/span><\/td>\n<td width=\"539\"><\/td>\n<\/tr>\n<tr>\n<td width=\"539\"><strong>T\u00edtulo<\/strong><\/td>\n<td width=\"539\">NP3X-BAG<\/td>\n<\/tr>\n<tr>\n<td width=\"539\"><strong>Tipo de conex\u00e3o<\/strong><\/td>\n<td width=\"539\">Plug<\/td>\n<\/tr>\n<tr>\n<td width=\"539\"><strong>G\u00eanero<\/strong><\/td>\n<td width=\"539\">Macho<\/td>\n<\/tr>\n<\/tbody>\n<\/table>\n<p>&nbsp;<\/p>\n<table>\n<tbody>\n<tr>\n<td width=\"539\"><span style=\"color: #00a859; font-size: 120%;\"><strong>El\u00e9trica<\/strong><\/span><\/td>\n<td width=\"539\"><\/td>\n<\/tr>\n<tr>\n<td width=\"539\"><strong>Resist\u00eancia de contato<\/strong><\/td>\n<td width=\"539\">depende do conector correspondente m\u03a9<\/td>\n<\/tr>\n<tr>\n<td width=\"539\"><strong>Rigidez diel\u00e9trica<\/strong><\/td>\n<td width=\"539\">1 kVdc<\/td>\n<\/tr>\n<tr>\n<td width=\"539\"><strong>Resist\u00eancia de isolamento<\/strong><\/td>\n<td width=\"539\">&gt; 2 G\u03a9 (inicial)<\/td>\n<\/tr>\n<tr>\n<td width=\"539\"><strong>Corrente nominal por contato<\/strong><\/td>\n<td width=\"539\">depende do conector correspondente A<\/td>\n<\/tr>\n<tr>\n<td width=\"539\"><strong>Voltagem nominal<\/strong><\/td>\n<td width=\"539\">&lt; 50 V<\/td>\n<\/tr>\n<\/tbody>\n<\/table>\n<p>&nbsp;<\/p>\n<table>\n<tbody>\n<tr>\n<td width=\"539\"><span style=\"color: #00a859; font-size: 120%;\"><strong>Mec\u00e2nica<\/strong><\/span><\/td>\n<td width=\"539\"><\/td>\n<\/tr>\n<tr>\n<td width=\"539\"><strong>Cabo O.D.<\/strong><\/td>\n<td width=\"539\">4 &#8211; 7 mm<\/td>\n<\/tr>\n<tr>\n<td width=\"539\"><strong>Vida \u00fatil<\/strong><\/td>\n<td width=\"539\">&gt; 1000 ciclos<\/td>\n<\/tr>\n<tr>\n<td width=\"539\"><strong>Tamanho do cabo<\/strong><\/td>\n<td width=\"539\">1 mm\u00b2<\/td>\n<\/tr>\n<tr>\n<td width=\"539\"><strong>Tamanho do cabo<\/strong><\/td>\n<td width=\"539\">18 AWG<\/td>\n<\/tr>\n<tr>\n<td width=\"539\"><strong>Cabeamento<\/strong><\/td>\n<td width=\"539\">Contatos de solda<\/td>\n<\/tr>\n<\/tbody>\n<\/table>\n<p>&nbsp;<\/p>\n<table>\n<tbody>\n<tr>\n<td width=\"539\"><span style=\"color: #00a859; font-size: 120%;\"><strong>Material<\/strong><\/span><\/td>\n<td width=\"539\"><\/td>\n<\/tr>\n<tr>\n<td width=\"539\"><strong>Casquilho<\/strong><\/td>\n<td width=\"539\">Polyacetal (POM) + PU<\/td>\n<\/tr>\n<tr>\n<td width=\"539\"><strong>Galvaniza\u00e7\u00e3o por contato<\/strong><\/td>\n<td width=\"539\">2 \u00b5m Ni (Su)<\/td>\n<\/tr>\n<tr>\n<td width=\"539\"><strong>Contatos<\/strong><\/td>\n<td width=\"539\">Lat\u00e3o (CuZn39Pb3)<\/td>\n<\/tr>\n<tr>\n<td width=\"539\"><strong>Entrada<\/strong><\/td>\n<td width=\"539\">Polyamide (PA 6.6 30 % GR)<\/td>\n<\/tr>\n<tr>\n<td width=\"539\"><strong>Carca\u00e7a<\/strong><\/td>\n<td width=\"539\">Zinco diecast (ZnAl4Cu1)<\/td>\n<\/tr>\n<tr>\n<td width=\"539\"><strong>Chapeamento<\/strong><\/td>\n<td width=\"539\">Cromo preto<\/td>\n<\/tr>\n<tr>\n<td width=\"539\"><strong>Al\u00edvio de tens\u00e3o<\/strong><\/td>\n<td width=\"539\">Polyacetal (POM)<\/td>\n<\/tr>\n<\/tbody>\n<\/table>\n<p>&nbsp;<\/p>\n<table>\n<tbody>\n<tr>\n<td width=\"539\"><span style=\"color: #00a859; font-size: 120%;\"><strong>Ambiental<\/strong><\/span><\/td>\n<td width=\"539\"><\/td>\n<\/tr>\n<tr>\n<td width=\"539\"><strong>Padr\u00e3o de conformidade<\/strong><\/td>\n<td width=\"539\">IEC 60603-11 \/ EIA RS-453<\/td>\n<\/tr>\n<tr>\n<td width=\"539\"><strong>Soldabilidade<\/strong><\/td>\n<td width=\"539\">Cumpre com IEC 68-2-20<\/td>\n<\/tr>\n<tr>\n<td width=\"539\"><strong>Varia\u00e7\u00e3o de temperatura<\/strong><\/td>\n<td width=\"539\">-20 \u00b0C at\u00e9 \u00a0+65 \u00b0C<\/td>\n<\/tr>\n<\/tbody>\n<\/table>\n","protected":false},"excerpt":{"rendered":"<p>C\u00f3d: 14891 Conector P10 est\u00e9reo macho de cabo\/linha (TRS), com corpo preto e contato em metal niquelado, ponta integrada em uma s\u00f3 pe\u00e7a (sem parafuso), design inovador com prensa cabo interno para melhor isolamento e anel de metal com rosca interna para melhor fixa\u00e7\u00e3o da bucha de acabamento para o cabo. Caracter\u00edsticas Plugue extra fino [&#8230;]\n","protected":false},"featured_media":1445,"comment_status":"open","ping_status":"closed","template":"","meta":[],"_links":{"self":[{"href":"https:\/\/site.izzo.com.br\/neutrik\/wp-json\/wp\/v2\/product\/1443"}],"collection":[{"href":"https:\/\/site.izzo.com.br\/neutrik\/wp-json\/wp\/v2\/product"}],"about":[{"href":"https:\/\/site.izzo.com.br\/neutrik\/wp-json\/wp\/v2\/types\/product"}],"replies":[{"embeddable":true,"href":"https:\/\/site.izzo.com.br\/neutrik\/wp-json\/wp\/v2\/comments?post=1443"}],"wp:featuredmedia":[{"embeddable":true,"href":"https:\/\/site.izzo.com.br\/neutrik\/wp-json\/wp\/v2\/media\/1445"}],"wp:attachment":[{"href":"https:\/\/site.izzo.com.br\/neutrik\/wp-json\/wp\/v2\/media?parent=1443"}],"curies":[{"name":"wp","href":"https:\/\/api.w.org\/{rel}","templated":true}]}}