{"id":957,"date":"2020-06-16T15:27:35","date_gmt":"2020-06-16T18:27:35","guid":{"rendered":"http:\/\/izzo.com.br\/TEMPSITES\/neutrik\/index.php\/product\/conector-neutrik-nahdmi-w-pacote-com-10-pecas\/"},"modified":"2020-06-30T14:51:43","modified_gmt":"2020-06-30T17:51:43","slug":"conector-neutrik-nahdmi-w","status":"publish","type":"product","link":"https:\/\/site.izzo.com.br\/neutrik\/produto\/conector-neutrik-nahdmi-w\/","title":{"rendered":"CONECTOR NEUTRIK NAHDMI-W"},"content":{"rendered":"<p>C\u00f3d: 14828<\/p>\n<p>Conector de painel HDMI (1.3) compat\u00edvel com todos os formatos de transmiss\u00e3o de TV digital e PC (inclusive high-definition HDTV), no formato do chassi &#8220;D&#8221;, sistema back to back (caso tenha outra entrada HDMI atr\u00e1s do conector).<\/p>\n<p>&nbsp;<\/p>\n<h2><strong>Caracter\u00edsticas<\/strong><\/h2>\n<ul>\n<li>Transmite qualquer formato de v\u00eddeo digital de TV ou PC incluindo alta defini\u00e7\u00e3o (HDTV)<\/li>\n<li>HDMI alimentado por adaptador de 19 polos com recept\u00e1culo HDMI nas duas extremidades<\/li>\n<li>Resistente a poeira e \u00e1gua para padr\u00e3o de seguran\u00e7a IP65 em combina\u00e7\u00e3o com NKHDMI<\/li>\n<li>Chassis D-shape, padr\u00e3o aceito universalmente<\/li>\n<li>Tela remov\u00edvel para aterramento do chassi<\/li>\n<\/ul>\n<p>&nbsp;<\/p>\n<p><img src=\"https:\/\/www.neutrik.com\/media\/5414\/download\/nahdmi-w_removable_grounding.jpg?v=1\" alt=\"NAHDMI-W romovable grounding\" \/><\/p>\n<p>&nbsp;<\/p>\n<h2 class=\"headline-three\"><strong>Informa\u00e7\u00f5es T\u00e9cnicas<\/strong><\/h2>\n<div id=\"infoTable-1\" class=\"product-info-table-wrapper shadow-r\">\n<div class=\"product-info-table-container js-table-container\">\n<table>\n<tbody>\n<tr>\n<td width=\"539\"><span style=\"font-size: 120%; color: #00a859;\"><strong>Produto<\/strong><\/span><\/td>\n<td width=\"539\"><\/td>\n<\/tr>\n<tr>\n<td width=\"539\"><strong>T\u00edtulo<\/strong><\/td>\n<td width=\"539\">NAHDMI-W<\/td>\n<\/tr>\n<tr>\n<td width=\"539\"><strong>Tipo<\/strong><\/td>\n<td width=\"539\">Adapter<\/td>\n<\/tr>\n<tr>\n<td width=\"539\"><strong>G\u00eanero<\/strong><\/td>\n<td width=\"539\">F\u00eamea<\/td>\n<\/tr>\n<\/tbody>\n<\/table>\n<p>&nbsp;<\/p>\n<table>\n<tbody>\n<tr>\n<td width=\"539\"><span style=\"font-size: 120%; color: #00a859;\"><strong>Mec\u00e2nica<\/strong><\/span><\/td>\n<td width=\"539\"><\/td>\n<\/tr>\n<tr>\n<td width=\"539\"><strong>Tamanho do cabo<\/strong><\/td>\n<td width=\"539\"><\/td>\n<\/tr>\n<tr>\n<td width=\"539\"><strong>Dire\u00e7\u00e3o de montagem<\/strong><\/td>\n<td width=\"539\">Frontal<\/td>\n<\/tr>\n<tr>\n<td width=\"539\"><strong>Formato do chassis <\/strong><\/td>\n<td width=\"539\">D<\/td>\n<\/tr>\n<tr>\n<td width=\"539\"><strong>Vida \u00fatil<\/strong><\/td>\n<td width=\"539\">&gt; 1000 ciclos<\/td>\n<\/tr>\n<\/tbody>\n<\/table>\n<p>&nbsp;<\/p>\n<table>\n<tbody>\n<tr>\n<td width=\"539\"><span style=\"font-size: 120%; color: #00a859;\"><strong>Material<\/strong><\/span><\/td>\n<td width=\"539\"><\/td>\n<\/tr>\n<tr>\n<td width=\"539\"><strong>Galvaniza\u00e7\u00e3o por contato<\/strong><\/td>\n<td width=\"539\">Au<\/td>\n<\/tr>\n<tr>\n<td width=\"539\"><strong>Contatos<\/strong><\/td>\n<td width=\"539\">Lat\u00e3o (CuZn39Pb3)<\/td>\n<\/tr>\n<tr>\n<td width=\"539\"><strong>Insert<\/strong><\/td>\n<td width=\"539\">PBT<\/td>\n<\/tr>\n<tr>\n<td width=\"539\"><strong>Carca\u00e7a <\/strong><\/td>\n<td width=\"539\">Zinco diecast (ZnAl4Cu1)<\/td>\n<\/tr>\n<tr>\n<td width=\"539\"><strong>Chapeamento<\/strong><\/td>\n<td width=\"539\">N\u00edquel<\/td>\n<\/tr>\n<\/tbody>\n<\/table>\n<p>&nbsp;<\/p>\n<table>\n<tbody>\n<tr>\n<td width=\"539\"><span style=\"font-size: 120%; color: #00a859;\"><strong>Ambiental<\/strong><\/span><\/td>\n<td width=\"539\"><\/td>\n<\/tr>\n<tr>\n<td width=\"539\"><strong>Inflamabilidade<\/strong><\/td>\n<td width=\"539\">UL 94 V-0<\/td>\n<\/tr>\n<tr>\n<td width=\"539\"><strong>Padr\u00e3o de conformidade<\/strong><\/td>\n<td width=\"539\">HDMI 2.0 (em combina\u00e7\u00e3o com cabo Neutrik HDMI at\u00e9 5m)<\/td>\n<\/tr>\n<tr>\n<td width=\"539\"><strong>Varia\u00e7\u00e3o de temperatura<\/strong><\/td>\n<td width=\"539\">-25 \u00b0C at\u00e9 +85 \u00b0C<\/td>\n<\/tr>\n<\/tbody>\n<\/table>\n<p>&nbsp;<\/p>\n<\/div>\n<\/div>\n","protected":false},"excerpt":{"rendered":"<p>C\u00f3d: 14828 Conector de painel HDMI (1.3) compat\u00edvel com todos os formatos de transmiss\u00e3o de TV digital e PC (inclusive high-definition HDTV), no formato do chassi &#8220;D&#8221;, sistema back to back (caso tenha outra entrada HDMI atr\u00e1s do conector). &nbsp; Caracter\u00edsticas Transmite qualquer formato de v\u00eddeo digital de TV ou PC incluindo alta defini\u00e7\u00e3o (HDTV) [&#8230;]\n","protected":false},"featured_media":1046,"comment_status":"open","ping_status":"closed","template":"","meta":[],"_links":{"self":[{"href":"https:\/\/site.izzo.com.br\/neutrik\/wp-json\/wp\/v2\/product\/957"}],"collection":[{"href":"https:\/\/site.izzo.com.br\/neutrik\/wp-json\/wp\/v2\/product"}],"about":[{"href":"https:\/\/site.izzo.com.br\/neutrik\/wp-json\/wp\/v2\/types\/product"}],"replies":[{"embeddable":true,"href":"https:\/\/site.izzo.com.br\/neutrik\/wp-json\/wp\/v2\/comments?post=957"}],"wp:featuredmedia":[{"embeddable":true,"href":"https:\/\/site.izzo.com.br\/neutrik\/wp-json\/wp\/v2\/media\/1046"}],"wp:attachment":[{"href":"https:\/\/site.izzo.com.br\/neutrik\/wp-json\/wp\/v2\/media?parent=957"}],"curies":[{"name":"wp","href":"https:\/\/api.w.org\/{rel}","templated":true}]}}