{"id":959,"date":"2020-06-16T15:27:36","date_gmt":"2020-06-16T18:27:36","guid":{"rendered":"http:\/\/izzo.com.br\/TEMPSITES\/neutrik\/index.php\/product\/conector-neutrik-nausb-w-pacote-com-10-pecas\/"},"modified":"2020-06-30T14:55:57","modified_gmt":"2020-06-30T17:55:57","slug":"conector-neutrik-nausb-w","status":"publish","type":"product","link":"https:\/\/site.izzo.com.br\/neutrik\/produto\/conector-neutrik-nausb-w\/","title":{"rendered":"CONECTOR NEUTRIK NAUSB-W"},"content":{"rendered":"<p>C\u00f3d: 14859<\/p>\n<p>Conector de painel USB (2.0) no formato do chassi &#8220;D&#8221;, sistema back to back (caso tenha outra entrada USB atr\u00e1s do conector).<\/p>\n<h2><strong>Caracter\u00edsticas<\/strong><\/h2>\n<ul>\n<li>Ideal para redes de \u00e1udio e integra\u00e7\u00f5es de equipamentos computadorizados em sistemas de \u00e1udio<\/li>\n<li>Carregamento USB 2.0 tipo A-B (B-A)<\/li>\n<li>Entrada revers\u00edvel tipo A, B, frente ou fundo<\/li>\n<li>Resistente a poeira e \u00e1gua para padr\u00e3o de seguran\u00e7a IP65 em combina\u00e7\u00e3o com NKUSB<\/li>\n<li>Chassis D-shape, padr\u00e3o aceito universalmente<\/li>\n<li>Tela remov\u00edvel para aterramento do chassi<\/li>\n<\/ul>\n<p>&nbsp;<\/p>\n<h2 class=\"headline-three\"><strong>Informa\u00e7\u00f5es T\u00e9cnicas<\/strong><\/h2>\n<table>\n<tbody>\n<tr>\n<td width=\"539\"><span style=\"font-size: 120%; color: #00a859;\"><strong>Produto<\/strong><\/span><\/td>\n<td width=\"539\"><\/td>\n<\/tr>\n<tr>\n<td width=\"539\"><strong>T\u00edtulo<\/strong><\/td>\n<td width=\"539\">NAUSB-W<\/td>\n<\/tr>\n<tr>\n<td width=\"539\"><strong>Tipo de Conex\u00e3o<\/strong><\/td>\n<td width=\"539\">Adapter<\/td>\n<\/tr>\n<tr>\n<td width=\"539\"><strong>G\u00eanero<\/strong><\/td>\n<td width=\"539\">f\u00eamea<\/td>\n<\/tr>\n<\/tbody>\n<\/table>\n<p>&nbsp;<\/p>\n<table>\n<tbody>\n<tr>\n<td width=\"539\"><span style=\"color: #00a859; font-size: 120%;\"><strong>Mec\u00e2nica<\/strong><\/span><\/td>\n<td width=\"539\"><\/td>\n<\/tr>\n<tr>\n<td width=\"539\"><strong>Tamanho do cabo<\/strong><\/td>\n<td width=\"539\"><\/td>\n<\/tr>\n<tr>\n<td width=\"539\"><strong>Dire\u00e7\u00e3o de montagem<\/strong><\/td>\n<td width=\"539\">Frontal<\/td>\n<\/tr>\n<tr>\n<td width=\"539\"><strong>Formato do chassi<\/strong><\/td>\n<td width=\"539\">D<\/td>\n<\/tr>\n<tr>\n<td width=\"539\"><strong>Vida \u00fatil<\/strong><\/td>\n<td width=\"539\">&gt; 1000 c\u00edclos<\/td>\n<\/tr>\n<\/tbody>\n<\/table>\n<p>&nbsp;<\/p>\n<table>\n<tbody>\n<tr>\n<td width=\"539\"><span style=\"color: #00a859; font-size: 120%;\"><strong>Material<\/strong><\/span><\/td>\n<td width=\"539\"><\/td>\n<\/tr>\n<tr>\n<td width=\"539\"><strong>Galvaniza\u00e7\u00e3o por contato<\/strong><\/td>\n<td width=\"539\">Au<\/td>\n<\/tr>\n<tr>\n<td width=\"539\"><strong>Contatos<\/strong><\/td>\n<td width=\"539\">Lat\u00e3o (CuZn39Pb3)<\/td>\n<\/tr>\n<tr>\n<td width=\"539\"><strong>Entrada<\/strong><\/td>\n<td width=\"539\">PBTP 15 % GR<\/td>\n<\/tr>\n<tr>\n<td width=\"539\"><strong>Carca\u00e7a<\/strong><\/td>\n<td width=\"539\">Zinco diecast (ZnAl4Cu1)<\/td>\n<\/tr>\n<tr>\n<td width=\"539\"><strong>Chapeamento <\/strong><\/td>\n<td width=\"539\">N\u00edquel<\/td>\n<\/tr>\n<\/tbody>\n<\/table>\n<p>&nbsp;<\/p>\n<table>\n<tbody>\n<tr>\n<td width=\"539\"><span style=\"font-size: 120%; color: #00a859;\"><strong>Ambiental<\/strong><\/span><\/td>\n<td width=\"539\"><\/td>\n<\/tr>\n<tr>\n<td width=\"539\"><strong>Inflamabilidade<\/strong><\/td>\n<td width=\"539\">UL 94 V-0<\/td>\n<\/tr>\n<tr>\n<td width=\"539\"><strong>Padr\u00e3o de conformidade<\/strong><\/td>\n<td width=\"539\">Especifica\u00e7\u00f5es \u00a0USB 2.0<\/td>\n<\/tr>\n<tr>\n<td width=\"539\"><strong>Varia\u00e7\u00e3o de temperatura<\/strong><\/td>\n<td width=\"539\">-25 \u00b0C at\u00e9 \u00a0+85 \u00b0C<\/td>\n<\/tr>\n<\/tbody>\n<\/table>\n<p>&nbsp;<\/p>\n","protected":false},"excerpt":{"rendered":"<p>C\u00f3d: 14859 Conector de painel USB (2.0) no formato do chassi &#8220;D&#8221;, sistema back to back (caso tenha outra entrada USB atr\u00e1s do conector). Caracter\u00edsticas Ideal para redes de \u00e1udio e integra\u00e7\u00f5es de equipamentos computadorizados em sistemas de \u00e1udio Carregamento USB 2.0 tipo A-B (B-A) Entrada revers\u00edvel tipo A, B, frente ou fundo Resistente a [&#8230;]\n","protected":false},"featured_media":539,"comment_status":"open","ping_status":"closed","template":"","meta":[],"_links":{"self":[{"href":"https:\/\/site.izzo.com.br\/neutrik\/wp-json\/wp\/v2\/product\/959"}],"collection":[{"href":"https:\/\/site.izzo.com.br\/neutrik\/wp-json\/wp\/v2\/product"}],"about":[{"href":"https:\/\/site.izzo.com.br\/neutrik\/wp-json\/wp\/v2\/types\/product"}],"replies":[{"embeddable":true,"href":"https:\/\/site.izzo.com.br\/neutrik\/wp-json\/wp\/v2\/comments?post=959"}],"wp:featuredmedia":[{"embeddable":true,"href":"https:\/\/site.izzo.com.br\/neutrik\/wp-json\/wp\/v2\/media\/539"}],"wp:attachment":[{"href":"https:\/\/site.izzo.com.br\/neutrik\/wp-json\/wp\/v2\/media?parent=959"}],"curies":[{"name":"wp","href":"https:\/\/api.w.org\/{rel}","templated":true}]}}