{"id":961,"date":"2020-06-16T15:27:38","date_gmt":"2020-06-16T18:27:38","guid":{"rendered":"http:\/\/izzo.com.br\/TEMPSITES\/neutrik\/index.php\/product\/conector-neutrik-nbnc75bjp9-pacote-com-10-pecas\/"},"modified":"2020-06-30T14:57:30","modified_gmt":"2020-06-30T17:57:30","slug":"conector-neutrik-nbnc75bjp9","status":"publish","type":"product","link":"https:\/\/site.izzo.com.br\/neutrik\/produto\/conector-neutrik-nbnc75bjp9\/","title":{"rendered":"CONECTOR NEUTRIK NBNC75BJP9"},"content":{"rendered":"<p>C\u00f3d: 14855<\/p>\n<p>Conector de cabo\/linha BNC 75 Ohms, corpo em metal, capa de acabamento em pl\u00e1stico preto, paracabos at\u00e9 6,47mm. Adequado para: Belden 1505F, Bryant BD SD53F, Cordial CVI 08-37 HD, Klotz VD083LP 0.8L\/3.7DZ, Tesca PrestoShield: 6,47 mm (hex)<\/p>\n<h2><strong>Caracter\u00edsticas<\/strong><\/h2>\n<ul>\n<li>\u201crearTWIST Principle\u201d (Patente DE 100 48507) trava e destrava usando toque suave de f\u00e1cil acesso<\/li>\n<li>Ideal para anteparas embutidas onde o acesso \u00e0 \u201ccabe\u00e7a\u201d do conector pode ser um problema. Esses conectores giram pela parte traseira e n\u00e3o pela frente.<\/li>\n<li>O verdadeiro design de 75 Ohms atende aos rigorosos requisitos de HDTV \/ DVD<\/li>\n<li>\u00c1rea principal: evita a inclina\u00e7\u00e3o devido a for\u00e7as laterais para proteger os contatos contra deforma\u00e7\u00f5es. Garante uma vida \u00fatil de min. 1000 ciclos<\/li>\n<li>A pastilha de pino central de ajuste firme fornece feedback t\u00e1til<\/li>\n<li>A tecnologia de frisagem de blindagem e revestimento evita o problema de uma tran\u00e7a de aterramento exposta nos conjuntos de cabos<\/li>\n<li>Excelente prote\u00e7\u00e3o e reten\u00e7\u00e3o de cabos<\/li>\n<li>Pe\u00e7as de lat\u00e3o usinadas su\u00ed\u00e7as precisas para excelente durabilidade<\/li>\n<li>Os acess\u00f3rios incluem botas com c\u00f3digo de cores em 10 cores padr\u00e3o, ferramenta de frisagem e matrizes<\/li>\n<\/ul>\n<p>&nbsp;<\/p>\n<h2 class=\"headline-three\"><strong>Informa\u00e7\u00f5es T\u00e9cnicas<\/strong><\/h2>\n<table>\n<tbody>\n<tr>\n<td width=\"539\"><span style=\"font-size: 120%; color: #00a859;\"><strong>Produto<\/strong><\/span><\/td>\n<td width=\"539\"><\/td>\n<\/tr>\n<tr>\n<td width=\"539\"><strong>T\u00edtulo<\/strong><\/td>\n<td width=\"539\">NBNC75BJP9<\/td>\n<\/tr>\n<tr>\n<td width=\"539\"><strong>Tipo de Conex\u00e3o<\/strong><\/td>\n<td width=\"539\">BNC 75 \u03a9<\/td>\n<\/tr>\n<tr>\n<td width=\"539\"><strong>G\u00eanero<\/strong><\/td>\n<td width=\"539\">macho<\/td>\n<\/tr>\n<\/tbody>\n<\/table>\n<p>&nbsp;<\/p>\n<table>\n<tbody>\n<tr>\n<td width=\"539\"><span style=\"font-size: 120%; color: #00a859;\"><strong>El\u00e9trica<\/strong><\/span><\/td>\n<td width=\"539\"><\/td>\n<\/tr>\n<tr>\n<td width=\"539\"><strong>Resist\u00eancia de contato<\/strong><\/td>\n<td width=\"539\">\u2264 3 m\u03a9 (inner)<\/td>\n<\/tr>\n<tr>\n<td width=\"539\"><strong>Resist\u00eancia de contato<\/strong><\/td>\n<td width=\"539\">\u2264 2 m\u03a9 (outer)<\/td>\n<\/tr>\n<tr>\n<td width=\"539\"><strong>Rigidez diel\u00e9trica<\/strong><\/td>\n<td width=\"539\">1,5 kVdc<\/td>\n<\/tr>\n<tr>\n<td width=\"539\"><strong>Resist\u00eancia de isolamento<\/strong><\/td>\n<td width=\"539\">&gt; 5 G\u03a9<\/td>\n<\/tr>\n<tr>\n<td width=\"539\"><strong>Tens\u00e3o nominal<\/strong><\/td>\n<td width=\"539\">&lt;50 V<\/td>\n<\/tr>\n<tr>\n<td width=\"539\"><strong>VSWR<\/strong><\/td>\n<td width=\"539\">\u22641.050\/&gt;32 dB at\u00e9 1 GHz<br \/>\n\u22641.065\/&gt;30 dB at\u00e9 2 GHz<br \/>\n\u22641.100\/&gt;26 dB at\u00e9 3 Ghz<\/td>\n<\/tr>\n<\/tbody>\n<\/table>\n<p>&nbsp;<\/p>\n<table>\n<tbody>\n<tr>\n<td width=\"539\"><span style=\"font-size: 120%; color: #00a859;\"><strong>Mec\u00e2nica<\/strong><\/span><\/td>\n<td width=\"539\"><\/td>\n<\/tr>\n<tr>\n<td width=\"539\"><strong>Cabo O.D.<\/strong><\/td>\n<td width=\"539\">6.3 mm<\/td>\n<\/tr>\n<tr>\n<td width=\"539\"><strong>Renten\u00e7\u00e3o cabo<\/strong><\/td>\n<td width=\"539\">&gt; 30 N (Center)<\/td>\n<\/tr>\n<tr>\n<td width=\"539\"><strong>Tamanho friso<\/strong><\/td>\n<td width=\"539\">6,47 Hex crimp (shield) acc. IEC 60803 (die designation E)<\/td>\n<\/tr>\n<tr>\n<td width=\"539\"><strong>Tamanho friso (pin)<\/strong><\/td>\n<td width=\"539\">1,6 Square crimp (pin) acc. IEC 60803 (die designation 2)<\/td>\n<\/tr>\n<tr>\n<td width=\"539\"><strong>For\u00e7a de inser\u00e7\u00e3o<\/strong><\/td>\n<td width=\"539\">&lt; 25 N<\/td>\n<\/tr>\n<tr>\n<td width=\"539\"><strong>Vida \u00fatil<\/strong><\/td>\n<td width=\"539\">&gt; 1000 ciclos<\/td>\n<\/tr>\n<\/tbody>\n<\/table>\n","protected":false},"excerpt":{"rendered":"<p>C\u00f3d: 14855 Conector de cabo\/linha BNC 75 Ohms, corpo em metal, capa de acabamento em pl\u00e1stico preto, paracabos at\u00e9 6,47mm. Adequado para: Belden 1505F, Bryant BD SD53F, Cordial CVI 08-37 HD, Klotz VD083LP 0.8L\/3.7DZ, Tesca PrestoShield: 6,47 mm (hex) Caracter\u00edsticas \u201crearTWIST Principle\u201d (Patente DE 100 48507) trava e destrava usando toque suave de f\u00e1cil acesso [&#8230;]\n","protected":false},"featured_media":1170,"comment_status":"open","ping_status":"closed","template":"","meta":[],"_links":{"self":[{"href":"https:\/\/site.izzo.com.br\/neutrik\/wp-json\/wp\/v2\/product\/961"}],"collection":[{"href":"https:\/\/site.izzo.com.br\/neutrik\/wp-json\/wp\/v2\/product"}],"about":[{"href":"https:\/\/site.izzo.com.br\/neutrik\/wp-json\/wp\/v2\/types\/product"}],"replies":[{"embeddable":true,"href":"https:\/\/site.izzo.com.br\/neutrik\/wp-json\/wp\/v2\/comments?post=961"}],"wp:featuredmedia":[{"embeddable":true,"href":"https:\/\/site.izzo.com.br\/neutrik\/wp-json\/wp\/v2\/media\/1170"}],"wp:attachment":[{"href":"https:\/\/site.izzo.com.br\/neutrik\/wp-json\/wp\/v2\/media?parent=961"}],"curies":[{"name":"wp","href":"https:\/\/api.w.org\/{rel}","templated":true}]}}