{"id":965,"date":"2020-06-16T15:27:40","date_gmt":"2020-06-16T18:27:40","guid":{"rendered":"http:\/\/izzo.com.br\/TEMPSITES\/neutrik\/index.php\/product\/conector-neutrik-ne8fah-pacote-com-10-pecas\/"},"modified":"2020-06-30T16:49:29","modified_gmt":"2020-06-30T19:49:29","slug":"conector-neutrik-ne8fah","status":"publish","type":"product","link":"https:\/\/site.izzo.com.br\/neutrik\/produto\/conector-neutrik-ne8fah\/","title":{"rendered":"CONECTOR NEUTRIK NE8FAH"},"content":{"rendered":"<p>C\u00f3d: 14868<\/p>\n<p>Conector de painel RJ45 f\u00eamea, com trava, para montagem horizontal em placa PCB, espessura do painel 3mm.<br \/>\nN\u00e3o tem conex\u00e3o com os conectores CAT6 modelos NE8MC6-MO e NKE6S*<\/p>\n<h2><strong>Caracter\u00edsticas<\/strong><\/h2>\n<ul>\n<li>Acomoda etherCON NE8MC * robusto ou qualquer plugue RJ45 padr\u00e3o<\/li>\n<li>Sistema de trava aprovado<\/li>\n<li>Maior economia de espa\u00e7o e design econ\u00f4mico<\/li>\n<li>Em conformidade com a classe D de acordo com a norma TIA \/ EIA 568B e ISO \/ IEC 11801<\/li>\n<li>Isolado ao terra do painel<\/li>\n<\/ul>\n<h2 class=\"headline-three\"><strong>Informa\u00e7\u00f5es T\u00e9cnicas<\/strong><\/h2>\n<table>\n<tbody>\n<tr>\n<td width=\"302\"><span style=\"font-size: 120%; color: #00a859;\"><strong>Produto<\/strong><\/span><\/td>\n<td width=\"265\"><\/td>\n<\/tr>\n<tr>\n<td width=\"302\"><strong>T\u00edtulo<\/strong><\/td>\n<td width=\"265\">NE8FAH<\/td>\n<\/tr>\n<tr>\n<td width=\"302\"><strong>G\u00eanero<\/strong><\/td>\n<td width=\"265\">f\u00eamea<\/td>\n<\/tr>\n<\/tbody>\n<\/table>\n<p>&nbsp;<\/p>\n<table>\n<tbody>\n<tr>\n<td width=\"302\"><span style=\"font-size: 120%; color: #00a859;\"><strong>El\u00e9trica<\/strong><\/span><\/td>\n<td width=\"265\"><\/td>\n<\/tr>\n<tr>\n<td width=\"302\"><strong>Resist\u00eancia de contato<\/strong><\/td>\n<td width=\"265\">&lt; 10 m\u03a9<\/td>\n<\/tr>\n<tr>\n<td width=\"302\"><strong>Rigidez diel\u00e9trica<\/strong><\/td>\n<td width=\"265\">1 kVdc<\/td>\n<\/tr>\n<tr>\n<td width=\"302\"><strong>Faixa de Frequ\u00eancia<\/strong><\/td>\n<td width=\"265\">1 &#8211; 100 MHz<\/td>\n<\/tr>\n<tr>\n<td width=\"302\"><strong>Resist\u00eancia de isolamento<\/strong><\/td>\n<td width=\"265\">&gt; 0.5 G\u03a9<\/td>\n<\/tr>\n<tr>\n<td width=\"302\"><strong>Corrente nominal por contato<\/strong><\/td>\n<td width=\"265\">1,5 A<\/td>\n<\/tr>\n<tr>\n<td width=\"302\"><strong>Voltagem nominal<\/strong><\/td>\n<td width=\"265\">&lt; 50 V<\/td>\n<\/tr>\n<tr>\n<td width=\"302\"><strong>Desempenho de transmiss\u00e3o<\/strong><\/td>\n<td width=\"265\">Class D<\/td>\n<\/tr>\n<tr>\n<td width=\"302\"><strong>Padr\u00e3o de conformidade<\/strong><\/td>\n<td width=\"265\">TIA\/EIA 586B, IEC11801<\/td>\n<\/tr>\n<\/tbody>\n<\/table>\n<p>&nbsp;<\/p>\n<table>\n<tbody>\n<tr>\n<td width=\"302\"><span style=\"font-size: 120%; color: #00a859;\"><strong>Mec\u00e2nica<\/strong><\/span><\/td>\n<td width=\"265\"><\/td>\n<\/tr>\n<tr>\n<td width=\"302\"><strong>For\u00e7a de inser\u00e7\u00e3o<\/strong><\/td>\n<td width=\"265\">\u2264 20 N<\/td>\n<\/tr>\n<tr>\n<td width=\"302\"><strong>For\u00e7a de retirada<\/strong><\/td>\n<td width=\"265\">\u2264 20 N<\/td>\n<\/tr>\n<tr>\n<td width=\"302\"><strong>Vida \u00fatil<\/strong><\/td>\n<td width=\"265\">&gt; 1000 ciclos<\/td>\n<\/tr>\n<tr>\n<td width=\"302\"><strong>Espessura do painel<\/strong><\/td>\n<td width=\"265\">max. 3 mm (0.12&#8221;)<\/td>\n<\/tr>\n<tr>\n<td width=\"302\"><strong>Tamanho do cabo<\/strong><\/td>\n<td width=\"265\"><\/td>\n<\/tr>\n<tr>\n<td width=\"302\"><strong>Cabeamento<\/strong><\/td>\n<td width=\"265\">PCB montagem horizontal<\/td>\n<\/tr>\n<tr>\n<td width=\"302\"><strong>Dispositivo de trava<\/strong><\/td>\n<td width=\"265\">Latch lock<\/td>\n<\/tr>\n<tr>\n<td width=\"302\"><strong>Dire\u00e7\u00e3o de montagem<\/strong><\/td>\n<td width=\"265\">Montagem traseira<\/td>\n<\/tr>\n<tr>\n<td width=\"302\"><strong>Formato do chassi<\/strong><\/td>\n<td width=\"265\">A<\/td>\n<\/tr>\n<\/tbody>\n<\/table>\n<p>&nbsp;<\/p>\n<table style=\"height: 144px;\" width=\"596\">\n<tbody>\n<tr>\n<td width=\"539\"><span style=\"font-size: 120%; color: #00a859;\"><strong>Material<\/strong><\/span><\/td>\n<td width=\"539\"><\/td>\n<\/tr>\n<tr>\n<td width=\"539\"><strong>Galvaniza\u00e7\u00e3o por contato<\/strong><\/td>\n<td width=\"539\">0.2 \u00b5m Au over Ni plating<\/td>\n<\/tr>\n<tr>\n<td width=\"539\"><strong>Contatos<\/strong><\/td>\n<td width=\"539\">Bronze (CuSn8)<\/td>\n<\/tr>\n<tr>\n<td width=\"539\"><strong>Entrada<\/strong><\/td>\n<td width=\"539\">PBTP 15 % GR<\/td>\n<\/tr>\n<tr>\n<td width=\"539\"><strong>Carca\u00e7a<\/strong><\/td>\n<td width=\"539\">PBTP 15 % GR<\/td>\n<\/tr>\n<\/tbody>\n<\/table>\n<p>&nbsp;<\/p>\n<table style=\"height: 106px;\" width=\"597\">\n<tbody>\n<tr>\n<td width=\"539\"><span style=\"font-size: 120%; color: #00a859;\"><strong>Ambiental<\/strong><\/span><\/td>\n<td width=\"539\"><\/td>\n<\/tr>\n<tr>\n<td width=\"539\"><strong>Inflamabilidade<\/strong><\/td>\n<td width=\"539\">UL 94 V-0<\/td>\n<\/tr>\n<tr>\n<td width=\"539\"><strong>Soldabilidade<\/strong><\/td>\n<td width=\"539\">Cumpre com IEC 68-2-20<\/td>\n<\/tr>\n<tr>\n<td width=\"539\"><strong>Varia\u00e7\u00e3o de temperatura<\/strong><\/td>\n<td width=\"539\">-30 \u00b0C to +80 \u00b0C<\/td>\n<\/tr>\n<\/tbody>\n<\/table>\n<p>&nbsp;<\/p>\n","protected":false},"excerpt":{"rendered":"<p>C\u00f3d: 14868 Conector de painel RJ45 f\u00eamea, com trava, para montagem horizontal em placa PCB, espessura do painel 3mm. N\u00e3o tem conex\u00e3o com os conectores CAT6 modelos NE8MC6-MO e NKE6S* Caracter\u00edsticas Acomoda etherCON NE8MC * robusto ou qualquer plugue RJ45 padr\u00e3o Sistema de trava aprovado Maior economia de espa\u00e7o e design econ\u00f4mico Em conformidade com [&#8230;]\n","protected":false},"featured_media":1074,"comment_status":"open","ping_status":"closed","template":"","meta":[],"_links":{"self":[{"href":"https:\/\/site.izzo.com.br\/neutrik\/wp-json\/wp\/v2\/product\/965"}],"collection":[{"href":"https:\/\/site.izzo.com.br\/neutrik\/wp-json\/wp\/v2\/product"}],"about":[{"href":"https:\/\/site.izzo.com.br\/neutrik\/wp-json\/wp\/v2\/types\/product"}],"replies":[{"embeddable":true,"href":"https:\/\/site.izzo.com.br\/neutrik\/wp-json\/wp\/v2\/comments?post=965"}],"wp:featuredmedia":[{"embeddable":true,"href":"https:\/\/site.izzo.com.br\/neutrik\/wp-json\/wp\/v2\/media\/1074"}],"wp:attachment":[{"href":"https:\/\/site.izzo.com.br\/neutrik\/wp-json\/wp\/v2\/media?parent=965"}],"curies":[{"name":"wp","href":"https:\/\/api.w.org\/{rel}","templated":true}]}}