{"id":967,"date":"2020-06-16T15:27:41","date_gmt":"2020-06-16T18:27:41","guid":{"rendered":"http:\/\/izzo.com.br\/TEMPSITES\/neutrik\/index.php\/product\/conector-neutrik-ne8fdp-pacote-com-10-pecas\/"},"modified":"2020-06-30T16:56:41","modified_gmt":"2020-06-30T19:56:41","slug":"conector-neutrik-ne8fdp-pacote-com-10-pecas","status":"publish","type":"product","link":"https:\/\/site.izzo.com.br\/neutrik\/produto\/conector-neutrik-ne8fdp-pacote-com-10-pecas\/","title":{"rendered":"CONECTOR NEUTRIK NE8FDP"},"content":{"rendered":"<p>C\u00f3d: 14826<\/p>\n<p>Conector de painel RJ45 com trava, formato do chassi &#8220;D&#8221;, sistema back to back (tendo outra entrada RJ45 atr\u00e1s do conector).<\/p>\n<h2><strong>Caracter\u00edsticas<\/strong><\/h2>\n<ul>\n<li>Acomoda NE8MC ou qualquer plugue RJ45 padr\u00e3o<\/li>\n<li>Sistema de trava aprovado<\/li>\n<li>Mont\u00e1vel na parte frontal ou traseira do painel<\/li>\n<li>Em conformidade com Cat 5e de acordo com a norma TIA \/ EIA 568B e ISO \/ IEC 11801<\/li>\n<\/ul>\n<h2 class=\"headline-three\"><strong>Informa\u00e7\u00f5es T\u00e9cnicas<\/strong><\/h2>\n<table>\n<tbody>\n<tr>\n<td width=\"539\"><span style=\"color: #00a859; font-size: 120%;\"><strong>Produto<\/strong><\/span><\/td>\n<td width=\"539\"><\/td>\n<\/tr>\n<tr>\n<td width=\"539\"><strong>Titulo<\/strong><\/td>\n<td width=\"539\">NE8FDP<\/td>\n<\/tr>\n<tr>\n<td width=\"539\"><strong>G\u00eanero<\/strong><\/td>\n<td width=\"539\">f\u00eamea<\/td>\n<\/tr>\n<\/tbody>\n<\/table>\n<p>&nbsp;<\/p>\n<table>\n<tbody>\n<tr>\n<td width=\"539\"><span style=\"color: #00a859; font-size: 120%;\"><strong>El\u00e9trica<\/strong><\/span><\/td>\n<td width=\"539\"><\/td>\n<\/tr>\n<tr>\n<td width=\"539\"><strong>Resist\u00eancia de contato<\/strong><\/td>\n<td width=\"539\">&lt; 10 m\u03a9<\/td>\n<\/tr>\n<tr>\n<td width=\"539\"><strong>Rigidez diel\u00e9trica<\/strong><\/td>\n<td width=\"539\">1 kVdc<\/td>\n<\/tr>\n<tr>\n<td width=\"539\"><strong>Varia\u00e7\u00e3o de Frequ\u00eancia<\/strong><\/td>\n<td width=\"539\">1 &#8211; 100 MHz<\/td>\n<\/tr>\n<tr>\n<td width=\"539\"><strong>Resist\u00eancia de isolamento<\/strong><\/td>\n<td width=\"539\">&gt; 0.5 G\u03a9<\/td>\n<\/tr>\n<tr>\n<td width=\"539\"><strong>Corrente nominal por contato<\/strong><\/td>\n<td width=\"539\">1,5 A<\/td>\n<\/tr>\n<tr>\n<td width=\"539\"><strong>Tens\u00e3o nominal<\/strong><\/td>\n<td width=\"539\">&lt; 50 V<\/td>\n<\/tr>\n<tr>\n<td width=\"539\"><strong>Desempenho de transmiss\u00e3o<\/strong><\/td>\n<td width=\"539\">CAT 5e<\/td>\n<\/tr>\n<tr>\n<td width=\"539\"><strong>Conformidade padr\u00e3o<\/strong><\/td>\n<td width=\"539\">TIA\/EIA 586B, IEC11801<\/td>\n<\/tr>\n<\/tbody>\n<\/table>\n<p>&nbsp;<\/p>\n<table style=\"height: 249px;\" width=\"1098\">\n<tbody>\n<tr>\n<td width=\"282\"><span style=\"font-size: 120%; color: #00a859;\"><strong>Mec\u00e2nica<\/strong><\/span><\/td>\n<td width=\"285\"><\/td>\n<\/tr>\n<tr>\n<td width=\"282\"><strong>For\u00e7a de inser\u00e7\u00e3o<\/strong><\/td>\n<td width=\"285\">\u2264 20 N<\/td>\n<\/tr>\n<tr>\n<td width=\"282\"><strong>For\u00e7a de retirada<\/strong><\/td>\n<td width=\"285\">\u2264 20 N<\/td>\n<\/tr>\n<tr>\n<td width=\"282\"><strong>Vida \u00fatil<\/strong><\/td>\n<td width=\"285\">&gt; 1000 ciclos<\/td>\n<\/tr>\n<tr>\n<td width=\"282\"><strong>Espessura do painel<\/strong><\/td>\n<td width=\"285\">max. 4 mm 0.16&#8242;<\/td>\n<\/tr>\n<tr>\n<td width=\"282\"><strong>Tamanho do cabo<\/strong><\/td>\n<td width=\"285\"><\/td>\n<\/tr>\n<tr>\n<td width=\"282\"><strong>Cabeamento<\/strong><\/td>\n<td width=\"285\">Alimentado<\/td>\n<\/tr>\n<tr>\n<td width=\"282\"><strong>Dispositivo de trava<\/strong><\/td>\n<td width=\"285\">Latch lock<\/td>\n<\/tr>\n<tr>\n<td width=\"282\"><strong>Formato do chassi\u00a0\u00a0\u00a0\u00a0\u00a0\u00a0\u00a0\u00a0\u00a0\u00a0\u00a0\u00a0 \u00a0\u00a0\u00a0\u00a0\u00a0\u00a0\u00a0\u00a0\u00a0\u00a0\u00a0<\/strong><\/td>\n<td width=\"285\">D<\/td>\n<\/tr>\n<\/tbody>\n<\/table>\n<p>&nbsp;<\/p>\n<table style=\"height: 168px;\" width=\"1091\">\n<tbody>\n<tr>\n<td width=\"284\"><span style=\"color: #00a859; font-size: 120%;\"><strong>Material<\/strong><\/span><\/td>\n<td width=\"283\"><\/td>\n<\/tr>\n<tr>\n<td width=\"284\"><strong>Galvaniza\u00e7\u00e3o por contato<\/strong><\/td>\n<td width=\"283\">0.2 \u00b5m Au over Ni plating<\/td>\n<\/tr>\n<tr>\n<td width=\"284\"><strong>Contato<\/strong><\/td>\n<td width=\"283\">Bronze (CuSn8)<\/td>\n<\/tr>\n<tr>\n<td width=\"284\"><strong>Entrada<\/strong><\/td>\n<td width=\"283\">PBTP 15 % GR<\/td>\n<\/tr>\n<tr>\n<td width=\"284\"><strong>Carca\u00e7a<\/strong><\/td>\n<td width=\"283\">Zinco diecast (ZnAl4Cu1)<\/td>\n<\/tr>\n<tr>\n<td width=\"284\"><strong>Chapeamento<\/strong><\/td>\n<td width=\"283\">N\u00edquel<\/td>\n<\/tr>\n<\/tbody>\n<\/table>\n<p>&nbsp;<\/p>\n<table style=\"height: 109px;\" width=\"1091\">\n<tbody>\n<tr>\n<td width=\"284\"><span style=\"color: #00a859; font-size: 120%;\"><strong>Ambiental<\/strong><\/span><\/td>\n<td width=\"283\"><\/td>\n<\/tr>\n<tr>\n<td width=\"284\"><strong>Inflamabilidade<\/strong><\/td>\n<td width=\"283\">UL 94 V-0<\/td>\n<\/tr>\n<tr>\n<td width=\"284\"><strong>Varia\u00e7\u00e3o de temperatura<\/strong><\/td>\n<td width=\"283\">-30 \u00b0C to +80 \u00b0C<\/td>\n<\/tr>\n<\/tbody>\n<\/table>\n","protected":false},"excerpt":{"rendered":"<p>C\u00f3d: 14826 Conector de painel RJ45 com trava, formato do chassi &#8220;D&#8221;, sistema back to back (tendo outra entrada RJ45 atr\u00e1s do conector). Caracter\u00edsticas Acomoda NE8MC ou qualquer plugue RJ45 padr\u00e3o Sistema de trava aprovado Mont\u00e1vel na parte frontal ou traseira do painel Em conformidade com Cat 5e de acordo com a norma TIA \/ [&#8230;]\n","protected":false},"featured_media":1042,"comment_status":"open","ping_status":"closed","template":"","meta":[],"_links":{"self":[{"href":"https:\/\/site.izzo.com.br\/neutrik\/wp-json\/wp\/v2\/product\/967"}],"collection":[{"href":"https:\/\/site.izzo.com.br\/neutrik\/wp-json\/wp\/v2\/product"}],"about":[{"href":"https:\/\/site.izzo.com.br\/neutrik\/wp-json\/wp\/v2\/types\/product"}],"replies":[{"embeddable":true,"href":"https:\/\/site.izzo.com.br\/neutrik\/wp-json\/wp\/v2\/comments?post=967"}],"wp:featuredmedia":[{"embeddable":true,"href":"https:\/\/site.izzo.com.br\/neutrik\/wp-json\/wp\/v2\/media\/1042"}],"wp:attachment":[{"href":"https:\/\/site.izzo.com.br\/neutrik\/wp-json\/wp\/v2\/media?parent=967"}],"curies":[{"name":"wp","href":"https:\/\/api.w.org\/{rel}","templated":true}]}}