{"id":969,"date":"2020-06-16T15:27:42","date_gmt":"2020-06-16T18:27:42","guid":{"rendered":"http:\/\/izzo.com.br\/TEMPSITES\/neutrik\/index.php\/product\/conector-neutrik-ne8fdv-y110-pacote-com-10-pecas\/"},"modified":"2020-06-30T16:57:49","modified_gmt":"2020-06-30T19:57:49","slug":"conector-neutrik-ne8fdv-y110","status":"publish","type":"product","link":"https:\/\/site.izzo.com.br\/neutrik\/produto\/conector-neutrik-ne8fdv-y110\/","title":{"rendered":"CONECTOR NEUTRIK NE8FDV-Y110"},"content":{"rendered":"<p>C\u00f3d: 14854<\/p>\n<p>Conector de painel RJ45, com trava, terminais com sistema &#8220;Punch down&#8221;, para cabo com bitola de at\u00e9 4mm.<\/p>\n<h2><strong>Caracter\u00edsticas<\/strong><\/h2>\n<ul>\n<li>Acomoda NE8MC * ou qualquer plugue RJ45 padr\u00e3o<\/li>\n<li>Sistema de trava aprovado<\/li>\n<li>Mont\u00e1vel na parte frontal ou traseira do painel<\/li>\n<li>Em conformidade com Cat 5e de acordo com a norma TIA \/ EIA 568B e ISO \/ IEC 11801<\/li>\n<li>Conex\u00e3o selecion\u00e1vel no painel de aterramento<\/li>\n<li>Montagem f\u00e1cil e r\u00e1pida usando terminais de perfura\u00e7\u00e3o tipo 110<\/li>\n<\/ul>\n<p>&nbsp;<\/p>\n<h2 class=\"headline-three\"><strong>Informa\u00e7\u00f5es T\u00e9cnicas<\/strong><\/h2>\n<table style=\"height: 174px;\" width=\"1023\">\n<tbody>\n<tr>\n<td width=\"293\"><span style=\"font-size: 120%; color: #00a859;\"><strong>Produto<\/strong><\/span><\/td>\n<td width=\"274\"><\/td>\n<\/tr>\n<tr>\n<td width=\"293\"><strong>T\u00edtulo<\/strong><\/td>\n<td width=\"274\">NE8FDV-Y110<\/td>\n<\/tr>\n<tr>\n<td width=\"293\"><strong>Gender<\/strong><\/td>\n<td width=\"274\">f\u00eamea<\/td>\n<\/tr>\n<\/tbody>\n<\/table>\n<p>&nbsp;<\/p>\n<table>\n<tbody>\n<tr>\n<td width=\"519\"><span style=\"font-size: 120%; color: #00a859;\"><strong>El\u00e9trica<\/strong><\/span><\/td>\n<td width=\"518\"><\/td>\n<\/tr>\n<tr>\n<td width=\"519\"><strong>Resist\u00eancia de contato<\/strong><\/td>\n<td width=\"518\">&lt; 10 m\u03a9<\/td>\n<\/tr>\n<tr>\n<td width=\"519\"><strong>Rigidez diel\u00e9trica<\/strong><\/td>\n<td width=\"518\">1 kVdc<\/td>\n<\/tr>\n<tr>\n<td width=\"519\"><strong>Alcance de frequ\u00eancia<\/strong><\/td>\n<td width=\"518\">1 &#8211; 100 MHz<\/td>\n<\/tr>\n<tr>\n<td width=\"519\"><strong>Resist\u00eancia de isolamento<\/strong><\/td>\n<td width=\"518\">&gt; 0.5 G\u03a9<\/td>\n<\/tr>\n<tr>\n<td width=\"519\"><strong>Corrente nominal por contato<\/strong><\/td>\n<td width=\"518\">1,5 A<\/td>\n<\/tr>\n<tr>\n<td width=\"519\"><strong>Voltagem nominal<\/strong><\/td>\n<td width=\"518\">&lt; 50 V<\/td>\n<\/tr>\n<tr>\n<td width=\"519\"><strong>Desempenho de transmiss\u00e3o<\/strong><\/td>\n<td width=\"518\">CAT 5e<\/td>\n<\/tr>\n<tr>\n<td width=\"519\"><strong>Conformidade padr\u00e3o<\/strong><\/td>\n<td width=\"518\">TIA\/EIA 586B, IEC11801<\/td>\n<\/tr>\n<\/tbody>\n<\/table>\n<p>&nbsp;<\/p>\n<table style=\"height: 560px;\" width=\"1028\">\n<tbody>\n<tr>\n<td width=\"293\"><span style=\"font-size: 120%; color: #00a859;\"><strong>Mec\u00e2nica<\/strong><\/span><\/td>\n<td width=\"274\"><\/td>\n<\/tr>\n<tr>\n<td width=\"293\"><strong>For\u00e7a de inser\u00e7\u00e3o<\/strong><\/td>\n<td width=\"274\">\u2264 20 N<\/td>\n<\/tr>\n<tr>\n<td width=\"293\"><strong>For\u00e7a de retirada<\/strong><\/td>\n<td width=\"274\">\u2264 20 N<\/td>\n<\/tr>\n<tr>\n<td width=\"293\"><strong>Vida \u00fatil<\/strong><\/td>\n<td width=\"274\">&gt; 1000 ciclos<\/td>\n<\/tr>\n<tr>\n<td width=\"293\"><strong>Espessura do painel<\/strong><\/td>\n<td width=\"274\">max. 4 mm 0.16&#8242;<\/td>\n<\/tr>\n<tr>\n<td width=\"293\"><strong>Tamanho do cabo<\/strong><\/td>\n<td width=\"274\">0.14 &#8211; 0.5 mm\u00b2<\/td>\n<\/tr>\n<tr>\n<td width=\"293\"><strong>Tamanho do cabo<\/strong><\/td>\n<td width=\"274\">26 &#8211; 20 AWG<\/td>\n<\/tr>\n<tr>\n<td width=\"293\"><strong>Cabeamento<\/strong><\/td>\n<td width=\"274\">IDC 110 punch down terminals<\/td>\n<\/tr>\n<tr>\n<td width=\"293\"><strong>Dispositivo de trava<\/strong><\/td>\n<td width=\"274\">Latch lock<\/td>\n<\/tr>\n<tr>\n<td width=\"293\"><strong>Formato do chassis <\/strong><\/td>\n<td width=\"274\">D<\/td>\n<\/tr>\n<\/tbody>\n<\/table>\n<p>&nbsp;<\/p>\n<table style=\"height: 388px;\" width=\"1031\">\n<tbody>\n<tr>\n<td width=\"293\"><span style=\"font-size: 120%; color: #00a859;\"><strong>Material<\/strong><\/span><\/td>\n<td width=\"274\"><\/td>\n<\/tr>\n<tr>\n<td width=\"293\"><strong>Galvaniza\u00e7\u00e3o por contato<\/strong><\/td>\n<td width=\"274\">0.2 \u00b5m Au over Ni plating<\/td>\n<\/tr>\n<tr>\n<td width=\"293\"><strong>Contato<\/strong><\/td>\n<td width=\"274\">Bronze (CuSn8)<\/td>\n<\/tr>\n<tr>\n<td width=\"293\"><strong>Entrada<\/strong><\/td>\n<td width=\"274\">PBTP 15 % GR<\/td>\n<\/tr>\n<tr>\n<td width=\"293\"><strong>Carca\u00e7a<\/strong><\/td>\n<td width=\"274\">Zinco diecast (ZnAl4Cu1)<\/td>\n<\/tr>\n<tr>\n<td width=\"293\"><strong>Chapeamento<\/strong><\/td>\n<td width=\"274\">N\u00edquel<\/td>\n<\/tr>\n<tr>\n<td width=\"293\"><strong>Al\u00edvio de tens\u00e3o<\/strong><\/td>\n<td width=\"274\">CuZn35Pb2, Tin plated<\/td>\n<\/tr>\n<\/tbody>\n<\/table>\n<p>&nbsp;<\/p>\n<table style=\"height: 170px;\" width=\"1031\">\n<tbody>\n<tr>\n<td width=\"293\"><span style=\"font-size: 120%; color: #00a859;\"><strong>Ambiental<\/strong><\/span><\/td>\n<td width=\"274\"><\/td>\n<\/tr>\n<tr>\n<td width=\"293\"><strong>Inflamabilidade<\/strong><\/td>\n<td width=\"274\">UL 94 V-0<\/td>\n<\/tr>\n<tr>\n<td width=\"293\"><strong>Varia\u00e7\u00e3o de temperatura<\/strong><\/td>\n<td width=\"274\">-30 \u00b0C to +80 \u00b0C<\/td>\n<\/tr>\n<\/tbody>\n<\/table>\n","protected":false},"excerpt":{"rendered":"<p>C\u00f3d: 14854 Conector de painel RJ45, com trava, terminais com sistema &#8220;Punch down&#8221;, para cabo com bitola de at\u00e9 4mm. Caracter\u00edsticas Acomoda NE8MC * ou qualquer plugue RJ45 padr\u00e3o Sistema de trava aprovado Mont\u00e1vel na parte frontal ou traseira do painel Em conformidade com Cat 5e de acordo com a norma TIA \/ EIA 568B [&#8230;]\n","protected":false},"featured_media":1181,"comment_status":"open","ping_status":"closed","template":"","meta":[],"_links":{"self":[{"href":"https:\/\/site.izzo.com.br\/neutrik\/wp-json\/wp\/v2\/product\/969"}],"collection":[{"href":"https:\/\/site.izzo.com.br\/neutrik\/wp-json\/wp\/v2\/product"}],"about":[{"href":"https:\/\/site.izzo.com.br\/neutrik\/wp-json\/wp\/v2\/types\/product"}],"replies":[{"embeddable":true,"href":"https:\/\/site.izzo.com.br\/neutrik\/wp-json\/wp\/v2\/comments?post=969"}],"wp:featuredmedia":[{"embeddable":true,"href":"https:\/\/site.izzo.com.br\/neutrik\/wp-json\/wp\/v2\/media\/1181"}],"wp:attachment":[{"href":"https:\/\/site.izzo.com.br\/neutrik\/wp-json\/wp\/v2\/media?parent=969"}],"curies":[{"name":"wp","href":"https:\/\/api.w.org\/{rel}","templated":true}]}}