{"id":971,"date":"2020-06-16T15:27:43","date_gmt":"2020-06-16T18:27:43","guid":{"rendered":"http:\/\/izzo.com.br\/TEMPSITES\/neutrik\/index.php\/product\/conector-neutrik-ne8fdy-c6-pacote-com-10-pecas\/"},"modified":"2020-06-30T17:05:54","modified_gmt":"2020-06-30T20:05:54","slug":"conector-neutrik-ne8fdy-c6","status":"publish","type":"product","link":"https:\/\/site.izzo.com.br\/neutrik\/produto\/conector-neutrik-ne8fdy-c6\/","title":{"rendered":"CONECTOR NEUTRIK NE8FDY-C6"},"content":{"rendered":"<p>C\u00f3d: 14858<\/p>\n<p>Conector de painel CAT6, no formato do XLR linha &#8220;D&#8221; com trava, terminais com sistema &#8220;Punch down&#8221; padr\u00e3o IDC com taxa de transfer\u00eancia de at\u00e9 10 Gbits\/s.<\/p>\n<h2><strong>Caracter\u00edsticas<\/strong><\/h2>\n<ul>\n<li>Compat\u00edvel com CAT6 &#8211; taxa de dados de at\u00e9 10 GBit\/s<\/li>\n<li>CAT6 performance &#8211; aplica\u00e7\u00f5es r\u00e1pidas de transmiss\u00e3o de dados e banda alta<\/li>\n<li>Especifica\u00e7\u00f5es CAT6 de acordo com TIA \/ EIA 568B, ISO \/ IEC 11801, EN 50173<\/li>\n<li>IP65 \u2013 \u00e0 prova de poeira e prova d&#8217;\u00e1gua<\/li>\n<li>Sistema blindado &#8211; imunidade a altos ru\u00eddos e prote\u00e7\u00e3o EMI<\/li>\n<li>O sistema de trava Push e Pull seguro<\/li>\n<\/ul>\n<h2 class=\"headline-three\"><strong>Informa\u00e7\u00f5es T\u00e9cnicas<\/strong><\/h2>\n<p>&nbsp;<\/p>\n<table>\n<tbody>\n<tr>\n<td width=\"539\"><span style=\"color: #00a859; font-size: 120%;\"><strong>Produto<\/strong><\/span><\/td>\n<td width=\"539\"><\/td>\n<\/tr>\n<tr>\n<td width=\"539\"><strong>T\u00edtulo<\/strong><\/td>\n<td width=\"539\">NE8FDY-C6<\/td>\n<\/tr>\n<tr>\n<td width=\"539\"><strong>G\u00eanero<\/strong><\/td>\n<td width=\"539\">F\u00eamea<\/td>\n<\/tr>\n<\/tbody>\n<\/table>\n<p>&nbsp;<\/p>\n<table>\n<tbody>\n<tr>\n<td width=\"539\"><span style=\"font-size: 120%; color: #00a859;\"><strong>El\u00e9trica<\/strong><\/span><\/td>\n<td width=\"539\"><\/td>\n<\/tr>\n<tr>\n<td width=\"539\"><strong>Resist\u00eancia de contato<\/strong><\/td>\n<td width=\"539\">&lt; 10 m\u03a9<\/td>\n<\/tr>\n<tr>\n<td width=\"539\"><strong>Rigidez diel\u00e9trica<\/strong><\/td>\n<td width=\"539\">1 kVdc<\/td>\n<\/tr>\n<tr>\n<td width=\"539\"><strong>Faixa de frequ\u00eancia<\/strong><\/td>\n<td width=\"539\">1 &#8211; 250 MHz<\/td>\n<\/tr>\n<tr>\n<td width=\"539\"><strong>Resist\u00eancia de isolamento<\/strong><\/td>\n<td width=\"539\">&gt; 0.5 G\u03a9<\/td>\n<\/tr>\n<tr>\n<td width=\"539\"><strong>Corrente nominal por contato<\/strong><\/td>\n<td width=\"539\">1,5 A<\/td>\n<\/tr>\n<tr>\n<td width=\"539\"><strong>Voltagem nominal<\/strong><\/td>\n<td width=\"539\">&lt; 50 V<\/td>\n<\/tr>\n<tr>\n<td width=\"539\"><strong>Desempenho de transmiss\u00e3o<\/strong><\/td>\n<td width=\"539\">CAT 6<\/td>\n<\/tr>\n<tr>\n<td width=\"539\"><strong>Padr\u00e3o de conformidade<\/strong><\/td>\n<td width=\"539\">TIA\/EIA 586B, IEC11801<\/td>\n<\/tr>\n<\/tbody>\n<\/table>\n<p>&nbsp;<\/p>\n<table>\n<tbody>\n<tr>\n<td width=\"539\"><span style=\"font-size: 120%; color: #00a859;\"><strong>Mec\u00e2nica<\/strong><\/span><\/td>\n<td width=\"539\"><\/td>\n<\/tr>\n<tr>\n<td width=\"539\"><strong>For\u00e7a de inser\u00e7\u00e3o<\/strong><\/td>\n<td width=\"539\">\u2264 40 N<\/td>\n<\/tr>\n<tr>\n<td width=\"539\"><strong>For\u00e7a de retirada<\/strong><\/td>\n<td width=\"539\">\u2264 20 N<\/td>\n<\/tr>\n<tr>\n<td width=\"539\"><strong>Vida \u00fatil<\/strong><\/td>\n<td width=\"539\">&gt; 1000 ciclos<\/td>\n<\/tr>\n<tr>\n<td width=\"539\"><strong>Espessura do painel<\/strong><\/td>\n<td width=\"539\">max. 3 mm , 0.12&#8221;<\/td>\n<\/tr>\n<tr>\n<td width=\"539\"><strong>Tamanho do cabo<\/strong><\/td>\n<td width=\"539\">solid: 0.205 &#8211; 0.324 mm\u00b2 (AWG 24 \u2013 AWG 22)<\/td>\n<\/tr>\n<tr>\n<td width=\"539\"><strong>Tamanho do cabo<\/strong><\/td>\n<td width=\"539\">stranded: 0.141 \u2013 0.355 mm\u00b2 (AWG 26\/7 \u2013 AWG 22\/7)<\/td>\n<\/tr>\n<tr>\n<td width=\"539\"><strong>Dispositivo de trava<\/strong><\/td>\n<td width=\"539\">Push-Pull<\/td>\n<\/tr>\n<tr>\n<td width=\"539\"><strong>Formato do chassis <\/strong><\/td>\n<td width=\"539\">D<\/td>\n<\/tr>\n<\/tbody>\n<\/table>\n<p>&nbsp;<\/p>\n<table style=\"height: 224px;\" width=\"994\">\n<tbody>\n<tr>\n<td width=\"312\"><span style=\"font-size: 120%; color: #00a859;\"><strong>Material<\/strong><\/span><\/td>\n<td width=\"255\"><\/td>\n<\/tr>\n<tr>\n<td width=\"312\"><strong>Galvaniza\u00e7\u00e3o por contato<\/strong><\/td>\n<td width=\"255\">0.7 \u00b5m Au over 1.2 \u00b5m Ni plating<\/td>\n<\/tr>\n<tr>\n<td width=\"312\"><strong>Contatos<\/strong><\/td>\n<td width=\"255\">Bronze (CuSn8)<\/td>\n<\/tr>\n<tr>\n<td width=\"312\"><strong>Entrada <\/strong><\/td>\n<td width=\"255\">Policarbonato<\/td>\n<\/tr>\n<tr>\n<td width=\"312\"><strong>Carca\u00e7a<\/strong><\/td>\n<td width=\"255\">Zinco diecast (ZnAl4Cu1)<\/td>\n<\/tr>\n<tr>\n<td width=\"312\"><strong>Chapeamento<\/strong><\/td>\n<td width=\"255\">N\u00edquel<\/td>\n<\/tr>\n<tr>\n<td width=\"312\"><strong>Al\u00edvio de tens\u00e3o<\/strong><\/td>\n<td width=\"255\">A\u00e7o inoxid\u00e1vel<\/td>\n<\/tr>\n<\/tbody>\n<\/table>\n<p>&nbsp;<\/p>\n<table>\n<tbody>\n<tr>\n<td width=\"539\"><span style=\"font-size: 120%; color: #00a859;\"><strong>Ambiental<\/strong><\/span><\/td>\n<td width=\"539\"><\/td>\n<\/tr>\n<tr>\n<td width=\"539\"><strong>Inflamabilidade<\/strong><\/td>\n<td width=\"539\">UL 94 HB<\/td>\n<\/tr>\n<tr>\n<td width=\"539\"><strong>Classe de prote\u00e7\u00e3o<\/strong><\/td>\n<td width=\"539\">IP 65<\/td>\n<\/tr>\n<tr>\n<td width=\"539\"><strong>Varia\u00e7\u00e3o de temperatura<\/strong><\/td>\n<td width=\"539\">-10 \u00b0C to +60 \u00b0C<\/td>\n<\/tr>\n<\/tbody>\n<\/table>\n<p>&nbsp;<\/p>\n","protected":false},"excerpt":{"rendered":"<p>C\u00f3d: 14858 Conector de painel CAT6, no formato do XLR linha &#8220;D&#8221; com trava, terminais com sistema &#8220;Punch down&#8221; padr\u00e3o IDC com taxa de transfer\u00eancia de at\u00e9 10 Gbits\/s. Caracter\u00edsticas Compat\u00edvel com CAT6 &#8211; taxa de dados de at\u00e9 10 GBit\/s CAT6 performance &#8211; aplica\u00e7\u00f5es r\u00e1pidas de transmiss\u00e3o de dados e banda alta Especifica\u00e7\u00f5es CAT6 [&#8230;]\n","protected":false},"featured_media":1082,"comment_status":"open","ping_status":"closed","template":"","meta":[],"_links":{"self":[{"href":"https:\/\/site.izzo.com.br\/neutrik\/wp-json\/wp\/v2\/product\/971"}],"collection":[{"href":"https:\/\/site.izzo.com.br\/neutrik\/wp-json\/wp\/v2\/product"}],"about":[{"href":"https:\/\/site.izzo.com.br\/neutrik\/wp-json\/wp\/v2\/types\/product"}],"replies":[{"embeddable":true,"href":"https:\/\/site.izzo.com.br\/neutrik\/wp-json\/wp\/v2\/comments?post=971"}],"wp:featuredmedia":[{"embeddable":true,"href":"https:\/\/site.izzo.com.br\/neutrik\/wp-json\/wp\/v2\/media\/1082"}],"wp:attachment":[{"href":"https:\/\/site.izzo.com.br\/neutrik\/wp-json\/wp\/v2\/media?parent=971"}],"curies":[{"name":"wp","href":"https:\/\/api.w.org\/{rel}","templated":true}]}}