{"id":977,"date":"2020-06-16T15:27:49","date_gmt":"2020-06-16T18:27:49","guid":{"rendered":"http:\/\/izzo.com.br\/TEMPSITES\/neutrik\/index.php\/product\/conector-neutrik-ne8mc6-mo-pacote-com-10-pecas\/"},"modified":"2020-08-17T09:28:21","modified_gmt":"2020-08-17T12:28:21","slug":"conector-neutrik-ne8mc6-mo","status":"publish","type":"product","link":"https:\/\/site.izzo.com.br\/neutrik\/produto\/conector-neutrik-ne8mc6-mo\/","title":{"rendered":"CONECTOR NEUTRIK NE8MC6-MO"},"content":{"rendered":"<p>C\u00f3d: 14873<\/p>\n<p>Conector de cabo\/linha RJ45 CAT6 com taxa de at\u00e9 10 Gbit\/s, com corpo em metal no formato XLR linha&#8221;XX&#8221;, para cabo de 5,5mm at\u00e9 6,5mm e bitola de cabo 22 a 28 AWG. Prote\u00e7\u00e3o contra \u00e1gua categoria IP65.<\/p>\n<h2><strong>Caracter\u00edsticas<\/strong><\/h2>\n<ul>\n<li>Em conformidade com as especifica\u00e7\u00f5es CAT6 de acordo com TIA \/ EIA 568B, ISO \/ IEC 11801, EN 50173<\/li>\n<li>IP65 &#8211; \u00c0 prova de poeira e \u00e0 prova d&#8217;\u00e1gua<\/li>\n<li>Acoplamento Push Pull &#8211; sistema de travamento seguro e comprovado<\/li>\n<li>C\u00f3digo de cores com o acess\u00f3rio BXX- * &#8211; para garantir a prote\u00e7\u00e3o IP65, a boot deve ser montada com anel met\u00e1lico de NE8MC6-MO<\/li>\n<li>Compat\u00edvel com CAT6 &#8211; taxa de dados de at\u00e9 10 GBit \/ s<\/li>\n<li>Sistema blindado &#8211; alta imunidade a ru\u00eddos e prote\u00e7\u00e3o contra EMI<\/li>\n<li>Al\u00edvio de tens\u00e3o exclusivo do tipo chuck da Neutrik<\/li>\n<\/ul>\n<h2 class=\"headline-three\"><strong>Informa\u00e7\u00f5es T\u00e9cnicas<\/strong><\/h2>\n<p><strong>\u00a0<\/strong><\/p>\n<table>\n<tbody>\n<tr>\n<td width=\"293\"><span style=\"color: #00a859; font-size: 120%;\"><strong>Produto<\/strong><\/span><\/td>\n<td width=\"274\"><\/td>\n<\/tr>\n<tr>\n<td width=\"293\"><strong>T\u00edtulo<\/strong><\/td>\n<td width=\"274\">NE8MC6-MO<\/td>\n<\/tr>\n<tr>\n<td width=\"293\"><strong>Tipo de conex\u00e3o<\/strong><\/td>\n<td width=\"274\">etherCON<\/td>\n<\/tr>\n<tr>\n<td width=\"293\"><strong>G\u00eanero<\/strong><\/td>\n<td width=\"274\">macho<\/td>\n<\/tr>\n<\/tbody>\n<\/table>\n<p>&nbsp;<\/p>\n<table>\n<tbody>\n<tr>\n<td width=\"539\"><span style=\"font-size: 120%; color: #00a859;\"><strong>Mec\u00e2nica<\/strong><\/span><\/td>\n<td width=\"539\"><\/td>\n<\/tr>\n<tr>\n<td width=\"539\"><strong>Cabo O.D.<\/strong><\/td>\n<td width=\"539\">5.5 &#8211; 6.5 mm<\/td>\n<\/tr>\n<tr>\n<td width=\"539\"><strong>For\u00e7a de inser\u00e7\u00e3o<\/strong><\/td>\n<td width=\"539\">\u2264 40 N<\/td>\n<\/tr>\n<tr>\n<td width=\"539\"><strong>For\u00e7a de retirada<\/strong><\/td>\n<td width=\"539\">\u2264 20 N<\/td>\n<\/tr>\n<tr>\n<td width=\"539\"><strong>Vida \u00fatil<\/strong><\/td>\n<td width=\"539\">&gt; 1000 ciclos<\/td>\n<\/tr>\n<tr>\n<td width=\"539\"><strong>Tamanho do cabo<\/strong><\/td>\n<td width=\"539\"><\/td>\n<\/tr>\n<tr>\n<td width=\"539\"><strong>Tamanho do cabo<\/strong><\/td>\n<td width=\"539\">28 &#8211; 22 AWG<\/td>\n<\/tr>\n<tr>\n<td width=\"539\"><strong>Dispositivo de trava<\/strong><\/td>\n<td width=\"539\">Push-Pull<\/td>\n<\/tr>\n<\/tbody>\n<\/table>\n<p>&nbsp;<\/p>\n<table>\n<tbody>\n<tr>\n<td width=\"539\"><span style=\"font-size: 120%; color: #00a859;\"><strong>Material<\/strong><\/span><\/td>\n<td width=\"539\"><\/td>\n<\/tr>\n<tr>\n<td width=\"539\"><strong>Boot<\/strong><\/td>\n<td width=\"539\">Poliuretano<\/td>\n<\/tr>\n<tr>\n<td width=\"539\"><strong>Casquilho<\/strong><\/td>\n<td width=\"539\">Poliamida (PA 6 15 % GR)<\/td>\n<\/tr>\n<tr>\n<td width=\"539\"><strong>Galvaniza\u00e7\u00e3o por contato<\/strong><\/td>\n<td width=\"539\">0.7 \u00b5m Au over 1.2 \u00b5m Ni plating<\/td>\n<\/tr>\n<tr>\n<td width=\"539\"><strong>Contato<\/strong><\/td>\n<td width=\"539\">Bronze (CuSn8)<\/td>\n<\/tr>\n<tr>\n<td width=\"539\"><strong>Entrada<\/strong><\/td>\n<td width=\"539\">Poliamida (PA 6.6 30 % GR)<\/td>\n<\/tr>\n<tr>\n<td width=\"539\"><strong>Carca\u00e7a<\/strong><\/td>\n<td width=\"539\">Zinco diecast (ZnAl4Cu1)<\/td>\n<\/tr>\n<tr>\n<td width=\"539\"><strong>Chapeamento<\/strong><\/td>\n<td width=\"539\">N\u00edquel<\/td>\n<\/tr>\n<tr>\n<td width=\"539\"><strong>Alivio de tens\u00e3o<\/strong><\/td>\n<td width=\"539\">Polyacetal (POM)<\/td>\n<\/tr>\n<tr>\n<td width=\"539\"><strong>CAT6 Plug<\/strong><\/td>\n<td width=\"539\">Molex Part Nr. 44915-0021<\/td>\n<\/tr>\n<\/tbody>\n<\/table>\n<p>&nbsp;<\/p>\n<table>\n<tbody>\n<tr>\n<td width=\"539\"><span style=\"color: #00a859; font-size: 120%;\"><strong>Ambiental<\/strong><\/span><\/td>\n<td width=\"539\"><\/td>\n<\/tr>\n<tr>\n<td width=\"539\"><strong>Inflamabilidade<\/strong><\/td>\n<td width=\"539\">UL 94 HB<\/td>\n<\/tr>\n<tr>\n<td width=\"539\"><strong>Padr\u00e3o de conformidade<\/strong><\/td>\n<td width=\"539\">CAT6, Class E acc. TIA\/EIA 586B, IEC11801, EN 50173<\/td>\n<\/tr>\n<tr>\n<td width=\"539\"><strong>Classe de prote\u00e7\u00e3o<\/strong><\/td>\n<td width=\"539\">IP 65<\/td>\n<\/tr>\n<tr>\n<td width=\"539\"><strong>Varia\u00e7\u00e3o de temperatura<\/strong><\/td>\n<td width=\"539\">-10 \u00b0C bis +60 \u00b0C<\/td>\n<\/tr>\n<\/tbody>\n<\/table>\n","protected":false},"excerpt":{"rendered":"<p>C\u00f3d: 14873 Conector de cabo\/linha RJ45 CAT6 com taxa de at\u00e9 10 Gbit\/s, com corpo em metal no formato XLR linha&#8221;XX&#8221;, para cabo de 5,5mm at\u00e9 6,5mm e bitola de cabo 22 a 28 AWG. Prote\u00e7\u00e3o contra \u00e1gua categoria IP65. Caracter\u00edsticas Em conformidade com as especifica\u00e7\u00f5es CAT6 de acordo com TIA \/ EIA 568B, ISO [&#8230;]\n","protected":false},"featured_media":1389,"comment_status":"open","ping_status":"closed","template":"","meta":[],"_links":{"self":[{"href":"https:\/\/site.izzo.com.br\/neutrik\/wp-json\/wp\/v2\/product\/977"}],"collection":[{"href":"https:\/\/site.izzo.com.br\/neutrik\/wp-json\/wp\/v2\/product"}],"about":[{"href":"https:\/\/site.izzo.com.br\/neutrik\/wp-json\/wp\/v2\/types\/product"}],"replies":[{"embeddable":true,"href":"https:\/\/site.izzo.com.br\/neutrik\/wp-json\/wp\/v2\/comments?post=977"}],"wp:featuredmedia":[{"embeddable":true,"href":"https:\/\/site.izzo.com.br\/neutrik\/wp-json\/wp\/v2\/media\/1389"}],"wp:attachment":[{"href":"https:\/\/site.izzo.com.br\/neutrik\/wp-json\/wp\/v2\/media?parent=977"}],"curies":[{"name":"wp","href":"https:\/\/api.w.org\/{rel}","templated":true}]}}