{"id":979,"date":"2020-06-16T15:27:50","date_gmt":"2020-06-16T18:27:50","guid":{"rendered":"http:\/\/izzo.com.br\/TEMPSITES\/neutrik\/index.php\/product\/conector-neutrik-ne8mx-pacote-com-10-pecas\/"},"modified":"2020-06-30T17:08:09","modified_gmt":"2020-06-30T20:08:09","slug":"conector-neutrik-ne8mx","status":"publish","type":"product","link":"https:\/\/site.izzo.com.br\/neutrik\/produto\/conector-neutrik-ne8mx\/","title":{"rendered":"CONECTOR NEUTRIK NE8MX"},"content":{"rendered":"<p>C\u00f3d: 14877<\/p>\n<p>Conector de cabo\/linha RJ45, com corpo em metal, formato XLR (linha&#8221;X&#8221;), para cabo com bitola de 4,5mm at\u00e9 8mm. (N\u00e3o acompanha o miolo RJ45, mas \u00e9 compat\u00edvel com v\u00e1rios modelos que existem no mercado), permite a montagem de cabos RJ45 convencionais pr\u00e9 montados. ATEN\u00c7\u00c3O: N\u00e3o interage com os conectores de painel CAT6: NE8FDY-C6 e NE8FDY-C6-B.<\/p>\n<h2><strong>Caracter\u00edsticas<\/strong><\/h2>\n<ul>\n<li>O sistema RJ45 para ambientes agressivos e exigentes<\/li>\n<li>O suporte do conector do cabo aceita os plugues RJ45 mais comuns (consulte a lista em downloads)<\/li>\n<li>Casco fundido robusto e al\u00edvio de tens\u00e3o exclusivo do tipo bucha<\/li>\n<li>Protege as conex\u00f5es Ethernet em uma variedade de aplica\u00e7\u00f5es do tipo comercial e foi projetado para evitar a quebra dos componentes fr\u00e1geis dos conectores RJ45 padr\u00e3o<\/li>\n<li>Permite a montagem de cabos RJ45 convencionais pr\u00e9-montados<\/li>\n<li>Os acess\u00f3rios incluem botas com c\u00f3digo de cores em 9 cores padr\u00e3o<\/li>\n<\/ul>\n<h2 class=\"headline-three\"><strong>Informa\u00e7\u00f5es T\u00e9cnicas<\/strong><\/h2>\n<table style=\"height: 229px;\" width=\"583\">\n<tbody>\n<tr>\n<td width=\"539\"><span style=\"font-size: 120%; color: #00a859;\"><strong>Produto<\/strong><\/span><\/td>\n<td width=\"539\"><\/td>\n<\/tr>\n<tr>\n<td width=\"539\"><strong>T\u00edtulo<\/strong><\/td>\n<td width=\"539\">NE8MX<\/td>\n<\/tr>\n<tr>\n<td width=\"539\"><strong>G\u00eanero<\/strong><\/td>\n<td width=\"539\">macho<\/td>\n<\/tr>\n<tr>\n<td width=\"539\"><strong>IMPORTANTE<\/strong><\/td>\n<td width=\"539\">Os conectores de cabo n\u00e3o incluem o plugue RJ45. O conjunto do cabo RJ45 deve ser fornecido pelo usu\u00e1rio final!<\/td>\n<\/tr>\n<\/tbody>\n<\/table>\n<p>&nbsp;<\/p>\n<table style=\"height: 275px;\" width=\"580\">\n<tbody>\n<tr>\n<td width=\"539\"><span style=\"font-size: 120%; color: #00a859;\"><strong>Mec\u00e2nica<\/strong><\/span><\/td>\n<td width=\"539\"><\/td>\n<\/tr>\n<tr>\n<td width=\"539\"><strong>Cabo O.D.<\/strong><\/td>\n<td width=\"539\">4.5 mm &#8211; 8 mm<\/td>\n<\/tr>\n<tr>\n<td width=\"539\"><strong>For\u00e7a de inser\u00e7\u00e3o<\/strong><\/td>\n<td width=\"539\">\u2264 20 N<\/td>\n<\/tr>\n<tr>\n<td width=\"539\"><strong>For\u00e7a de retirada<\/strong><\/td>\n<td width=\"539\">\u2264 20 N<\/td>\n<\/tr>\n<tr>\n<td width=\"539\"><strong>Vida \u00fatil<\/strong><\/td>\n<td width=\"539\">&gt; 1000 ciclos<\/td>\n<\/tr>\n<\/tbody>\n<\/table>\n<p>&nbsp;<\/p>\n<table>\n<tbody>\n<tr>\n<td width=\"291\"><span style=\"font-size: 120%; color: #00a859;\"><strong>Material<\/strong><\/span><\/td>\n<td width=\"276\"><\/td>\n<\/tr>\n<tr>\n<td width=\"291\"><strong>Boot<\/strong><\/td>\n<td width=\"276\">Poliamida (PA 6)<\/td>\n<\/tr>\n<tr>\n<td width=\"291\"><strong>Carca\u00e7a<\/strong><\/td>\n<td width=\"276\">Zinco diecast (ZnAl4Cu1)<\/td>\n<\/tr>\n<tr>\n<td width=\"291\"><strong>Chapeamento<\/strong><\/td>\n<td width=\"276\">N\u00edquel<\/td>\n<\/tr>\n<tr>\n<td width=\"291\"><strong>Al\u00edvio de tens\u00e3o<\/strong><\/td>\n<td width=\"276\">Polyacetal (POM)<\/td>\n<\/tr>\n<\/tbody>\n<\/table>\n<p>&nbsp;<\/p>\n<table style=\"height: 65px;\" width=\"590\">\n<tbody>\n<tr>\n<td colspan=\"2\" width=\"302\"><span style=\"font-size: 120%; color: #00a859;\"><strong>Ambiental<\/strong><\/span><\/td>\n<td width=\"264\"><\/td>\n<\/tr>\n<tr>\n<td width=\"293\"><strong>Varia\u00e7\u00e3o de temperatura<\/strong><\/td>\n<td colspan=\"2\" width=\"274\">-30 \u00b0C at\u00e9+80 \u00b0C<\/td>\n<\/tr>\n<tr>\n<td width=\"288\"><\/td>\n<td width=\"9\"><\/td>\n<td width=\"258\"><\/td>\n<\/tr>\n<\/tbody>\n<\/table>\n<p>&nbsp;<\/p>\n","protected":false},"excerpt":{"rendered":"<p>C\u00f3d: 14877 Conector de cabo\/linha RJ45, com corpo em metal, formato XLR (linha&#8221;X&#8221;), para cabo com bitola de 4,5mm at\u00e9 8mm. (N\u00e3o acompanha o miolo RJ45, mas \u00e9 compat\u00edvel com v\u00e1rios modelos que existem no mercado), permite a montagem de cabos RJ45 convencionais pr\u00e9 montados. ATEN\u00c7\u00c3O: N\u00e3o interage com os conectores de painel CAT6: NE8FDY-C6 [&#8230;]\n","protected":false},"featured_media":1110,"comment_status":"open","ping_status":"closed","template":"","meta":[],"_links":{"self":[{"href":"https:\/\/site.izzo.com.br\/neutrik\/wp-json\/wp\/v2\/product\/979"}],"collection":[{"href":"https:\/\/site.izzo.com.br\/neutrik\/wp-json\/wp\/v2\/product"}],"about":[{"href":"https:\/\/site.izzo.com.br\/neutrik\/wp-json\/wp\/v2\/types\/product"}],"replies":[{"embeddable":true,"href":"https:\/\/site.izzo.com.br\/neutrik\/wp-json\/wp\/v2\/comments?post=979"}],"wp:featuredmedia":[{"embeddable":true,"href":"https:\/\/site.izzo.com.br\/neutrik\/wp-json\/wp\/v2\/media\/1110"}],"wp:attachment":[{"href":"https:\/\/site.izzo.com.br\/neutrik\/wp-json\/wp\/v2\/media?parent=979"}],"curies":[{"name":"wp","href":"https:\/\/api.w.org\/{rel}","templated":true}]}}