{"id":983,"date":"2020-06-16T15:27:53","date_gmt":"2020-06-16T18:27:53","guid":{"rendered":"http:\/\/izzo.com.br\/TEMPSITES\/neutrik\/index.php\/product\/conector-neutrik-nj3fc6-pacote-com-10-pecas\/"},"modified":"2020-06-30T17:13:16","modified_gmt":"2020-06-30T20:13:16","slug":"conector-neutrik-nj3fc6","status":"publish","type":"product","link":"https:\/\/site.izzo.com.br\/neutrik\/produto\/conector-neutrik-nj3fc6\/","title":{"rendered":"CONECTOR NEUTRIK NJ3FC6"},"content":{"rendered":"<p>C\u00f3d: 14844<\/p>\n<p>Conector (jack) de cabo\/linha f\u00eamea de 3 polos para plugue P10 mono ou est\u00e9reo, corpo niquelado com trava.<\/p>\n<h2><strong>Caracter\u00edsticas<\/strong><\/h2>\n<ul>\n<li>Conector de cabo de travamento seguro<\/li>\n<li>A carca\u00e7a met\u00e1lica o torna extremamente robusto e confi\u00e1vel<\/li>\n<li>Terminais de solda<\/li>\n<li>Acoplamentos com todos os plugues mono e est\u00e9reo especificados de acordo EIA RS-453 (bitola A)<\/li>\n<li>Reten\u00e7\u00e3o e inicializa\u00e7\u00e3o do cabo Neutrik como nos conectores XLR<\/li>\n<li>Boots coloridos dispon\u00edveis em 10 cores para codifica\u00e7\u00e3o e marca\u00e7\u00e3o de cores<\/li>\n<\/ul>\n<h2 class=\"headline-three\"><strong>Informa\u00e7\u00f5es T\u00e9cnicas<\/strong><\/h2>\n<table>\n<tbody>\n<tr>\n<td width=\"539\"><span style=\"font-size: 120%; color: #00a859;\"><strong>Produto<\/strong><\/span><\/td>\n<td width=\"539\"><\/td>\n<\/tr>\n<tr>\n<td width=\"539\"><strong>T\u00edtulo<\/strong><\/td>\n<td width=\"539\">NJ3FC6<\/td>\n<\/tr>\n<tr>\n<td width=\"539\"><strong>Tipo de conex\u00e3o<\/strong><\/td>\n<td width=\"539\">Jack<\/td>\n<\/tr>\n<tr>\n<td width=\"539\"><strong>G\u00eanero<\/strong><\/td>\n<td width=\"539\">f\u00eamea<\/td>\n<\/tr>\n<\/tbody>\n<\/table>\n<p>&nbsp;<\/p>\n<table>\n<tbody>\n<tr>\n<td width=\"539\"><span style=\"font-size: 120%; color: #00a859;\"><strong>El\u00e9trica<\/strong><\/span><\/td>\n<td width=\"539\"><\/td>\n<\/tr>\n<tr>\n<td width=\"539\"><strong>Resist\u00eancia de contato<\/strong><\/td>\n<td width=\"539\">&lt; 6 m\u03a9 (initial)<\/td>\n<\/tr>\n<tr>\n<td width=\"539\"><strong>Rigidez diel\u00e9trica<\/strong><\/td>\n<td width=\"539\">1 kVdc<\/td>\n<\/tr>\n<tr>\n<td width=\"539\"><strong>Resist\u00eancia de isolamento<\/strong><\/td>\n<td width=\"539\">\u2265 1 G\u03a9 @ 500 V dc<\/td>\n<\/tr>\n<tr>\n<td width=\"539\"><strong>Corrente nominal por contato<\/strong><\/td>\n<td width=\"539\">10 A<\/td>\n<\/tr>\n<\/tbody>\n<\/table>\n<p>&nbsp;<\/p>\n<table>\n<tbody>\n<tr>\n<td width=\"291\"><span style=\"font-size: 120%; color: #00a859;\"><strong>Mec\u00e2nica<\/strong><\/span><\/td>\n<td width=\"275\"><\/td>\n<\/tr>\n<tr>\n<td width=\"291\"><strong>Cabo O.D.<\/strong><\/td>\n<td width=\"275\">3.5 &#8211; 8.0 mm<\/td>\n<\/tr>\n<tr>\n<td width=\"291\"><strong>For\u00e7a de inser\u00e7\u00e3o<\/strong><\/td>\n<td width=\"275\">&lt; 30 N<\/td>\n<\/tr>\n<tr>\n<td width=\"291\"><strong>For\u00e7a de retirada<\/strong><\/td>\n<td width=\"275\">&lt; 20 N<\/td>\n<\/tr>\n<tr>\n<td width=\"291\"><strong>Vida \u00fatil<\/strong><\/td>\n<td width=\"275\">&gt; 10000 mating cycles<\/td>\n<\/tr>\n<tr>\n<td width=\"291\"><strong>For\u00e7a de travamento<\/strong><\/td>\n<td width=\"275\">&gt; 80 N<\/td>\n<\/tr>\n<tr>\n<td width=\"291\"><strong>Tamanho do cabo<\/strong><\/td>\n<td width=\"275\">1 mm\u00b2<\/td>\n<\/tr>\n<tr>\n<td width=\"291\"><strong>Tamanho do cabo<\/strong><\/td>\n<td width=\"275\">18 AWG<\/td>\n<\/tr>\n<tr>\n<td width=\"291\"><strong>Cabeamento<\/strong><\/td>\n<td width=\"275\">Contatos soldados<\/td>\n<\/tr>\n<tr>\n<td width=\"291\"><strong>Dispositivo de trava<\/strong><\/td>\n<td width=\"275\">Latch lock<\/td>\n<\/tr>\n<\/tbody>\n<\/table>\n<p>&nbsp;<\/p>\n<table style=\"height: 242px;\" width=\"1068\">\n<tbody>\n<tr>\n<td width=\"539\"><span style=\"font-size: 120%; color: #00a859;\"><strong>Material<\/strong><\/span><\/td>\n<td width=\"539\"><\/td>\n<\/tr>\n<tr>\n<td width=\"539\"><strong>Boot<\/strong><\/td>\n<td width=\"539\">Poliuretano<\/td>\n<\/tr>\n<tr>\n<td width=\"539\"><strong>Galvaniza\u00e7\u00e3o por contato<\/strong><\/td>\n<td width=\"539\">2 \u00b5m Ag<\/td>\n<\/tr>\n<tr>\n<td width=\"539\"><strong>Contatos<\/strong><\/td>\n<td width=\"539\">Brass (CuZn37) (Ground)<\/td>\n<\/tr>\n<tr>\n<td width=\"539\"><strong>Insert<\/strong><\/td>\n<td width=\"539\">Poliamida (PA 6.6 30 % GR)<\/td>\n<\/tr>\n<tr>\n<td width=\"539\"><strong>Carca\u00e7a<\/strong><\/td>\n<td width=\"539\">Zinco diecast (ZnAl4Cu1)<\/td>\n<\/tr>\n<tr>\n<td width=\"539\"><strong>Chapeamento<\/strong><\/td>\n<td width=\"539\">N\u00edquel<\/td>\n<\/tr>\n<tr>\n<td width=\"539\"><strong>Al\u00edvio de tens\u00e3o<\/strong><\/td>\n<td width=\"539\">Polyacetal (POM)<\/td>\n<\/tr>\n<\/tbody>\n<\/table>\n<p>&nbsp;<\/p>\n<table style=\"height: 125px;\" width=\"1074\">\n<tbody>\n<tr>\n<td width=\"539\"><span style=\"color: #00a859; font-size: 120%;\"><strong>Ambiental<\/strong><\/span><\/td>\n<td width=\"539\"><\/td>\n<\/tr>\n<tr>\n<td width=\"539\"><strong>Padr\u00e3o de conformidade<\/strong><\/td>\n<td width=\"539\">EIA RS 453, IEC 60603-11<\/td>\n<\/tr>\n<tr>\n<td width=\"539\"><strong>Soldabilidade<\/strong><\/td>\n<td width=\"539\">Complies with IEC 68-2-20<\/td>\n<\/tr>\n<tr>\n<td width=\"539\"><strong>Varia\u00e7\u00e3o de temperatura<\/strong><\/td>\n<td width=\"539\">-25 \u00b0C to +70 \u00b0C<\/td>\n<\/tr>\n<\/tbody>\n<\/table>\n","protected":false},"excerpt":{"rendered":"<p>C\u00f3d: 14844 Conector (jack) de cabo\/linha f\u00eamea de 3 polos para plugue P10 mono ou est\u00e9reo, corpo niquelado com trava. Caracter\u00edsticas Conector de cabo de travamento seguro A carca\u00e7a met\u00e1lica o torna extremamente robusto e confi\u00e1vel Terminais de solda Acoplamentos com todos os plugues mono e est\u00e9reo especificados de acordo EIA RS-453 (bitola A) Reten\u00e7\u00e3o [&#8230;]\n","protected":false},"featured_media":1040,"comment_status":"open","ping_status":"closed","template":"","meta":[],"_links":{"self":[{"href":"https:\/\/site.izzo.com.br\/neutrik\/wp-json\/wp\/v2\/product\/983"}],"collection":[{"href":"https:\/\/site.izzo.com.br\/neutrik\/wp-json\/wp\/v2\/product"}],"about":[{"href":"https:\/\/site.izzo.com.br\/neutrik\/wp-json\/wp\/v2\/types\/product"}],"replies":[{"embeddable":true,"href":"https:\/\/site.izzo.com.br\/neutrik\/wp-json\/wp\/v2\/comments?post=983"}],"wp:featuredmedia":[{"embeddable":true,"href":"https:\/\/site.izzo.com.br\/neutrik\/wp-json\/wp\/v2\/media\/1040"}],"wp:attachment":[{"href":"https:\/\/site.izzo.com.br\/neutrik\/wp-json\/wp\/v2\/media?parent=983"}],"curies":[{"name":"wp","href":"https:\/\/api.w.org\/{rel}","templated":true}]}}