{"id":987,"date":"2020-06-16T15:27:55","date_gmt":"2020-06-16T18:27:55","guid":{"rendered":"http:\/\/izzo.com.br\/TEMPSITES\/neutrik\/index.php\/product\/conector-neutrik-nmj6hcd2-pacote-com-100-pecas\/"},"modified":"2020-07-16T14:50:10","modified_gmt":"2020-07-16T17:50:10","slug":"conector-neutrik-nmj6hcd2","status":"publish","type":"product","link":"https:\/\/site.izzo.com.br\/neutrik\/produto\/conector-neutrik-nmj6hcd2\/","title":{"rendered":"CONECTOR NEUTRIK NMJ6HCD2"},"content":{"rendered":"<p>C\u00f3d: 14876<\/p>\n<p>Conector de painel P-10 f\u00eamea (jack) de 6 polos (est\u00e9reo), corpo em pl\u00e1stico com porca cromada e terminais PCB.<\/p>\n<h2><strong>Caracter\u00edsticas<\/strong><\/h2>\n<ul>\n<li>Corpo amplo e contatos extremamente dur\u00e1veis<\/li>\n<li>Acopla-se com todos os plugues est\u00e9reo de calibre A padr\u00e3o EIA RS-453<\/li>\n<\/ul>\n<h2 class=\"headline-three\"><strong>Informa\u00e7\u00f5es T\u00e9cnicas<\/strong><\/h2>\n<table>\n<tbody>\n<tr>\n<td width=\"539\"><span style=\"font-size: 120%; color: #00a859;\"><strong>Produto<\/strong><\/span><\/td>\n<td width=\"539\"><\/td>\n<\/tr>\n<tr>\n<td width=\"539\"><strong>T\u00edtulo<\/strong><\/td>\n<td width=\"539\">NMJ6HCD2<\/td>\n<\/tr>\n<tr>\n<td width=\"539\"><strong>Tipo de conex\u00e3o<\/strong><\/td>\n<td width=\"539\">Jack<\/td>\n<\/tr>\n<tr>\n<td width=\"539\"><strong>G\u00eanero<\/strong><\/td>\n<td width=\"539\">f\u00eamea<\/td>\n<\/tr>\n<\/tbody>\n<\/table>\n<p>&nbsp;<\/p>\n<table>\n<tbody>\n<tr>\n<td width=\"274\"><span style=\"color: #00a859; font-size: 120%;\"><strong>El\u00e9trica<\/strong><\/span><\/td>\n<td width=\"293\"><\/td>\n<\/tr>\n<tr>\n<td width=\"274\"><strong>Resist\u00eancia de contato<\/strong><\/td>\n<td width=\"293\">&lt; 15 m\u03a9<\/td>\n<\/tr>\n<tr>\n<td width=\"274\"><strong>Resist\u00eancia de contato<\/strong><\/td>\n<td width=\"293\">&lt; 30 m\u03a9<\/td>\n<\/tr>\n<tr>\n<td width=\"274\"><strong>Rigidez diel\u00e9trica<\/strong><\/td>\n<td width=\"293\">1 kVdc<\/td>\n<\/tr>\n<tr>\n<td width=\"274\"><strong>Resist\u00eancia de isolamento<\/strong><\/td>\n<td width=\"293\">\u2265 1 G\u03a9 @ 500 V dc<\/td>\n<\/tr>\n<tr>\n<td width=\"274\"><strong>Corrente nominal por contato<\/strong><\/td>\n<td width=\"293\">3 A<\/td>\n<\/tr>\n<tr>\n<td width=\"274\"><strong>Corrente nominal por contato<\/strong><\/td>\n<td width=\"293\">0,50 A @ 50 V (alternar contato)<\/td>\n<\/tr>\n<tr>\n<td width=\"274\"><strong>Alternador de contatos<\/strong><\/td>\n<td width=\"293\">3<\/td>\n<\/tr>\n<\/tbody>\n<\/table>\n<p>&nbsp;<\/p>\n<table>\n<tbody>\n<tr>\n<td width=\"274\"><span style=\"color: #00a859; font-size: 120%;\"><strong>Mec\u00e2nica<\/strong><\/span><\/td>\n<td width=\"293\"><\/td>\n<\/tr>\n<tr>\n<td width=\"274\"><strong>For\u00e7a de inser\u00e7\u00e3o<\/strong><\/td>\n<td width=\"293\">&lt; 30 N<\/td>\n<\/tr>\n<tr>\n<td width=\"274\"><strong>Forla de retirada<\/strong><\/td>\n<td width=\"293\">&gt; 10 N<\/td>\n<\/tr>\n<tr>\n<td width=\"274\"><strong>Vida \u00fatil<\/strong><\/td>\n<td width=\"293\">&gt; 10000 ciclos<\/td>\n<\/tr>\n<tr>\n<td width=\"274\"><strong>Espessura do painel<\/strong><\/td>\n<td width=\"293\">&lt; 4.7 mm<\/td>\n<\/tr>\n<tr>\n<td width=\"274\"><strong>Tamanho do cabo<\/strong><\/td>\n<td width=\"293\"><\/td>\n<\/tr>\n<tr>\n<td width=\"274\"><strong>Cabeamento<\/strong><\/td>\n<td width=\"293\">PCB montagem horizontal<\/td>\n<\/tr>\n<tr>\n<td width=\"274\"><strong>Dispositivo de trava<\/strong><\/td>\n<td width=\"293\">Mola<\/td>\n<\/tr>\n<tr>\n<td width=\"274\"><strong>Dire\u00e7\u00e3o de montagem<\/strong><\/td>\n<td width=\"293\">Montagem traseira<\/td>\n<\/tr>\n<tr>\n<td width=\"274\"><strong>Formato de chassi<\/strong><\/td>\n<td width=\"293\">11.4 mm<\/td>\n<\/tr>\n<\/tbody>\n<\/table>\n<p>&nbsp;<\/p>\n<table>\n<tbody>\n<tr>\n<td width=\"302\"><span style=\"color: #00a859; font-size: 120%;\"><strong>Material<\/strong><\/span><\/td>\n<td width=\"265\"><\/td>\n<\/tr>\n<tr>\n<td width=\"302\"><strong>Cap \/ Nut \/ Washer<\/strong><\/td>\n<td width=\"265\">PA 6.6 15% GR<\/td>\n<\/tr>\n<tr>\n<td width=\"302\"><strong>Galvaniza\u00e7\u00e3o por contato<\/strong><\/td>\n<td width=\"265\">2 \u00b5m Ag<\/td>\n<\/tr>\n<tr>\n<td width=\"302\"><strong>Contatos<\/strong><\/td>\n<td width=\"265\">Bronze (CuSn6)<\/td>\n<\/tr>\n<tr>\n<td width=\"302\"><strong>Carca\u00e7a<\/strong><\/td>\n<td width=\"265\">Poliamida (PA 6.6 15 % GR)<\/td>\n<\/tr>\n<\/tbody>\n<\/table>\n<p>&nbsp;<\/p>\n<table>\n<tbody>\n<tr>\n<td width=\"302\"><span style=\"color: #00a859; font-size: 120%;\"><strong>Ambiental<\/strong><\/span><\/td>\n<td width=\"265\"><\/td>\n<\/tr>\n<tr>\n<td width=\"302\"><strong>Padr\u00e3o de conformidade<\/strong><\/td>\n<td width=\"265\">EIA RS 453, IEC 60603-11<\/td>\n<\/tr>\n<tr>\n<td width=\"302\"><strong>Soldabilidade<\/strong><\/td>\n<td width=\"265\">Cumpre com IEC 68-2-20<\/td>\n<\/tr>\n<tr>\n<td width=\"302\"><strong>Varia\u00e7\u00e3o de temperatura<\/strong><\/td>\n<td width=\"265\">-25 \u00b0C to +70 \u00b0C<\/td>\n<\/tr>\n<\/tbody>\n<\/table>\n<p>&nbsp;<\/p>\n","protected":false},"excerpt":{"rendered":"<p>C\u00f3d: 14876 Conector de painel P-10 f\u00eamea (jack) de 6 polos (est\u00e9reo), corpo em pl\u00e1stico com porca cromada e terminais PCB. Caracter\u00edsticas Corpo amplo e contatos extremamente dur\u00e1veis Acopla-se com todos os plugues est\u00e9reo de calibre A padr\u00e3o EIA RS-453 Informa\u00e7\u00f5es T\u00e9cnicas Produto T\u00edtulo NMJ6HCD2 Tipo de conex\u00e3o Jack G\u00eanero f\u00eamea &nbsp; El\u00e9trica Resist\u00eancia de [&#8230;]\n","protected":false},"featured_media":1386,"comment_status":"open","ping_status":"closed","template":"","meta":[],"_links":{"self":[{"href":"https:\/\/site.izzo.com.br\/neutrik\/wp-json\/wp\/v2\/product\/987"}],"collection":[{"href":"https:\/\/site.izzo.com.br\/neutrik\/wp-json\/wp\/v2\/product"}],"about":[{"href":"https:\/\/site.izzo.com.br\/neutrik\/wp-json\/wp\/v2\/types\/product"}],"replies":[{"embeddable":true,"href":"https:\/\/site.izzo.com.br\/neutrik\/wp-json\/wp\/v2\/comments?post=987"}],"wp:featuredmedia":[{"embeddable":true,"href":"https:\/\/site.izzo.com.br\/neutrik\/wp-json\/wp\/v2\/media\/1386"}],"wp:attachment":[{"href":"https:\/\/site.izzo.com.br\/neutrik\/wp-json\/wp\/v2\/media?parent=987"}],"curies":[{"name":"wp","href":"https:\/\/api.w.org\/{rel}","templated":true}]}}