{"id":15232,"date":"2020-09-16T15:17:40","date_gmt":"2020-09-16T18:17:40","guid":{"rendered":"https:\/\/izzo.com.br\/rean-conectores\/index.php\/product\/conector-rean-rf2c-au-2\/"},"modified":"2020-11-26T15:00:11","modified_gmt":"2020-11-26T18:00:11","slug":"conector-rean-rf2c-au-2","status":"publish","type":"product","link":"https:\/\/site.izzo.com.br\/rean-conectores\/produto\/conector-rean-rf2c-au-2\/","title":{"rendered":"CONECTOR REAN RF2C-AU-2"},"content":{"rendered":"<p><strong>C\u00f3d. Izzo: 14926<\/strong><\/p>\n<p>Conector RCA macho de cabo com 2 p\u00f3los com corpo em n\u00edquel. Contatos banhados a ouro e capa de acabamento na cor vermelha. (conectores desmontados e embalados individualmente).<br \/>\nCom a marca REAN, fornecedora l\u00edder mundial de conectores de \u00e1udio e v\u00eddeo profissionais &#8211; Neutrik AG- atuando no mercado mundial de conectores de \u00e1udio e v\u00eddeo profissional oferecendo uma gama de produtos interessantes. Com custo-benef\u00edcio excelente, design atraente e funcionalidade confi\u00e1vel, fazendo desses os pontos fortes dos conectores REAN.<\/p>\n<p>Caracter\u00edsticas<br \/>\n\u2022 Conector RCA macho de cabo<br \/>\n\u2022 2 p\u00f3los<br \/>\n\u2022 Corpo em n\u00edquel<br \/>\n\u2022 Contatos banhados a ouro<br \/>\n\u2022 Acabamento na cor vermelha<br \/>\n\u2022 Dimens\u00f5es (AxLxP): 5,50 x 0,70 x 0,70 cm<br \/>\n\u2022 Peso: 10g<\/p>\n","protected":false},"excerpt":{"rendered":"<p>C\u00f3d. Izzo: 14926 Conector RCA macho de cabo com 2 p\u00f3los com corpo em n\u00edquel. Contatos banhados a ouro e capa de acabamento na cor vermelha. (conectores desmontados e embalados individualmente). Com a marca REAN, fornecedora l\u00edder mundial de conectores de \u00e1udio e v\u00eddeo profissionais &#8211; Neutrik AG- atuando no mercado mundial de conectores de [&#8230;]\n","protected":false},"featured_media":15289,"comment_status":"open","ping_status":"closed","template":"","meta":[],"_links":{"self":[{"href":"https:\/\/site.izzo.com.br\/rean-conectores\/wp-json\/wp\/v2\/product\/15232"}],"collection":[{"href":"https:\/\/site.izzo.com.br\/rean-conectores\/wp-json\/wp\/v2\/product"}],"about":[{"href":"https:\/\/site.izzo.com.br\/rean-conectores\/wp-json\/wp\/v2\/types\/product"}],"replies":[{"embeddable":true,"href":"https:\/\/site.izzo.com.br\/rean-conectores\/wp-json\/wp\/v2\/comments?post=15232"}],"wp:featuredmedia":[{"embeddable":true,"href":"https:\/\/site.izzo.com.br\/rean-conectores\/wp-json\/wp\/v2\/media\/15289"}],"wp:attachment":[{"href":"https:\/\/site.izzo.com.br\/rean-conectores\/wp-json\/wp\/v2\/media?parent=15232"}],"curies":[{"name":"wp","href":"https:\/\/api.w.org\/{rel}","templated":true}]}}