{"id":15234,"date":"2020-09-16T15:17:40","date_gmt":"2020-09-16T18:17:40","guid":{"rendered":"https:\/\/izzo.com.br\/rean-conectores\/index.php\/product\/conector-rean-rtp3c\/"},"modified":"2020-11-26T15:00:43","modified_gmt":"2020-11-26T18:00:43","slug":"conector-rean-rtp3c","status":"publish","type":"product","link":"https:\/\/site.izzo.com.br\/rean-conectores\/produto\/conector-rean-rtp3c\/","title":{"rendered":"CONECTOR REAN RTP3C"},"content":{"rendered":"<p><strong>C\u00f3d. Izzo: 14927<\/strong><\/p>\n<p>Conector P2 macho de cabo com 3 p\u00f3los (est\u00e9reo) e corpo em n\u00edquel, contatos tamb\u00e9m em n\u00edquel.<br \/>\nA marca REAN, fornecedora l\u00edder mundial de conectores de \u00e1udio e v\u00eddeo profissionais &#8211; Neutrik AG- atuando no mercado mundial de conectores de \u00e1udio e v\u00eddeo profissional oferecendo uma gama de produtos interessantes. Com custo-benef\u00edcio excelente, design atraente e funcionalidade confi\u00e1vel, fazendo desses os pontos fortes dos conectores REAN.<\/p>\n<p>Caracter\u00edsticas<br \/>\n\u2022 Conector P2 macho de cabo<br \/>\n\u2022 3 P\u00f3los (est\u00e9reo)<br \/>\n\u2022 Corpo em n\u00edquel<br \/>\n\u2022 Contatos em n\u00edquel<br \/>\n\u2022 Dimens\u00f5es (AxLxP): 4,70 x 10 x 1 cm<br \/>\n\u2022 Peso: 20g<\/p>\n","protected":false},"excerpt":{"rendered":"<p>C\u00f3d. Izzo: 14927 Conector P2 macho de cabo com 3 p\u00f3los (est\u00e9reo) e corpo em n\u00edquel, contatos tamb\u00e9m em n\u00edquel. A marca REAN, fornecedora l\u00edder mundial de conectores de \u00e1udio e v\u00eddeo profissionais &#8211; Neutrik AG- atuando no mercado mundial de conectores de \u00e1udio e v\u00eddeo profissional oferecendo uma gama de produtos interessantes. Com custo-benef\u00edcio [&#8230;]\n","protected":false},"featured_media":15294,"comment_status":"open","ping_status":"closed","template":"","meta":[],"_links":{"self":[{"href":"https:\/\/site.izzo.com.br\/rean-conectores\/wp-json\/wp\/v2\/product\/15234"}],"collection":[{"href":"https:\/\/site.izzo.com.br\/rean-conectores\/wp-json\/wp\/v2\/product"}],"about":[{"href":"https:\/\/site.izzo.com.br\/rean-conectores\/wp-json\/wp\/v2\/types\/product"}],"replies":[{"embeddable":true,"href":"https:\/\/site.izzo.com.br\/rean-conectores\/wp-json\/wp\/v2\/comments?post=15234"}],"wp:featuredmedia":[{"embeddable":true,"href":"https:\/\/site.izzo.com.br\/rean-conectores\/wp-json\/wp\/v2\/media\/15294"}],"wp:attachment":[{"href":"https:\/\/site.izzo.com.br\/rean-conectores\/wp-json\/wp\/v2\/media?parent=15234"}],"curies":[{"name":"wp","href":"https:\/\/api.w.org\/{rel}","templated":true}]}}