{"id":15318,"date":"2021-03-23T08:27:40","date_gmt":"2021-03-23T11:27:40","guid":{"rendered":"https:\/\/izzo.com.br\/rean-conectores\/?post_type=product&#038;p=15318"},"modified":"2021-03-23T08:48:09","modified_gmt":"2021-03-23T11:48:09","slug":"conector-p10-mono-blindado-nickel-nys225s-rean","status":"publish","type":"product","link":"https:\/\/site.izzo.com.br\/rean-conectores\/produto\/conector-p10-mono-blindado-nickel-nys225s-rean\/","title":{"rendered":"CONECTOR REAN NYS225S"},"content":{"rendered":"<p><strong>C\u00f3d. Izzo: 14952<\/strong><\/p>\n<p>Plug mono de 2 polos com suporte anti-tor\u00e7\u00e3o e al\u00e7a de metal para cabos de alto-falante.<\/p>\n","protected":false},"excerpt":{"rendered":"<p>C\u00f3d. Izzo: 14952 Plug mono de 2 polos com suporte anti-tor\u00e7\u00e3o e al\u00e7a de metal para cabos de alto-falante.<\/p>\n","protected":false},"featured_media":15319,"comment_status":"open","ping_status":"closed","template":"","meta":[],"_links":{"self":[{"href":"https:\/\/site.izzo.com.br\/rean-conectores\/wp-json\/wp\/v2\/product\/15318"}],"collection":[{"href":"https:\/\/site.izzo.com.br\/rean-conectores\/wp-json\/wp\/v2\/product"}],"about":[{"href":"https:\/\/site.izzo.com.br\/rean-conectores\/wp-json\/wp\/v2\/types\/product"}],"replies":[{"embeddable":true,"href":"https:\/\/site.izzo.com.br\/rean-conectores\/wp-json\/wp\/v2\/comments?post=15318"}],"wp:featuredmedia":[{"embeddable":true,"href":"https:\/\/site.izzo.com.br\/rean-conectores\/wp-json\/wp\/v2\/media\/15319"}],"wp:attachment":[{"href":"https:\/\/site.izzo.com.br\/rean-conectores\/wp-json\/wp\/v2\/media?parent=15318"}],"curies":[{"name":"wp","href":"https:\/\/api.w.org\/{rel}","templated":true}]}}